{"id":737080,"date":"2025-03-03T16:35:08","date_gmt":"2025-03-03T15:35:08","guid":{"rendered":"https:\/\/stoic-curie.212-227-153-4.plesk.page\/producto\/segelhose-helly-hansen-oxford-schwarz-groesse-52\/"},"modified":"2026-02-24T23:35:11","modified_gmt":"2026-02-24T23:35:11","slug":"segelhose-helly-hansen-oxford-schwarz-groesse-52","status":"publish","type":"product","link":"https:\/\/stoic-curie.212-227-153-4.plesk.page\/de\/product\/segelhose-helly-hansen-oxford-schwarz-groesse-52\/","title":{"rendered":"Segelhose Helly Hansen Oxford Schwarz ( Gr\u00f6\u00dfe 52)"},"content":{"rendered":"<p>Segelhose Helly Hansen Oxford Schwarz ( Gr\u00f6\u00dfe 52) &#8211; <\/p>\n<p>Die Helly Hansen Oxford Latzhose mit elastischen Tr\u00e4gern und 4-Wege-Stretch an den Seiten ist die perfekte Wahl, wenn Komfort und Langlebigkeit gefragt sind. Sie verf\u00fcgt \u00fcber eine Brusttasche mit Rei\u00dfverschluss, ein elastisches Element in der Taille f\u00fcr eine perfekte Passform und Bewegungsfreiheit, breite G\u00fcrtelschlaufen, Ges\u00e4\u00dftaschen, eine Oberschenkel-Tasche mit Rei\u00dfverschluss, verst\u00e4rktes Gewebe an den Knien und am Saum, Kniepolstertaschen, die von innen zug\u00e4nglich sind, und die M\u00f6glichkeit, die Beinl\u00e4nge um 5 cm zu verl\u00e4ngern.<\/p>\n","protected":false},"excerpt":{"rendered":"<p>Segelhose Helly Hansen Oxford Schwarz ( Gr\u00f6\u00dfe 52) &#8211; Die Helly Hansen Oxford Latzhose mit elastischen Tr\u00e4gern und 4-Wege-Stretch an<\/p>\n","protected":false},"featured_media":5945640,"comment_status":"open","ping_status":"closed","template":"","meta":[],"product_brand":[3000],"product_cat":[1570],"product_tag":[],"class_list":{"0":"post-737080","1":"product","2":"type-product","3":"status-publish","4":"has-post-thumbnail","6":"product_brand-helly-hansen-de","7":"product_cat-nautische-bekleidung-helly-hansen","9":"first","10":"instock","11":"shipping-taxable","12":"purchasable","13":"product-type-simple"},"_links":{"self":[{"href":"https:\/\/stoic-curie.212-227-153-4.plesk.page\/de\/wp-json\/wp\/v2\/product\/737080","targetHints":{"allow":["GET"]}}],"collection":[{"href":"https:\/\/stoic-curie.212-227-153-4.plesk.page\/de\/wp-json\/wp\/v2\/product"}],"about":[{"href":"https:\/\/stoic-curie.212-227-153-4.plesk.page\/de\/wp-json\/wp\/v2\/types\/product"}],"replies":[{"embeddable":true,"href":"https:\/\/stoic-curie.212-227-153-4.plesk.page\/de\/wp-json\/wp\/v2\/comments?post=737080"}],"version-history":[{"count":0,"href":"https:\/\/stoic-curie.212-227-153-4.plesk.page\/de\/wp-json\/wp\/v2\/product\/737080\/revisions"}],"wp:featuredmedia":[{"embeddable":true,"href":"https:\/\/stoic-curie.212-227-153-4.plesk.page\/de\/wp-json\/wp\/v2\/media\/5945640"}],"wp:attachment":[{"href":"https:\/\/stoic-curie.212-227-153-4.plesk.page\/de\/wp-json\/wp\/v2\/media?parent=737080"}],"wp:term":[{"taxonomy":"product_brand","embeddable":true,"href":"https:\/\/stoic-curie.212-227-153-4.plesk.page\/de\/wp-json\/wp\/v2\/product_brand?post=737080"},{"taxonomy":"product_cat","embeddable":true,"href":"https:\/\/stoic-curie.212-227-153-4.plesk.page\/de\/wp-json\/wp\/v2\/product_cat?post=737080"},{"taxonomy":"product_tag","embeddable":true,"href":"https:\/\/stoic-curie.212-227-153-4.plesk.page\/de\/wp-json\/wp\/v2\/product_tag?post=737080"}],"curies":[{"name":"wp","href":"https:\/\/api.w.org\/{rel}","templated":true}]}}