{"id":737082,"date":"2025-03-03T16:35:09","date_gmt":"2025-03-03T15:35:09","guid":{"rendered":"https:\/\/stoic-curie.212-227-153-4.plesk.page\/producto\/leichte-fleecejacke-helly-hansen-oxford-blau-groesse-xxl\/"},"modified":"2026-02-24T23:35:11","modified_gmt":"2026-02-24T23:35:11","slug":"leichte-fleecejacke-helly-hansen-oxford-blau-groesse-xxl","status":"publish","type":"product","link":"https:\/\/stoic-curie.212-227-153-4.plesk.page\/de\/product\/leichte-fleecejacke-helly-hansen-oxford-blau-groesse-xxl\/","title":{"rendered":"Leichte Fleecejacke Helly Hansen Oxford Blau (Gr\u00f6\u00dfe XXL)"},"content":{"rendered":"<p>Leichte Fleecejacke Helly Hansen Oxford Blau (Gr\u00f6\u00dfe XXL) &#8211; <\/p>\n<p>Die Helly Hansen Oxford Light Fleece Jacke ist perfekt f\u00fcr das Tragen an leicht k\u00fchleren Tagen. Sie besteht aus recyceltem Polartec\u00c2\u00ae Fleece, was sie zu einer gro\u00dfartigen Wahl f\u00fcr dich und die Umwelt macht. Mit dem doppellagigen Stoff im Kragen, einem Rei\u00dfverschluss in der Brust- und Handtaschen sowie der Flatlock-Naht bietet sie zus\u00e4tzlichen Komfort.<\/p>\n","protected":false},"excerpt":{"rendered":"<p>Leichte Fleecejacke Helly Hansen Oxford Blau (Gr\u00f6\u00dfe XXL) &#8211; Die Helly Hansen Oxford Light Fleece Jacke ist perfekt f\u00fcr das<\/p>\n","protected":false},"featured_media":5945646,"comment_status":"open","ping_status":"closed","template":"","meta":[],"product_brand":[3000],"product_cat":[1570],"product_tag":[],"class_list":{"0":"post-737082","1":"product","2":"type-product","3":"status-publish","4":"has-post-thumbnail","6":"product_brand-helly-hansen-de","7":"product_cat-nautische-bekleidung-helly-hansen","9":"first","10":"instock","11":"shipping-taxable","12":"purchasable","13":"product-type-simple"},"_links":{"self":[{"href":"https:\/\/stoic-curie.212-227-153-4.plesk.page\/de\/wp-json\/wp\/v2\/product\/737082","targetHints":{"allow":["GET"]}}],"collection":[{"href":"https:\/\/stoic-curie.212-227-153-4.plesk.page\/de\/wp-json\/wp\/v2\/product"}],"about":[{"href":"https:\/\/stoic-curie.212-227-153-4.plesk.page\/de\/wp-json\/wp\/v2\/types\/product"}],"replies":[{"embeddable":true,"href":"https:\/\/stoic-curie.212-227-153-4.plesk.page\/de\/wp-json\/wp\/v2\/comments?post=737082"}],"version-history":[{"count":0,"href":"https:\/\/stoic-curie.212-227-153-4.plesk.page\/de\/wp-json\/wp\/v2\/product\/737082\/revisions"}],"wp:featuredmedia":[{"embeddable":true,"href":"https:\/\/stoic-curie.212-227-153-4.plesk.page\/de\/wp-json\/wp\/v2\/media\/5945646"}],"wp:attachment":[{"href":"https:\/\/stoic-curie.212-227-153-4.plesk.page\/de\/wp-json\/wp\/v2\/media?parent=737082"}],"wp:term":[{"taxonomy":"product_brand","embeddable":true,"href":"https:\/\/stoic-curie.212-227-153-4.plesk.page\/de\/wp-json\/wp\/v2\/product_brand?post=737082"},{"taxonomy":"product_cat","embeddable":true,"href":"https:\/\/stoic-curie.212-227-153-4.plesk.page\/de\/wp-json\/wp\/v2\/product_cat?post=737082"},{"taxonomy":"product_tag","embeddable":true,"href":"https:\/\/stoic-curie.212-227-153-4.plesk.page\/de\/wp-json\/wp\/v2\/product_tag?post=737082"}],"curies":[{"name":"wp","href":"https:\/\/api.w.org\/{rel}","templated":true}]}}