{"id":737083,"date":"2025-03-03T16:35:09","date_gmt":"2025-03-03T15:35:09","guid":{"rendered":"https:\/\/stoic-curie.212-227-153-4.plesk.page\/producto\/leichte-fleecejacke-helly-hansen-oxford-schwarz-groesse-xxl\/"},"modified":"2026-02-24T23:35:11","modified_gmt":"2026-02-24T23:35:11","slug":"leichte-fleecejacke-helly-hansen-oxford-schwarz-groesse-xxl","status":"publish","type":"product","link":"https:\/\/stoic-curie.212-227-153-4.plesk.page\/de\/product\/leichte-fleecejacke-helly-hansen-oxford-schwarz-groesse-xxl\/","title":{"rendered":"Leichte Fleecejacke Helly Hansen Oxford Schwarz (Gr\u00f6\u00dfe XXL)"},"content":{"rendered":"<p>Leichte Fleecejacke Helly Hansen Oxford Schwarz (Gr\u00f6\u00dfe XXL) &#8211; <\/p>\n<p>Die Helly Hansen Oxford Light Fleece-Jacke ist perfekt zum Tragen an etwas k\u00fchleren Tagen. Sie besteht aus Polartec\u00c2\u00ae-recyceltem Fleece-Material und ist eine ausgezeichnete Wahl f\u00fcr Sie und die Umwelt. Mit doppeltem Stoff im Kragen, Rei\u00dfverschluss-Brusttaschen und Handtaschen sowie Flachn\u00e4hte f\u00fcr zus\u00e4tzlichen Komfort.<\/p>\n","protected":false},"excerpt":{"rendered":"<p>Leichte Fleecejacke Helly Hansen Oxford Schwarz (Gr\u00f6\u00dfe XXL) &#8211; Die Helly Hansen Oxford Light Fleece-Jacke ist perfekt zum Tragen an<\/p>\n","protected":false},"featured_media":5945646,"comment_status":"open","ping_status":"closed","template":"","meta":[],"product_brand":[3000],"product_cat":[1570],"product_tag":[],"class_list":{"0":"post-737083","1":"product","2":"type-product","3":"status-publish","4":"has-post-thumbnail","6":"product_brand-helly-hansen-de","7":"product_cat-nautische-bekleidung-helly-hansen","9":"first","10":"instock","11":"shipping-taxable","12":"purchasable","13":"product-type-simple"},"_links":{"self":[{"href":"https:\/\/stoic-curie.212-227-153-4.plesk.page\/de\/wp-json\/wp\/v2\/product\/737083","targetHints":{"allow":["GET"]}}],"collection":[{"href":"https:\/\/stoic-curie.212-227-153-4.plesk.page\/de\/wp-json\/wp\/v2\/product"}],"about":[{"href":"https:\/\/stoic-curie.212-227-153-4.plesk.page\/de\/wp-json\/wp\/v2\/types\/product"}],"replies":[{"embeddable":true,"href":"https:\/\/stoic-curie.212-227-153-4.plesk.page\/de\/wp-json\/wp\/v2\/comments?post=737083"}],"version-history":[{"count":0,"href":"https:\/\/stoic-curie.212-227-153-4.plesk.page\/de\/wp-json\/wp\/v2\/product\/737083\/revisions"}],"wp:featuredmedia":[{"embeddable":true,"href":"https:\/\/stoic-curie.212-227-153-4.plesk.page\/de\/wp-json\/wp\/v2\/media\/5945646"}],"wp:attachment":[{"href":"https:\/\/stoic-curie.212-227-153-4.plesk.page\/de\/wp-json\/wp\/v2\/media?parent=737083"}],"wp:term":[{"taxonomy":"product_brand","embeddable":true,"href":"https:\/\/stoic-curie.212-227-153-4.plesk.page\/de\/wp-json\/wp\/v2\/product_brand?post=737083"},{"taxonomy":"product_cat","embeddable":true,"href":"https:\/\/stoic-curie.212-227-153-4.plesk.page\/de\/wp-json\/wp\/v2\/product_cat?post=737083"},{"taxonomy":"product_tag","embeddable":true,"href":"https:\/\/stoic-curie.212-227-153-4.plesk.page\/de\/wp-json\/wp\/v2\/product_tag?post=737083"}],"curies":[{"name":"wp","href":"https:\/\/api.w.org\/{rel}","templated":true}]}}