{"id":737089,"date":"2025-03-03T16:35:10","date_gmt":"2025-03-03T15:35:10","guid":{"rendered":"https:\/\/stoic-curie.212-227-153-4.plesk.page\/producto\/wasserdichte-tasche-helly-hansen-scout-seesack-schwarz-90l\/"},"modified":"2026-02-24T23:35:11","modified_gmt":"2026-02-24T23:35:11","slug":"wasserdichte-tasche-helly-hansen-scout-seesack-schwarz-90l","status":"publish","type":"product","link":"https:\/\/stoic-curie.212-227-153-4.plesk.page\/de\/product\/wasserdichte-tasche-helly-hansen-scout-seesack-schwarz-90l\/","title":{"rendered":"Wasserdichte Tasche Helly Hansen Scout Seesack Schwarz 90l"},"content":{"rendered":"<p>Wasserdichte Tasche Helly Hansen Scout Seesack Schwarz 90l &#8211; <\/p>\n<p>Robustes wasserdichtes Hauptmaterial der Helly Hansen Scout Duffel mit einem weiten Hauptrei\u00dfverschluss-Compartment, einem externen Fach mit Rei\u00dfverschluss, gepolsterten Schultergurten mit Tragegriff, strapazierf\u00e4higen, gepolsterten Griffen an jeder Seite und einer Innentasche unter dem oberen Deckel.<\/p>\n","protected":false},"excerpt":{"rendered":"<p>Wasserdichte Tasche Helly Hansen Scout Seesack Schwarz 90l &#8211; Robustes wasserdichtes Hauptmaterial der Helly Hansen Scout Duffel mit einem weiten<\/p>\n","protected":false},"featured_media":5944583,"comment_status":"open","ping_status":"closed","template":"","meta":[],"product_brand":[3000],"product_cat":[1570,1568],"product_tag":[],"class_list":{"0":"post-737089","1":"product","2":"type-product","3":"status-publish","4":"has-post-thumbnail","6":"product_brand-helly-hansen-de","7":"product_cat-nautische-bekleidung-helly-hansen","8":"product_cat-trockensaecke","10":"first","11":"instock","12":"shipping-taxable","13":"purchasable","14":"product-type-simple"},"_links":{"self":[{"href":"https:\/\/stoic-curie.212-227-153-4.plesk.page\/de\/wp-json\/wp\/v2\/product\/737089","targetHints":{"allow":["GET"]}}],"collection":[{"href":"https:\/\/stoic-curie.212-227-153-4.plesk.page\/de\/wp-json\/wp\/v2\/product"}],"about":[{"href":"https:\/\/stoic-curie.212-227-153-4.plesk.page\/de\/wp-json\/wp\/v2\/types\/product"}],"replies":[{"embeddable":true,"href":"https:\/\/stoic-curie.212-227-153-4.plesk.page\/de\/wp-json\/wp\/v2\/comments?post=737089"}],"version-history":[{"count":0,"href":"https:\/\/stoic-curie.212-227-153-4.plesk.page\/de\/wp-json\/wp\/v2\/product\/737089\/revisions"}],"wp:featuredmedia":[{"embeddable":true,"href":"https:\/\/stoic-curie.212-227-153-4.plesk.page\/de\/wp-json\/wp\/v2\/media\/5944583"}],"wp:attachment":[{"href":"https:\/\/stoic-curie.212-227-153-4.plesk.page\/de\/wp-json\/wp\/v2\/media?parent=737089"}],"wp:term":[{"taxonomy":"product_brand","embeddable":true,"href":"https:\/\/stoic-curie.212-227-153-4.plesk.page\/de\/wp-json\/wp\/v2\/product_brand?post=737089"},{"taxonomy":"product_cat","embeddable":true,"href":"https:\/\/stoic-curie.212-227-153-4.plesk.page\/de\/wp-json\/wp\/v2\/product_cat?post=737089"},{"taxonomy":"product_tag","embeddable":true,"href":"https:\/\/stoic-curie.212-227-153-4.plesk.page\/de\/wp-json\/wp\/v2\/product_tag?post=737089"}],"curies":[{"name":"wp","href":"https:\/\/api.w.org\/{rel}","templated":true}]}}