{"id":737101,"date":"2025-03-03T16:35:13","date_gmt":"2025-03-03T15:35:13","guid":{"rendered":"https:\/\/stoic-curie.212-227-153-4.plesk.page\/producto\/nautical-schuhe-orca-bay-sandusky-frau-blau-groesse-40\/"},"modified":"2026-02-24T23:35:11","modified_gmt":"2026-02-24T23:35:11","slug":"nautical-schuhe-orca-bay-sandusky-frau-blau-groesse-40","status":"publish","type":"product","link":"https:\/\/stoic-curie.212-227-153-4.plesk.page\/de\/product\/nautical-schuhe-orca-bay-sandusky-frau-blau-groesse-40\/","title":{"rendered":"Nautical Schuhe Orca Bay Sandusky Frau Blau (Gr\u00f6\u00dfe 40)"},"content":{"rendered":"<p>Nautical Schuhe Orca Bay Sandusky Frau Blau (Gr\u00f6\u00dfe 40) &#8211; <\/p>\n<p>Maschinenwaschbare, marineblaue Leder-Mokassins f\u00fcr Damen von Sandusky. Rutschfeste, nicht abf\u00e4rbende wei\u00dfe Gummisohle. Rohleder-Schn\u00fcrung, rostfreie \u00d6sen und mit EVA gepolstertem Fersenbereich.<\/p>\n","protected":false},"excerpt":{"rendered":"<p>Nautical Schuhe Orca Bay Sandusky Frau Blau (Gr\u00f6\u00dfe 40) &#8211; Maschinenwaschbare, marineblaue Leder-Mokassins f\u00fcr Damen von Sandusky. Rutschfeste, nicht abf\u00e4rbende<\/p>\n","protected":false},"featured_media":5945658,"comment_status":"open","ping_status":"closed","template":"","meta":[],"product_brand":[3230],"product_cat":[1573],"product_tag":[],"class_list":{"0":"post-737101","1":"product","2":"type-product","3":"status-publish","4":"has-post-thumbnail","6":"product_brand-orca-bay-de","7":"product_cat-nautische-schuhe","9":"first","10":"instock","11":"shipping-taxable","12":"purchasable","13":"product-type-simple"},"_links":{"self":[{"href":"https:\/\/stoic-curie.212-227-153-4.plesk.page\/de\/wp-json\/wp\/v2\/product\/737101","targetHints":{"allow":["GET"]}}],"collection":[{"href":"https:\/\/stoic-curie.212-227-153-4.plesk.page\/de\/wp-json\/wp\/v2\/product"}],"about":[{"href":"https:\/\/stoic-curie.212-227-153-4.plesk.page\/de\/wp-json\/wp\/v2\/types\/product"}],"replies":[{"embeddable":true,"href":"https:\/\/stoic-curie.212-227-153-4.plesk.page\/de\/wp-json\/wp\/v2\/comments?post=737101"}],"version-history":[{"count":0,"href":"https:\/\/stoic-curie.212-227-153-4.plesk.page\/de\/wp-json\/wp\/v2\/product\/737101\/revisions"}],"wp:featuredmedia":[{"embeddable":true,"href":"https:\/\/stoic-curie.212-227-153-4.plesk.page\/de\/wp-json\/wp\/v2\/media\/5945658"}],"wp:attachment":[{"href":"https:\/\/stoic-curie.212-227-153-4.plesk.page\/de\/wp-json\/wp\/v2\/media?parent=737101"}],"wp:term":[{"taxonomy":"product_brand","embeddable":true,"href":"https:\/\/stoic-curie.212-227-153-4.plesk.page\/de\/wp-json\/wp\/v2\/product_brand?post=737101"},{"taxonomy":"product_cat","embeddable":true,"href":"https:\/\/stoic-curie.212-227-153-4.plesk.page\/de\/wp-json\/wp\/v2\/product_cat?post=737101"},{"taxonomy":"product_tag","embeddable":true,"href":"https:\/\/stoic-curie.212-227-153-4.plesk.page\/de\/wp-json\/wp\/v2\/product_tag?post=737101"}],"curies":[{"name":"wp","href":"https:\/\/api.w.org\/{rel}","templated":true}]}}