{"id":737128,"date":"2025-03-03T16:35:18","date_gmt":"2025-03-03T15:35:18","guid":{"rendered":"https:\/\/stoic-curie.212-227-153-4.plesk.page\/producto\/segelschuhe-orca-bay-storm-groesse-41\/"},"modified":"2026-02-24T23:35:11","modified_gmt":"2026-02-24T23:35:11","slug":"segelschuhe-orca-bay-storm-groesse-41","status":"publish","type":"product","link":"https:\/\/stoic-curie.212-227-153-4.plesk.page\/de\/product\/segelschuhe-orca-bay-storm-groesse-41\/","title":{"rendered":"Segelschuhe Orca Bay Storm (Gr\u00f6\u00dfe 41 )"},"content":{"rendered":"<p>Segelschuhe Orca Bay Storm (Gr\u00f6\u00dfe 41 ) &#8211; <\/p>\n<p>Die dreilagigen, wasserdichten und atmungsaktiven Orca Bay Storm Segelschuhe bieten hohe Leistung und maximalen Komfort. Sohlen aus rutschfestem Gummi sorgen f\u00fcr hervorragenden Halt auf glatten Decks. Ideal f\u00fcr Freizeit-, Profisegler und die Lagerung in allen Jahreszeiten. Reinigungstipps: Verwenden Sie eine B\u00fcrste, um Schmutz zu entfernen, und sp\u00fclen Sie mit kaltem Wasser oder einem feuchten Tuch ab. Lassen Sie sie nat\u00fcrlich trocknen. Gelegentlich ein wasserabweisendes Spray auftragen, um das Leder zu sch\u00fctzen und die Wasserdichtigkeit zu erhalten. Danach empfiehlt es sich, eine transparente pflegende Creme aufzutragen, um die Elastizit\u00e4t des Leders zu erhalten und ebenfalls trocknen zu lassen.<\/p>\n","protected":false},"excerpt":{"rendered":"<p>Segelschuhe Orca Bay Storm (Gr\u00f6\u00dfe 41 ) &#8211; Die dreilagigen, wasserdichten und atmungsaktiven Orca Bay Storm Segelschuhe bieten hohe Leistung<\/p>\n","protected":false},"featured_media":5945668,"comment_status":"open","ping_status":"closed","template":"","meta":[],"product_brand":[3230],"product_cat":[1572],"product_tag":[],"class_list":{"0":"post-737128","1":"product","2":"type-product","3":"status-publish","4":"has-post-thumbnail","6":"product_brand-orca-bay-de","7":"product_cat-segelstiefel","9":"first","10":"instock","11":"shipping-taxable","12":"purchasable","13":"product-type-simple"},"_links":{"self":[{"href":"https:\/\/stoic-curie.212-227-153-4.plesk.page\/de\/wp-json\/wp\/v2\/product\/737128","targetHints":{"allow":["GET"]}}],"collection":[{"href":"https:\/\/stoic-curie.212-227-153-4.plesk.page\/de\/wp-json\/wp\/v2\/product"}],"about":[{"href":"https:\/\/stoic-curie.212-227-153-4.plesk.page\/de\/wp-json\/wp\/v2\/types\/product"}],"replies":[{"embeddable":true,"href":"https:\/\/stoic-curie.212-227-153-4.plesk.page\/de\/wp-json\/wp\/v2\/comments?post=737128"}],"version-history":[{"count":0,"href":"https:\/\/stoic-curie.212-227-153-4.plesk.page\/de\/wp-json\/wp\/v2\/product\/737128\/revisions"}],"wp:featuredmedia":[{"embeddable":true,"href":"https:\/\/stoic-curie.212-227-153-4.plesk.page\/de\/wp-json\/wp\/v2\/media\/5945668"}],"wp:attachment":[{"href":"https:\/\/stoic-curie.212-227-153-4.plesk.page\/de\/wp-json\/wp\/v2\/media?parent=737128"}],"wp:term":[{"taxonomy":"product_brand","embeddable":true,"href":"https:\/\/stoic-curie.212-227-153-4.plesk.page\/de\/wp-json\/wp\/v2\/product_brand?post=737128"},{"taxonomy":"product_cat","embeddable":true,"href":"https:\/\/stoic-curie.212-227-153-4.plesk.page\/de\/wp-json\/wp\/v2\/product_cat?post=737128"},{"taxonomy":"product_tag","embeddable":true,"href":"https:\/\/stoic-curie.212-227-153-4.plesk.page\/de\/wp-json\/wp\/v2\/product_tag?post=737128"}],"curies":[{"name":"wp","href":"https:\/\/api.w.org\/{rel}","templated":true}]}}