{"id":737138,"date":"2025-03-03T16:35:21","date_gmt":"2025-03-03T15:35:21","guid":{"rendered":"https:\/\/stoic-curie.212-227-153-4.plesk.page\/producto\/nautical-boots-orca-bay-solent-graphite-groesse-43\/"},"modified":"2026-02-24T23:35:11","modified_gmt":"2026-02-24T23:35:11","slug":"nautical-boots-orca-bay-solent-graphite-groesse-43","status":"publish","type":"product","link":"https:\/\/stoic-curie.212-227-153-4.plesk.page\/de\/product\/nautical-boots-orca-bay-solent-graphite-groesse-43\/","title":{"rendered":"Nautical Boots Orca Bay Solent Graphite (Gr\u00f6\u00dfe 43)"},"content":{"rendered":"<p>Nautical Boots Orca Bay Solent Graphite (Gr\u00f6\u00dfe 43) &#8211; <\/p>\n<p>4 mm neoprengef\u00fctterte Orca Bay Solent Stiefel bieten au\u00dfergew\u00f6hnlichen Komfort und W\u00e4rmeisolierung. Wasserdicht und atmungsaktiv, mit einer hochwertigen rutschfesten Gummisohle f\u00fcr maximale Flexibilit\u00e4t und Langlebigkeit. F\u00fcr Freizeit, Beruf und Garage in jeder Saison geeignet.<\/p>\n","protected":false},"excerpt":{"rendered":"<p>Nautical Boots Orca Bay Solent Graphite (Gr\u00f6\u00dfe 43) &#8211; 4 mm neoprengef\u00fctterte Orca Bay Solent Stiefel bieten au\u00dfergew\u00f6hnlichen Komfort und<\/p>\n","protected":false},"featured_media":5945671,"comment_status":"open","ping_status":"closed","template":"","meta":[],"product_brand":[3230],"product_cat":[1572],"product_tag":[],"class_list":{"0":"post-737138","1":"product","2":"type-product","3":"status-publish","4":"has-post-thumbnail","6":"product_brand-orca-bay-de","7":"product_cat-segelstiefel","9":"first","10":"instock","11":"shipping-taxable","12":"purchasable","13":"product-type-simple"},"_links":{"self":[{"href":"https:\/\/stoic-curie.212-227-153-4.plesk.page\/de\/wp-json\/wp\/v2\/product\/737138","targetHints":{"allow":["GET"]}}],"collection":[{"href":"https:\/\/stoic-curie.212-227-153-4.plesk.page\/de\/wp-json\/wp\/v2\/product"}],"about":[{"href":"https:\/\/stoic-curie.212-227-153-4.plesk.page\/de\/wp-json\/wp\/v2\/types\/product"}],"replies":[{"embeddable":true,"href":"https:\/\/stoic-curie.212-227-153-4.plesk.page\/de\/wp-json\/wp\/v2\/comments?post=737138"}],"version-history":[{"count":0,"href":"https:\/\/stoic-curie.212-227-153-4.plesk.page\/de\/wp-json\/wp\/v2\/product\/737138\/revisions"}],"wp:featuredmedia":[{"embeddable":true,"href":"https:\/\/stoic-curie.212-227-153-4.plesk.page\/de\/wp-json\/wp\/v2\/media\/5945671"}],"wp:attachment":[{"href":"https:\/\/stoic-curie.212-227-153-4.plesk.page\/de\/wp-json\/wp\/v2\/media?parent=737138"}],"wp:term":[{"taxonomy":"product_brand","embeddable":true,"href":"https:\/\/stoic-curie.212-227-153-4.plesk.page\/de\/wp-json\/wp\/v2\/product_brand?post=737138"},{"taxonomy":"product_cat","embeddable":true,"href":"https:\/\/stoic-curie.212-227-153-4.plesk.page\/de\/wp-json\/wp\/v2\/product_cat?post=737138"},{"taxonomy":"product_tag","embeddable":true,"href":"https:\/\/stoic-curie.212-227-153-4.plesk.page\/de\/wp-json\/wp\/v2\/product_tag?post=737138"}],"curies":[{"name":"wp","href":"https:\/\/api.w.org\/{rel}","templated":true}]}}