{"id":737144,"date":"2025-03-03T16:35:22","date_gmt":"2025-03-03T15:35:22","guid":{"rendered":"https:\/\/stoic-curie.212-227-153-4.plesk.page\/producto\/antal-4904-31-1m\/"},"modified":"2026-02-24T23:35:11","modified_gmt":"2026-02-24T23:35:11","slug":"antal-4904-31-1m","status":"publish","type":"product","link":"https:\/\/stoic-curie.212-227-153-4.plesk.page\/de\/product\/antal-4904-31-1m\/","title":{"rendered":"Antal 4904 3:1 &#8211; 1m"},"content":{"rendered":"<p>Antal 4904 3:1 &#8211; 1m &#8211; <\/p>\n<p>Wir pr\u00e4sentieren das Antal 4904 Hauptsegel-Schlittensystem f\u00fcr Segelboote. Dieses innovative System verf\u00fcgt \u00fcber 1\/4-Zoll Kugeln, mit 50 Torlon-Kugeln in den unteren F\u00fchrungen und 50 Delrin-Kugeln in den oberen F\u00fchrungen. Die seitlichen Rollen f\u00fcr die Steuerung des Wagens haben einen Durchmesser von 35 mm. Das Set beinhaltet eine Schiene und eine Rolle sowie ein Antal-Wagen, der f\u00fcr eine Vollgr\u00f6\u00dfe von 100 ausgelegt ist, und ein 1,5 Meter langes Zaunbeckett, Referenz und Konuszunge.<\/p>\n<p>Dieses All-in-One-System kombiniert die Schiene, den Wagen und zwei Auflager f\u00fcr einen reibungslosen Betrieb.<\/p>\n<p>Der Wagen hat eine L\u00e4nge von 98 mm und eine Breite von 62 mm, wiegt 230 Gramm und kann eine Last von bis zu 820 kg tragen. Er ist mit 1\/4-Zoll Kugeln ausgestattet, mit 50 Torlon-Kugeln in den unteren Gleisen und 50 Delrin-Kugeln in den oberen Gleisen.<\/p>\n<p>Die Steuerungsrollen am Wagen haben einen Durchmesser von 35 mm. Das komplette System umfasst eine 1,5 Meter lange Schiene und verf\u00fcgt \u00fcber eine &#8220;STAND UP&#8221;-Befestigung f\u00fcr den Wagen, die mit einem Gummistopfen geliefert wird und mit Rollen kompatibel ist, die einen Durchmesser von 55 mm haben.<\/p>\n","protected":false},"excerpt":{"rendered":"<p>Antal 4904 3:1 &#8211; 1m &#8211; Wir pr\u00e4sentieren das Antal 4904 Hauptsegel-Schlittensystem f\u00fcr Segelboote. Dieses innovative System verf\u00fcgt \u00fcber 1\/4-Zoll<\/p>\n","protected":false},"featured_media":5943434,"comment_status":"open","ping_status":"closed","template":"","meta":[],"product_brand":[2785],"product_cat":[1472],"product_tag":[],"class_list":{"0":"post-737144","1":"product","2":"type-product","3":"status-publish","4":"has-post-thumbnail","6":"product_brand-antal-de","7":"product_cat-segelbootsysteme-fuer-genua-schlitten","9":"first","10":"outofstock","11":"shipping-taxable","12":"purchasable","13":"product-type-simple"},"_links":{"self":[{"href":"https:\/\/stoic-curie.212-227-153-4.plesk.page\/de\/wp-json\/wp\/v2\/product\/737144","targetHints":{"allow":["GET"]}}],"collection":[{"href":"https:\/\/stoic-curie.212-227-153-4.plesk.page\/de\/wp-json\/wp\/v2\/product"}],"about":[{"href":"https:\/\/stoic-curie.212-227-153-4.plesk.page\/de\/wp-json\/wp\/v2\/types\/product"}],"replies":[{"embeddable":true,"href":"https:\/\/stoic-curie.212-227-153-4.plesk.page\/de\/wp-json\/wp\/v2\/comments?post=737144"}],"version-history":[{"count":0,"href":"https:\/\/stoic-curie.212-227-153-4.plesk.page\/de\/wp-json\/wp\/v2\/product\/737144\/revisions"}],"wp:featuredmedia":[{"embeddable":true,"href":"https:\/\/stoic-curie.212-227-153-4.plesk.page\/de\/wp-json\/wp\/v2\/media\/5943434"}],"wp:attachment":[{"href":"https:\/\/stoic-curie.212-227-153-4.plesk.page\/de\/wp-json\/wp\/v2\/media?parent=737144"}],"wp:term":[{"taxonomy":"product_brand","embeddable":true,"href":"https:\/\/stoic-curie.212-227-153-4.plesk.page\/de\/wp-json\/wp\/v2\/product_brand?post=737144"},{"taxonomy":"product_cat","embeddable":true,"href":"https:\/\/stoic-curie.212-227-153-4.plesk.page\/de\/wp-json\/wp\/v2\/product_cat?post=737144"},{"taxonomy":"product_tag","embeddable":true,"href":"https:\/\/stoic-curie.212-227-153-4.plesk.page\/de\/wp-json\/wp\/v2\/product_tag?post=737144"}],"curies":[{"name":"wp","href":"https:\/\/api.w.org\/{rel}","templated":true}]}}