{"id":737146,"date":"2025-03-03T16:35:22","date_gmt":"2025-03-03T15:35:22","guid":{"rendered":"https:\/\/stoic-curie.212-227-153-4.plesk.page\/producto\/bimini-tessilmare-weiss-2-boegen-aluminium-225-x-215-x-h115cm\/"},"modified":"2026-02-24T23:35:11","modified_gmt":"2026-02-24T23:35:11","slug":"bimini-tessilmare-weiss-2-boegen-aluminium-225-x-215-x-h115cm","status":"publish","type":"product","link":"https:\/\/stoic-curie.212-227-153-4.plesk.page\/de\/product\/bimini-tessilmare-weiss-2-boegen-aluminium-225-x-215-x-h115cm\/","title":{"rendered":"Bimini Tessilmare Wei\u00df 2 B\u00f6gen Aluminium 225 x 215 x H115cm"},"content":{"rendered":"<p>Bimini Tessilmare Wei\u00df 2 B\u00f6gen Aluminium 225 x 215 x H115cm &#8211; <\/p>\n<p style=\"color: rgb(34, 34, 34); font-family: Arial, Helvetica, sans-serif; font-size: small;\">Das TESSILMARE Shade Master HS Bimini ist f\u00fcr eine einfache Nutzung konzipiert, ohne dass eine permanente Installation erforderlich ist. Es verf\u00fcgt \u00fcber faltbare Aluminiumrohre, die wei\u00df lackiert sind und einen Durchmesser von 25 mm haben. Das Material besteht aus wasserfestem und UV-best\u00e4ndigem PVC-Polyester-Gewebe. Das Bimini wird mit einer praktischen Aufbewahrungstasche geliefert, wenn es gefaltet ist.<\/p>\n<p style=\"color: rgb(34, 34, 34); font-family: Arial, Helvetica, sans-serif; font-size: small;\">Der TESSILMARE Shade Master HS ist mit AISI 316 Edelstahlverbindungen konstruiert und ideal f\u00fcr Schnellboote. Diese Sonnen- und Wasserschutzabdeckung verf\u00fcgt \u00fcber einen wei\u00df lackierten Aluminiumrahmen und strapazierf\u00e4higes Gewebe aus 100% PVC-beschichtetem Polyester.<\/p>\n","protected":false},"excerpt":{"rendered":"<p>Bimini Tessilmare Wei\u00df 2 B\u00f6gen Aluminium 225 x 215 x H115cm &#8211; Das TESSILMARE Shade Master HS Bimini ist f\u00fcr<\/p>\n","protected":false},"featured_media":5943420,"comment_status":"open","ping_status":"closed","template":"","meta":[],"product_brand":[3480],"product_cat":[1402],"product_tag":[],"class_list":{"0":"post-737146","1":"product","2":"type-product","3":"status-publish","4":"has-post-thumbnail","6":"product_brand-tessilmare-de","7":"product_cat-bimini-verdecke","9":"first","10":"outofstock","11":"shipping-taxable","12":"purchasable","13":"product-type-simple"},"_links":{"self":[{"href":"https:\/\/stoic-curie.212-227-153-4.plesk.page\/de\/wp-json\/wp\/v2\/product\/737146","targetHints":{"allow":["GET"]}}],"collection":[{"href":"https:\/\/stoic-curie.212-227-153-4.plesk.page\/de\/wp-json\/wp\/v2\/product"}],"about":[{"href":"https:\/\/stoic-curie.212-227-153-4.plesk.page\/de\/wp-json\/wp\/v2\/types\/product"}],"replies":[{"embeddable":true,"href":"https:\/\/stoic-curie.212-227-153-4.plesk.page\/de\/wp-json\/wp\/v2\/comments?post=737146"}],"version-history":[{"count":0,"href":"https:\/\/stoic-curie.212-227-153-4.plesk.page\/de\/wp-json\/wp\/v2\/product\/737146\/revisions"}],"wp:featuredmedia":[{"embeddable":true,"href":"https:\/\/stoic-curie.212-227-153-4.plesk.page\/de\/wp-json\/wp\/v2\/media\/5943420"}],"wp:attachment":[{"href":"https:\/\/stoic-curie.212-227-153-4.plesk.page\/de\/wp-json\/wp\/v2\/media?parent=737146"}],"wp:term":[{"taxonomy":"product_brand","embeddable":true,"href":"https:\/\/stoic-curie.212-227-153-4.plesk.page\/de\/wp-json\/wp\/v2\/product_brand?post=737146"},{"taxonomy":"product_cat","embeddable":true,"href":"https:\/\/stoic-curie.212-227-153-4.plesk.page\/de\/wp-json\/wp\/v2\/product_cat?post=737146"},{"taxonomy":"product_tag","embeddable":true,"href":"https:\/\/stoic-curie.212-227-153-4.plesk.page\/de\/wp-json\/wp\/v2\/product_tag?post=737146"}],"curies":[{"name":"wp","href":"https:\/\/api.w.org\/{rel}","templated":true}]}}