{"id":737147,"date":"2025-03-03T16:35:22","date_gmt":"2025-03-03T15:35:22","guid":{"rendered":"https:\/\/stoic-curie.212-227-153-4.plesk.page\/producto\/rutschfeste-streifen-in-mahagoni-abmessungen-10-cm-x-10-m\/"},"modified":"2026-02-24T23:35:11","modified_gmt":"2026-02-24T23:35:11","slug":"rutschfeste-streifen-in-mahagoni-abmessungen-10-cm-x-10-m","status":"publish","type":"product","link":"https:\/\/stoic-curie.212-227-153-4.plesk.page\/de\/product\/rutschfeste-streifen-in-mahagoni-abmessungen-10-cm-x-10-m\/","title":{"rendered":"Rutschfeste Streifen in Mahagoni, Abmessungen 10 cm x 10 m"},"content":{"rendered":"<p>Rutschfeste Streifen in Mahagoni, Abmessungen 10 cm x 10 m &#8211; <\/p>\n<p>Hochwertiges, rutschfestes, selbstklebendes Tape mit einer Dicke von 2,1 mm. Beschichtet mit Polyurethan-Komplexelastomer auf einer Polyesterbasis. Wasserdicht, isolierend und angenehm beim Barfu\u00dflaufen. Ideal f\u00fcr Bootdecks, aufblasbare Produkte, Treppenr\u00e4nder und Gangways. Gr\u00f6\u00dfen: 2,5 cm x 10 m &#8211; 4 cm x 10 m &#8211; 10 cm x 10 m.<\/p>\n","protected":false},"excerpt":{"rendered":"<p>Rutschfeste Streifen in Mahagoni, Abmessungen 10 cm x 10 m &#8211; Hochwertiges, rutschfestes, selbstklebendes Tape mit einer Dicke von 2,1<\/p>\n","protected":false},"featured_media":5945706,"comment_status":"open","ping_status":"closed","template":"","meta":[],"product_brand":[3450],"product_cat":[1342],"product_tag":[],"class_list":{"0":"post-737147","1":"product","2":"type-product","3":"status-publish","4":"has-post-thumbnail","6":"product_brand-tbs-de","7":"product_cat-anti-rutsch-band-und-rutschfeste-boeden","9":"first","10":"instock","11":"shipping-taxable","12":"purchasable","13":"product-type-simple"},"_links":{"self":[{"href":"https:\/\/stoic-curie.212-227-153-4.plesk.page\/de\/wp-json\/wp\/v2\/product\/737147","targetHints":{"allow":["GET"]}}],"collection":[{"href":"https:\/\/stoic-curie.212-227-153-4.plesk.page\/de\/wp-json\/wp\/v2\/product"}],"about":[{"href":"https:\/\/stoic-curie.212-227-153-4.plesk.page\/de\/wp-json\/wp\/v2\/types\/product"}],"replies":[{"embeddable":true,"href":"https:\/\/stoic-curie.212-227-153-4.plesk.page\/de\/wp-json\/wp\/v2\/comments?post=737147"}],"version-history":[{"count":0,"href":"https:\/\/stoic-curie.212-227-153-4.plesk.page\/de\/wp-json\/wp\/v2\/product\/737147\/revisions"}],"wp:featuredmedia":[{"embeddable":true,"href":"https:\/\/stoic-curie.212-227-153-4.plesk.page\/de\/wp-json\/wp\/v2\/media\/5945706"}],"wp:attachment":[{"href":"https:\/\/stoic-curie.212-227-153-4.plesk.page\/de\/wp-json\/wp\/v2\/media?parent=737147"}],"wp:term":[{"taxonomy":"product_brand","embeddable":true,"href":"https:\/\/stoic-curie.212-227-153-4.plesk.page\/de\/wp-json\/wp\/v2\/product_brand?post=737147"},{"taxonomy":"product_cat","embeddable":true,"href":"https:\/\/stoic-curie.212-227-153-4.plesk.page\/de\/wp-json\/wp\/v2\/product_cat?post=737147"},{"taxonomy":"product_tag","embeddable":true,"href":"https:\/\/stoic-curie.212-227-153-4.plesk.page\/de\/wp-json\/wp\/v2\/product_tag?post=737147"}],"curies":[{"name":"wp","href":"https:\/\/api.w.org\/{rel}","templated":true}]}}