{"id":737148,"date":"2025-03-03T16:35:23","date_gmt":"2025-03-03T15:35:23","guid":{"rendered":"https:\/\/stoic-curie.212-227-153-4.plesk.page\/producto\/anti-rutschboden-tbs21-elfenbein-128-x-90-cm\/"},"modified":"2026-02-24T23:35:11","modified_gmt":"2026-02-24T23:35:11","slug":"anti-rutschboden-tbs21-elfenbein-128-x-90-cm","status":"publish","type":"product","link":"https:\/\/stoic-curie.212-227-153-4.plesk.page\/de\/product\/anti-rutschboden-tbs21-elfenbein-128-x-90-cm\/","title":{"rendered":"Anti-Rutschboden TBS21 Elfenbein 128 x 90 cm"},"content":{"rendered":"<p>Anti-Rutschboden TBS21 Elfenbein 128 x 90 cm &#8211; <\/p>\n<p>Antirutsch-Profibodenbelag in 128 x 90 cm gro\u00dfen Platten. Polyurethan-Komplexelastomer beschichtet auf einer Polyesterbasis. Plattendicke: 2,1 mm. Wasserdicht, isolierend und angenehm barfu\u00df zu betreten. F\u00fcr sicheres Bewegen auf Arbeits- und Freizeitbooten geeignet. Ideal f\u00fcr Bootdecks, Gangways und Fliesenb\u00f6den.<\/p>\n","protected":false},"excerpt":{"rendered":"<p>Anti-Rutschboden TBS21 Elfenbein 128 x 90 cm &#8211; Antirutsch-Profibodenbelag in 128 x 90 cm gro\u00dfen Platten. Polyurethan-Komplexelastomer beschichtet auf einer<\/p>\n","protected":false},"featured_media":5945710,"comment_status":"open","ping_status":"closed","template":"","meta":[],"product_brand":[3450],"product_cat":[1342],"product_tag":[],"class_list":{"0":"post-737148","1":"product","2":"type-product","3":"status-publish","4":"has-post-thumbnail","6":"product_brand-tbs-de","7":"product_cat-anti-rutsch-band-und-rutschfeste-boeden","9":"first","10":"instock","11":"shipping-taxable","12":"purchasable","13":"product-type-simple"},"_links":{"self":[{"href":"https:\/\/stoic-curie.212-227-153-4.plesk.page\/de\/wp-json\/wp\/v2\/product\/737148","targetHints":{"allow":["GET"]}}],"collection":[{"href":"https:\/\/stoic-curie.212-227-153-4.plesk.page\/de\/wp-json\/wp\/v2\/product"}],"about":[{"href":"https:\/\/stoic-curie.212-227-153-4.plesk.page\/de\/wp-json\/wp\/v2\/types\/product"}],"replies":[{"embeddable":true,"href":"https:\/\/stoic-curie.212-227-153-4.plesk.page\/de\/wp-json\/wp\/v2\/comments?post=737148"}],"version-history":[{"count":0,"href":"https:\/\/stoic-curie.212-227-153-4.plesk.page\/de\/wp-json\/wp\/v2\/product\/737148\/revisions"}],"wp:featuredmedia":[{"embeddable":true,"href":"https:\/\/stoic-curie.212-227-153-4.plesk.page\/de\/wp-json\/wp\/v2\/media\/5945710"}],"wp:attachment":[{"href":"https:\/\/stoic-curie.212-227-153-4.plesk.page\/de\/wp-json\/wp\/v2\/media?parent=737148"}],"wp:term":[{"taxonomy":"product_brand","embeddable":true,"href":"https:\/\/stoic-curie.212-227-153-4.plesk.page\/de\/wp-json\/wp\/v2\/product_brand?post=737148"},{"taxonomy":"product_cat","embeddable":true,"href":"https:\/\/stoic-curie.212-227-153-4.plesk.page\/de\/wp-json\/wp\/v2\/product_cat?post=737148"},{"taxonomy":"product_tag","embeddable":true,"href":"https:\/\/stoic-curie.212-227-153-4.plesk.page\/de\/wp-json\/wp\/v2\/product_tag?post=737148"}],"curies":[{"name":"wp","href":"https:\/\/api.w.org\/{rel}","templated":true}]}}