{"id":737149,"date":"2025-03-03T16:35:23","date_gmt":"2025-03-03T15:35:23","guid":{"rendered":"https:\/\/stoic-curie.212-227-153-4.plesk.page\/producto\/anti-rutschboden-tbs21-blau-128-x-90-cm\/"},"modified":"2026-02-24T23:35:11","modified_gmt":"2026-02-24T23:35:11","slug":"anti-rutschboden-tbs21-blau-128-x-90-cm","status":"publish","type":"product","link":"https:\/\/stoic-curie.212-227-153-4.plesk.page\/de\/product\/anti-rutschboden-tbs21-blau-128-x-90-cm\/","title":{"rendered":"Anti-Rutschboden TBS21 Blau 128 x 90 cm"},"content":{"rendered":"<p>Anti-Rutschboden TBS21 Blau 128 x 90 cm &#8211; <\/p>\n<p>Rutschfeste professionelle Bodenbel\u00e4ge in 128 x 90 cm gro\u00dfen Bahnen. Polyurethan Komplexelastomer beschichtet auf einer Polyesterbasis. Plattenst\u00e4rke: 2,1 mm. Wasserdicht, isolierend und angenehm barfu\u00df. Ideal f\u00fcr sicheres Bewegen auf Arbeits- und Freizeitbooten. Perfekt f\u00fcr Bootsdecks, Gangways und geflieste B\u00f6den. <\/p>\n","protected":false},"excerpt":{"rendered":"<p>Anti-Rutschboden TBS21 Blau 128 x 90 cm &#8211; Rutschfeste professionelle Bodenbel\u00e4ge in 128 x 90 cm gro\u00dfen Bahnen. Polyurethan Komplexelastomer<\/p>\n","protected":false},"featured_media":5945710,"comment_status":"open","ping_status":"closed","template":"","meta":[],"product_brand":[3450],"product_cat":[1342],"product_tag":[],"class_list":{"0":"post-737149","1":"product","2":"type-product","3":"status-publish","4":"has-post-thumbnail","6":"product_brand-tbs-de","7":"product_cat-anti-rutsch-band-und-rutschfeste-boeden","9":"first","10":"instock","11":"shipping-taxable","12":"purchasable","13":"product-type-simple"},"_links":{"self":[{"href":"https:\/\/stoic-curie.212-227-153-4.plesk.page\/de\/wp-json\/wp\/v2\/product\/737149","targetHints":{"allow":["GET"]}}],"collection":[{"href":"https:\/\/stoic-curie.212-227-153-4.plesk.page\/de\/wp-json\/wp\/v2\/product"}],"about":[{"href":"https:\/\/stoic-curie.212-227-153-4.plesk.page\/de\/wp-json\/wp\/v2\/types\/product"}],"replies":[{"embeddable":true,"href":"https:\/\/stoic-curie.212-227-153-4.plesk.page\/de\/wp-json\/wp\/v2\/comments?post=737149"}],"version-history":[{"count":0,"href":"https:\/\/stoic-curie.212-227-153-4.plesk.page\/de\/wp-json\/wp\/v2\/product\/737149\/revisions"}],"wp:featuredmedia":[{"embeddable":true,"href":"https:\/\/stoic-curie.212-227-153-4.plesk.page\/de\/wp-json\/wp\/v2\/media\/5945710"}],"wp:attachment":[{"href":"https:\/\/stoic-curie.212-227-153-4.plesk.page\/de\/wp-json\/wp\/v2\/media?parent=737149"}],"wp:term":[{"taxonomy":"product_brand","embeddable":true,"href":"https:\/\/stoic-curie.212-227-153-4.plesk.page\/de\/wp-json\/wp\/v2\/product_brand?post=737149"},{"taxonomy":"product_cat","embeddable":true,"href":"https:\/\/stoic-curie.212-227-153-4.plesk.page\/de\/wp-json\/wp\/v2\/product_cat?post=737149"},{"taxonomy":"product_tag","embeddable":true,"href":"https:\/\/stoic-curie.212-227-153-4.plesk.page\/de\/wp-json\/wp\/v2\/product_tag?post=737149"}],"curies":[{"name":"wp","href":"https:\/\/api.w.org\/{rel}","templated":true}]}}