{"id":737151,"date":"2025-03-03T16:35:23","date_gmt":"2025-03-03T15:35:23","guid":{"rendered":"https:\/\/stoic-curie.212-227-153-4.plesk.page\/producto\/bowman-fh100-3182-2\/"},"modified":"2026-02-24T23:35:11","modified_gmt":"2026-02-24T23:35:11","slug":"bowman-fh100-3182-2","status":"publish","type":"product","link":"https:\/\/stoic-curie.212-227-153-4.plesk.page\/de\/product\/bowman-fh100-3182-2\/","title":{"rendered":"Bowman FH100-3182-2"},"content":{"rendered":"<p>Bowman FH100-3182-2 &#8211; <\/p>\n<p>Der Bowman FH100-3182-2 Marin-Dreipass-W\u00e4rmetauscher ist speziell f\u00fcr Motoren mit einer Leistung von 82 kW oder 110 PS konzipiert. Dieser W\u00e4rmetauscher eignet sich f\u00fcr verschiedene Motorenmodelle, darunter den Ford BSD-329\/32\/3\/H, Ford BSD-442\/4 und Gardner 4LW, unter anderem.<\/p>\n<p>Er ist auf einer Seite mit einem Rohwassereingang von 1&#8243; BSP und auf der gegen\u00fcberliegenden Seite mit einem Rohwasserausgang von 1&#8243; BSP ausgestattet. Dar\u00fcber hinaus gibt es einen 45-mm-Anschluss f\u00fcr Frischwasser.<\/p>\n<p>Bowman empfiehlt die Verwendung von Zinkanoden nicht, da die R\u00f6hren des W\u00e4rmetauschers aus einer Kupfer-Nickel-Legierung bestehen, die dies nicht erfordert. Die Hinzuf\u00fcgung einer Zinkanode k\u00f6nnte potenziell die sch\u00fctzende Kupferoxid-Schicht besch\u00e4digen, die sich nat\u00fcrlicherweise auf den R\u00f6hren entwickelt und das Material anf\u00e4llig f\u00fcr Sch\u00e4den macht.<\/p>\n","protected":false},"excerpt":{"rendered":"<p>Bowman FH100-3182-2 &#8211; Der Bowman FH100-3182-2 Marin-Dreipass-W\u00e4rmetauscher ist speziell f\u00fcr Motoren mit einer Leistung von 82 kW oder 110 PS<\/p>\n","protected":false},"featured_media":5945714,"comment_status":"open","ping_status":"closed","template":"","meta":[],"product_brand":[2845],"product_cat":[1503],"product_tag":[],"class_list":{"0":"post-737151","1":"product","2":"type-product","3":"status-publish","4":"has-post-thumbnail","6":"product_brand-bowman-de","7":"product_cat-waermetauscher-und-oelkuehler","9":"first","10":"instock","11":"shipping-taxable","12":"purchasable","13":"product-type-simple"},"_links":{"self":[{"href":"https:\/\/stoic-curie.212-227-153-4.plesk.page\/de\/wp-json\/wp\/v2\/product\/737151","targetHints":{"allow":["GET"]}}],"collection":[{"href":"https:\/\/stoic-curie.212-227-153-4.plesk.page\/de\/wp-json\/wp\/v2\/product"}],"about":[{"href":"https:\/\/stoic-curie.212-227-153-4.plesk.page\/de\/wp-json\/wp\/v2\/types\/product"}],"replies":[{"embeddable":true,"href":"https:\/\/stoic-curie.212-227-153-4.plesk.page\/de\/wp-json\/wp\/v2\/comments?post=737151"}],"version-history":[{"count":0,"href":"https:\/\/stoic-curie.212-227-153-4.plesk.page\/de\/wp-json\/wp\/v2\/product\/737151\/revisions"}],"wp:featuredmedia":[{"embeddable":true,"href":"https:\/\/stoic-curie.212-227-153-4.plesk.page\/de\/wp-json\/wp\/v2\/media\/5945714"}],"wp:attachment":[{"href":"https:\/\/stoic-curie.212-227-153-4.plesk.page\/de\/wp-json\/wp\/v2\/media?parent=737151"}],"wp:term":[{"taxonomy":"product_brand","embeddable":true,"href":"https:\/\/stoic-curie.212-227-153-4.plesk.page\/de\/wp-json\/wp\/v2\/product_brand?post=737151"},{"taxonomy":"product_cat","embeddable":true,"href":"https:\/\/stoic-curie.212-227-153-4.plesk.page\/de\/wp-json\/wp\/v2\/product_cat?post=737151"},{"taxonomy":"product_tag","embeddable":true,"href":"https:\/\/stoic-curie.212-227-153-4.plesk.page\/de\/wp-json\/wp\/v2\/product_tag?post=737151"}],"curies":[{"name":"wp","href":"https:\/\/api.w.org\/{rel}","templated":true}]}}