{"id":737152,"date":"2025-03-03T16:35:23","date_gmt":"2025-03-03T15:35:23","guid":{"rendered":"https:\/\/stoic-curie.212-227-153-4.plesk.page\/producto\/bowman-fh200-3182-3\/"},"modified":"2026-02-24T23:35:11","modified_gmt":"2026-02-24T23:35:11","slug":"bowman-fh200-3182-3","status":"publish","type":"product","link":"https:\/\/stoic-curie.212-227-153-4.plesk.page\/de\/product\/bowman-fh200-3182-3\/","title":{"rendered":"Bowman FH200-3182-3"},"content":{"rendered":"<p>Bowman FH200-3182-3 &#8211; <\/p>\n<p>Der Bowman FH200-3182-3 W\u00e4rmetauscher ist eine hochspezialisierte Komponente, die sorgf\u00e4ltig f\u00fcr den Einsatz mit Motoren entwickelt wurde, die eine Leistung von 115 kW erzeugen, was ungef\u00e4hr 154 Pferdest\u00e4rken entspricht. Diese Einheit ist darauf ausgelegt, mit einer Vielzahl von Motoren kompatibel zu sein, einschlie\u00dflich des bekannten Ford BSD-666-Modells, was sie zu einer vielseitigen Wahl f\u00fcr viele Bootsliebhaber und Fachleute macht.<\/p>\n<p>Ein wichtiges Merkmal dieses W\u00e4rmetauschers sind die Anschl\u00fcsse f\u00fcr Rohwasser-Ein- und -Ausgang. Er ist auf einer Seite mit einem 1&#8243; BSP-Anschluss f\u00fcr die Rohwasserzufuhr und auf der gegen\u00fcberliegenden Seite mit einem entsprechenden 1&#8243; BSP-Anschluss f\u00fcr den Rohwasserauslass ausgestattet. Dieses Design sorgt f\u00fcr einen effizienten Wasserfluss, der entscheidend ist, um optimale Motortemperaturen w\u00e4hrend des Betriebs aufrechtzuerhalten.<\/p>\n<p>Es ist wichtig zu beachten, dass der W\u00e4rmetauscher mit wesentlichen Komponenten wie Gegenflanschen, Gewindestiften und Dichtungen geliefert wird, die speziell f\u00fcr den Frischwasserkreislauf vorgesehen sind. Es liegt jedoch in Ihrer Verantwortung, geeignete Anschl\u00fcsse f\u00fcr die Frischwasser-K\u00fchlmittelzufuhr und -abfuhr herzustellen, die mit dem W\u00e4rmetauscher verbunden sind. Eine ordnungsgem\u00e4\u00dfe Installation ist entscheidend, um sicherzustellen, dass die Einheit effektiv und zuverl\u00e4ssig funktioniert.<\/p>\n<p>Bowman gibt auch eine wichtige Empfehlung zur Verwendung von Zinkanoden ab. Sie raten von deren Verwendung ab, da die Rohre des W\u00e4rmetauschers aus einer langlebigen Kupfer-Nickel-Legierung bestehen. Dieses Material ben\u00f6tigt keine Zinkanoden zum Schutz. Tats\u00e4chlich k\u00f6nnte die Installation einer Zinkanode m\u00f6glicherweise die Kupferoxid-Schicht besch\u00e4digen, die sich nat\u00fcrlich auf den Rohren bildet. Diese Schicht dient als Schutzbarriere, und jede St\u00f6rung k\u00f6nnte zur Korrosion des Rohrmaterials f\u00fchren, wodurch die Integrit\u00e4t und Langlebigkeit des W\u00e4rmetauschers beeintr\u00e4chtigt wird. Daher wird das Befolgen dieser Richtlinien dazu beitragen, die optimale Leistung und Haltbarkeit Ihres W\u00e4rmetauschers sicherzustellen.<\/p>\n","protected":false},"excerpt":{"rendered":"<p>Bowman FH200-3182-3 &#8211; Der Bowman FH200-3182-3 W\u00e4rmetauscher ist eine hochspezialisierte Komponente, die sorgf\u00e4ltig f\u00fcr den Einsatz mit Motoren entwickelt wurde,<\/p>\n","protected":false},"featured_media":5945716,"comment_status":"open","ping_status":"closed","template":"","meta":[],"product_brand":[2845],"product_cat":[1503],"product_tag":[],"class_list":{"0":"post-737152","1":"product","2":"type-product","3":"status-publish","4":"has-post-thumbnail","6":"product_brand-bowman-de","7":"product_cat-waermetauscher-und-oelkuehler","9":"first","10":"instock","11":"shipping-taxable","12":"purchasable","13":"product-type-simple"},"_links":{"self":[{"href":"https:\/\/stoic-curie.212-227-153-4.plesk.page\/de\/wp-json\/wp\/v2\/product\/737152","targetHints":{"allow":["GET"]}}],"collection":[{"href":"https:\/\/stoic-curie.212-227-153-4.plesk.page\/de\/wp-json\/wp\/v2\/product"}],"about":[{"href":"https:\/\/stoic-curie.212-227-153-4.plesk.page\/de\/wp-json\/wp\/v2\/types\/product"}],"replies":[{"embeddable":true,"href":"https:\/\/stoic-curie.212-227-153-4.plesk.page\/de\/wp-json\/wp\/v2\/comments?post=737152"}],"version-history":[{"count":0,"href":"https:\/\/stoic-curie.212-227-153-4.plesk.page\/de\/wp-json\/wp\/v2\/product\/737152\/revisions"}],"wp:featuredmedia":[{"embeddable":true,"href":"https:\/\/stoic-curie.212-227-153-4.plesk.page\/de\/wp-json\/wp\/v2\/media\/5945716"}],"wp:attachment":[{"href":"https:\/\/stoic-curie.212-227-153-4.plesk.page\/de\/wp-json\/wp\/v2\/media?parent=737152"}],"wp:term":[{"taxonomy":"product_brand","embeddable":true,"href":"https:\/\/stoic-curie.212-227-153-4.plesk.page\/de\/wp-json\/wp\/v2\/product_brand?post=737152"},{"taxonomy":"product_cat","embeddable":true,"href":"https:\/\/stoic-curie.212-227-153-4.plesk.page\/de\/wp-json\/wp\/v2\/product_cat?post=737152"},{"taxonomy":"product_tag","embeddable":true,"href":"https:\/\/stoic-curie.212-227-153-4.plesk.page\/de\/wp-json\/wp\/v2\/product_tag?post=737152"}],"curies":[{"name":"wp","href":"https:\/\/api.w.org\/{rel}","templated":true}]}}