{"id":737153,"date":"2025-03-03T16:35:24","date_gmt":"2025-03-03T15:35:24","guid":{"rendered":"https:\/\/stoic-curie.212-227-153-4.plesk.page\/producto\/bowman-fh300-3282-2\/"},"modified":"2026-02-24T23:35:11","modified_gmt":"2026-02-24T23:35:11","slug":"bowman-fh300-3282-2","status":"publish","type":"product","link":"https:\/\/stoic-curie.212-227-153-4.plesk.page\/de\/product\/bowman-fh300-3282-2\/","title":{"rendered":"Bowman FH300-3282-2"},"content":{"rendered":"<p>Bowman FH300-3282-2 &#8211; <\/p>\n<p style=\"color: rgb(34, 34, 34); font-family: Arial, Helvetica, sans-serif; font-size: small;\">Der Bowman FH300-3282-2 W\u00e4rmetauscher ist f\u00fcr Motoren mit einer Leistung von bis zu 150 kW (201 PS) konzipiert. Er ist mit verschiedenen Motor Modellen kompatibel, darunter der Ford BSD-678 und Gardner 6LX.<\/p>\n<p style=\"color: rgb(34, 34, 34); font-family: Arial, Helvetica, sans-serif; font-size: small;\">Dieser W\u00e4rmetauscher verf\u00fcgt \u00fcber einen Rohwasser-Eingangsanschluss von 1-1\/4&#8243; BSP an einem Ende und einen entsprechenden Rohwasser-Ausgangsanschluss der gleichen Gr\u00f6\u00dfe am anderen Ende. Dar\u00fcber hinaus enth\u00e4lt er einen 57 mm Anschluss f\u00fcr Frischwasser.<\/p>\n<p style=\"color: rgb(34, 34, 34); font-family: Arial, Helvetica, sans-serif; font-size: small;\">Bowman r\u00e4t von der Installation von Zinkanoden ab, da die Rohre des W\u00e4rmetauschers aus einer Kupfer-Nickel-Legierung bestehen, die keinen solchen Schutz ben\u00f6tigt. Die Installation einer Zinkanode k\u00f6nnte die Kupferoxidfolie, die sich nat\u00fcrlicherweise auf den Rohren bildet, beeintr\u00e4chtigen und das Material potenziell der Korrosion aussetzen.<\/p>\n<p style=\"color: rgb(34, 34, 34); font-family: Arial, Helvetica, sans-serif; font-size: small;\"><strong>Technische Daten:<\/strong><\/p>\n<ul style=\"color: rgb(34, 34, 34); font-family: Arial, Helvetica, sans-serif; font-size: small;\">\n<li><strong>Rohwasserkapazit\u00e4t:<\/strong>\u00a01,55 Liter<\/li>\n<li><strong>Motorwasserkapazit\u00e4t:<\/strong>\u00a06,55 Liter<\/li>\n<li><strong>Header-Tank-Kapazit\u00e4t:<\/strong>\u00a04,12 Liter<\/li>\n<li><strong>H\u00f6he:<\/strong>\u00a0275 mm (inklusive Druckdeckel)<\/li>\n<li><strong>L\u00e4nge:<\/strong>\u00a0472 mm<\/li>\n<li><strong>Material:<\/strong>\u00a0Aluminium LM6M Geh\u00e4use, Kupfer-Nickel-Rohrb\u00fcndel und Verbundendkappen<\/li>\n<li><strong>Maximale Betriebstemperatur:<\/strong>\u00a0100\u00b0C<\/li>\n<li><strong>Breite:<\/strong>\u00a0150 mm<\/li>\n<li><strong>Marke:<\/strong>\u00a0Bowman<\/li>\n<li><strong>Kompatible Motoren:<\/strong>\u00a0Ford, Gardner<\/li>\n<li><strong>Herstellungsland:<\/strong>\u00a0Vereinigtes K\u00f6nigreich<\/li>\n<li><strong>Montagelochmittel Abstand:<\/strong>\u00a0200 mm x 76 mm<\/li>\n<li><strong>Maximaler Motor Wasserdruck:<\/strong>\u00a01 bar (abh\u00e4ngig von der Bewertung des F\u00fcllverschlusses)<\/li>\n<li><strong>Befestigungsl\u00f6cher Gr\u00f6\u00dfe:<\/strong>\u00a0M10 x 15<\/li>\n<li><strong>Maximale PS:<\/strong>\u00a0201 PS (150 kW)<\/li>\n<li><strong>Ein-\/Auslassanschlussgr\u00f6\u00dfe:<\/strong>\u00a0Rohwassereinlass &#038; -auslass: 1-1\/4&#8243; BSP; Frischwasseranschluss: 57 mm<\/li>\n<li><strong>Modell:<\/strong>\u00a0FH300-3282-2<\/li>\n<li><strong>Druckbewertung:<\/strong>\u00a0F\u00fcllstopfen: 10,8 PSI (0,75 Bar \/ 75 kPa)<\/li>\n<li><strong>Maximale Rohwasserflussrate:<\/strong>\u00a0125 Liter pro Minute<\/li>\n<li><strong>Maximaler Rohwasser Druck:<\/strong>\u00a015 bar<\/li>\n<\/ul>\n<p style=\"color: rgb(34, 34, 34); font-family: Arial, Helvetica, sans-serif; font-size: small;\">Diese umfassende \u00dcbersicht bietet wichtige Informationen f\u00fcr Bootseigent\u00fcmer, die nach einem zuverl\u00e4ssigen W\u00e4rmetauscher f\u00fcr ihre Motoren suchen.<\/p>\n","protected":false},"excerpt":{"rendered":"<p>Bowman FH300-3282-2 &#8211; Der Bowman FH300-3282-2 W\u00e4rmetauscher ist f\u00fcr Motoren mit einer Leistung von bis zu 150 kW (201 PS)<\/p>\n","protected":false},"featured_media":5945716,"comment_status":"open","ping_status":"closed","template":"","meta":[],"product_brand":[2845],"product_cat":[1503],"product_tag":[],"class_list":{"0":"post-737153","1":"product","2":"type-product","3":"status-publish","4":"has-post-thumbnail","6":"product_brand-bowman-de","7":"product_cat-waermetauscher-und-oelkuehler","9":"first","10":"instock","11":"shipping-taxable","12":"purchasable","13":"product-type-simple"},"_links":{"self":[{"href":"https:\/\/stoic-curie.212-227-153-4.plesk.page\/de\/wp-json\/wp\/v2\/product\/737153","targetHints":{"allow":["GET"]}}],"collection":[{"href":"https:\/\/stoic-curie.212-227-153-4.plesk.page\/de\/wp-json\/wp\/v2\/product"}],"about":[{"href":"https:\/\/stoic-curie.212-227-153-4.plesk.page\/de\/wp-json\/wp\/v2\/types\/product"}],"replies":[{"embeddable":true,"href":"https:\/\/stoic-curie.212-227-153-4.plesk.page\/de\/wp-json\/wp\/v2\/comments?post=737153"}],"version-history":[{"count":0,"href":"https:\/\/stoic-curie.212-227-153-4.plesk.page\/de\/wp-json\/wp\/v2\/product\/737153\/revisions"}],"wp:featuredmedia":[{"embeddable":true,"href":"https:\/\/stoic-curie.212-227-153-4.plesk.page\/de\/wp-json\/wp\/v2\/media\/5945716"}],"wp:attachment":[{"href":"https:\/\/stoic-curie.212-227-153-4.plesk.page\/de\/wp-json\/wp\/v2\/media?parent=737153"}],"wp:term":[{"taxonomy":"product_brand","embeddable":true,"href":"https:\/\/stoic-curie.212-227-153-4.plesk.page\/de\/wp-json\/wp\/v2\/product_brand?post=737153"},{"taxonomy":"product_cat","embeddable":true,"href":"https:\/\/stoic-curie.212-227-153-4.plesk.page\/de\/wp-json\/wp\/v2\/product_cat?post=737153"},{"taxonomy":"product_tag","embeddable":true,"href":"https:\/\/stoic-curie.212-227-153-4.plesk.page\/de\/wp-json\/wp\/v2\/product_tag?post=737153"}],"curies":[{"name":"wp","href":"https:\/\/api.w.org\/{rel}","templated":true}]}}