{"id":737154,"date":"2025-03-03T16:35:24","date_gmt":"2025-03-03T15:35:24","guid":{"rendered":"https:\/\/stoic-curie.212-227-153-4.plesk.page\/producto\/bowman-ec140-3198-4\/"},"modified":"2026-02-24T23:35:11","modified_gmt":"2026-02-24T23:35:11","slug":"bowman-ec140-3198-4","status":"publish","type":"product","link":"https:\/\/stoic-curie.212-227-153-4.plesk.page\/de\/product\/bowman-ec140-3198-4\/","title":{"rendered":"Bowman EC140-3198-4"},"content":{"rendered":"<p>Bowman EC140-3198-4 &#8211; <\/p>\n<p>Die Bowman EC-\u00d6lk\u00fchler sind f\u00fcr Getriebe, Schmierung und verschiedene W\u00e4rme\u00fcbertragungsfl\u00fcssigkeiten konzipiert. Sie verf\u00fcgen \u00fcber korrosionsbest\u00e4ndige R\u00f6hren aus nickellegiertem Material und bronze Beschlusskappen. Der maximale \u00d6ldruck betr\u00e4gt 20 bar, w\u00e4hrend der maximale Wasserdruck 16 bar betr\u00e4gt. Diese K\u00fchler k\u00f6nnen Temperaturen von bis zu 120 \u00b0C standhalten. Der Bowman EC140-3198-4 R\u00f6hren\u00f6lk\u00fchler-W\u00e4rmetauscher k\u00fchlt Motor\u00f6l effizient.<\/p>\n<p><strong>Marke:<\/strong> Bowman<br \/><strong>Herkunft:<\/strong> Vereinigtes K\u00f6nigreich<br \/><strong>Modellnummer:<\/strong> EC140<br \/><strong>Maximale Leistung:<\/strong> 200 PS (150 kW)<br \/><strong>Anschl\u00fcsse:<\/strong> \u00d6l: 3\/4&#8243; BSP weiblich; Rohwasser: gerade Marine-Messing-Beschlusskappen f\u00fcr 45 mm ID-Schlauch<br \/><strong>Material:<\/strong> Kupfer-Nickel-Rohrstapel mit Marine-Messing-Beschlusskappen<br \/><strong>Abmessungen:<\/strong> L\u00e4nge: 460 mm; Au\u00dfendurchmesser: 100 mm<\/p>\n","protected":false},"excerpt":{"rendered":"<p>Bowman EC140-3198-4 &#8211; Die Bowman EC-\u00d6lk\u00fchler sind f\u00fcr Getriebe, Schmierung und verschiedene W\u00e4rme\u00fcbertragungsfl\u00fcssigkeiten konzipiert. Sie verf\u00fcgen \u00fcber korrosionsbest\u00e4ndige R\u00f6hren aus<\/p>\n","protected":false},"featured_media":5940818,"comment_status":"open","ping_status":"closed","template":"","meta":[],"product_brand":[2845],"product_cat":[1503],"product_tag":[],"class_list":{"0":"post-737154","1":"product","2":"type-product","3":"status-publish","4":"has-post-thumbnail","6":"product_brand-bowman-de","7":"product_cat-waermetauscher-und-oelkuehler","9":"first","10":"instock","11":"shipping-taxable","12":"purchasable","13":"product-type-simple"},"_links":{"self":[{"href":"https:\/\/stoic-curie.212-227-153-4.plesk.page\/de\/wp-json\/wp\/v2\/product\/737154","targetHints":{"allow":["GET"]}}],"collection":[{"href":"https:\/\/stoic-curie.212-227-153-4.plesk.page\/de\/wp-json\/wp\/v2\/product"}],"about":[{"href":"https:\/\/stoic-curie.212-227-153-4.plesk.page\/de\/wp-json\/wp\/v2\/types\/product"}],"replies":[{"embeddable":true,"href":"https:\/\/stoic-curie.212-227-153-4.plesk.page\/de\/wp-json\/wp\/v2\/comments?post=737154"}],"version-history":[{"count":0,"href":"https:\/\/stoic-curie.212-227-153-4.plesk.page\/de\/wp-json\/wp\/v2\/product\/737154\/revisions"}],"wp:featuredmedia":[{"embeddable":true,"href":"https:\/\/stoic-curie.212-227-153-4.plesk.page\/de\/wp-json\/wp\/v2\/media\/5940818"}],"wp:attachment":[{"href":"https:\/\/stoic-curie.212-227-153-4.plesk.page\/de\/wp-json\/wp\/v2\/media?parent=737154"}],"wp:term":[{"taxonomy":"product_brand","embeddable":true,"href":"https:\/\/stoic-curie.212-227-153-4.plesk.page\/de\/wp-json\/wp\/v2\/product_brand?post=737154"},{"taxonomy":"product_cat","embeddable":true,"href":"https:\/\/stoic-curie.212-227-153-4.plesk.page\/de\/wp-json\/wp\/v2\/product_cat?post=737154"},{"taxonomy":"product_tag","embeddable":true,"href":"https:\/\/stoic-curie.212-227-153-4.plesk.page\/de\/wp-json\/wp\/v2\/product_tag?post=737154"}],"curies":[{"name":"wp","href":"https:\/\/api.w.org\/{rel}","templated":true}]}}