{"id":737158,"date":"2025-03-03T16:35:25","date_gmt":"2025-03-03T15:35:25","guid":{"rendered":"https:\/\/stoic-curie.212-227-153-4.plesk.page\/producto\/abgaskruemmer-volvo-penta-5041008\/"},"modified":"2026-02-24T23:35:11","modified_gmt":"2026-02-24T23:35:11","slug":"abgaskruemmer-volvo-penta-5041008","status":"publish","type":"product","link":"https:\/\/stoic-curie.212-227-153-4.plesk.page\/de\/product\/abgaskruemmer-volvo-penta-5041008\/","title":{"rendered":"Abgaskr\u00fcmmer Volvo 856883"},"content":{"rendered":"<p>Abgaskr\u00fcmmer Volvo 856883 &#8211; <\/p>\n<p style=\"color: rgb(34, 34, 34); font-family: Arial, Helvetica, sans-serif; font-size: small;\">Volvo Abgaskr\u00fcmmer 856883<\/p>\n<p style=\"color: rgb(34, 34, 34); font-family: Arial, Helvetica, sans-serif; font-size: small;\">Dieser Abgaskr\u00fcmmer ist f\u00fcr Volvo Penta V8-Motoren ausgelegt, die bis 1993 hergestellt wurden. Er wird inklusive einer Dichtung und Schrauben geliefert, um die Installation zu erleichtern.<\/p>\n<p style=\"color: rgb(34, 34, 34); font-family: Arial, Helvetica, sans-serif; font-size: small;\">Kompatible Teilenummern:<\/p>\n<ul style=\"color: rgb(34, 34, 34); font-family: Arial, Helvetica, sans-serif; font-size: small;\">\n<li>HGE5804<\/li>\n<li>GLM51630<\/li>\n<li>OSC5805<\/li>\n<li>Volvo OEM: 835804, 855926, 856883<\/li>\n<li>Sierra OEM: 18-1931-1<\/li>\n<\/ul>\n<p style=\"color: rgb(34, 34, 34); font-family: Arial, Helvetica, sans-serif; font-size: small;\">Dieser Abgaskr\u00fcmmer passt zu den folgenden Volvo Penta V8-Modellen:<\/p>\n<ul style=\"color: rgb(34, 34, 34); font-family: Arial, Helvetica, sans-serif; font-size: small;\">\n<li>500A, 500B<\/li>\n<li>501A, 501B<\/li>\n<li>570A<\/li>\n<li>571A<\/li>\n<li>572A<\/li>\n<li>AQ200D, AQ200F<\/li>\n<li>AQ211A<\/li>\n<li>AQ225D, AQ225E, AQ225F<\/li>\n<li>AQ231A, AQ231B<\/li>\n<li>AQ255B<\/li>\n<li>AQ260A, AQ260B<\/li>\n<li>AQ271A, AQ271B, AQ271C, AQ271D<\/li>\n<li>AQ280A<\/li>\n<li>AQ290A<\/li>\n<li>AQ311A<\/li>\n<li>AQ311B<\/li>\n<li>BB225A, BB225AV, BB225B, BB225C<\/li>\n<li>BB231A<\/li>\n<li>BB260A, BB260AV, BB260B, BB260C<\/li>\n<li>BB261A<\/li>\n<\/ul>\n","protected":false},"excerpt":{"rendered":"<p>Abgaskr\u00fcmmer Volvo 856883 &#8211; Volvo Abgaskr\u00fcmmer 856883 Dieser Abgaskr\u00fcmmer ist f\u00fcr Volvo Penta V8-Motoren ausgelegt, die bis 1993 hergestellt wurden.<\/p>\n","protected":false},"featured_media":5945721,"comment_status":"open","ping_status":"closed","template":"","meta":[],"product_brand":[3390],"product_cat":[1542],"product_tag":[],"class_list":{"0":"post-737158","1":"product","2":"type-product","3":"status-publish","4":"has-post-thumbnail","6":"product_brand-sierra-marine-de","7":"product_cat-marine-ersatzteile-fuer-volvo-penta","9":"first","10":"instock","11":"shipping-taxable","12":"purchasable","13":"product-type-simple"},"_links":{"self":[{"href":"https:\/\/stoic-curie.212-227-153-4.plesk.page\/de\/wp-json\/wp\/v2\/product\/737158","targetHints":{"allow":["GET"]}}],"collection":[{"href":"https:\/\/stoic-curie.212-227-153-4.plesk.page\/de\/wp-json\/wp\/v2\/product"}],"about":[{"href":"https:\/\/stoic-curie.212-227-153-4.plesk.page\/de\/wp-json\/wp\/v2\/types\/product"}],"replies":[{"embeddable":true,"href":"https:\/\/stoic-curie.212-227-153-4.plesk.page\/de\/wp-json\/wp\/v2\/comments?post=737158"}],"version-history":[{"count":0,"href":"https:\/\/stoic-curie.212-227-153-4.plesk.page\/de\/wp-json\/wp\/v2\/product\/737158\/revisions"}],"wp:featuredmedia":[{"embeddable":true,"href":"https:\/\/stoic-curie.212-227-153-4.plesk.page\/de\/wp-json\/wp\/v2\/media\/5945721"}],"wp:attachment":[{"href":"https:\/\/stoic-curie.212-227-153-4.plesk.page\/de\/wp-json\/wp\/v2\/media?parent=737158"}],"wp:term":[{"taxonomy":"product_brand","embeddable":true,"href":"https:\/\/stoic-curie.212-227-153-4.plesk.page\/de\/wp-json\/wp\/v2\/product_brand?post=737158"},{"taxonomy":"product_cat","embeddable":true,"href":"https:\/\/stoic-curie.212-227-153-4.plesk.page\/de\/wp-json\/wp\/v2\/product_cat?post=737158"},{"taxonomy":"product_tag","embeddable":true,"href":"https:\/\/stoic-curie.212-227-153-4.plesk.page\/de\/wp-json\/wp\/v2\/product_tag?post=737158"}],"curies":[{"name":"wp","href":"https:\/\/api.w.org\/{rel}","templated":true}]}}