{"id":737160,"date":"2025-03-03T16:35:25","date_gmt":"2025-03-03T15:35:25","guid":{"rendered":"https:\/\/stoic-curie.212-227-153-4.plesk.page\/producto\/abgaskruemmer-volvo-855387\/"},"modified":"2026-02-24T23:35:11","modified_gmt":"2026-02-24T23:35:11","slug":"abgaskruemmer-volvo-855387","status":"publish","type":"product","link":"https:\/\/stoic-curie.212-227-153-4.plesk.page\/de\/product\/abgaskruemmer-volvo-855387\/","title":{"rendered":"Abgaskr\u00fcmmer Volvo 855387"},"content":{"rendered":"<p>Abgaskr\u00fcmmer Volvo 855387 &#8211; <\/p>\n<p style=\"color: rgb(34, 34, 34); font-family: Arial, Helvetica, sans-serif; font-size: small;\">Dieses Abgaskr\u00fcmmer ist f\u00fcr Volvo Penta 4-Zylinder-Motoren konzipiert und wird komplett mit einer Dichtung und Schrauben geliefert. Es ist ein originales Ersatzteil, das f\u00fcr mehrere Volvo Penta Modelle passt, einschlie\u00dflich AQ 120B, 125A, 140A und 145A BB. Dieses Kr\u00fcmmer ersetzt die Originalteilnummern: 855387-7, 834438-4 sowie Osco # VO418, Mallory # 9-40900, GLM # 51610 und Sierra # 18-1930-1.<\/p>\n<p style=\"color: rgb(34, 34, 34); font-family: Arial, Helvetica, sans-serif; font-size: small;\">Es ist kompatibel mit Volvo Penta B21, B23 und B25 Motoren, speziell den Modellen AQ120B, AQ125A und AQ125B, ersetzt die Teilenummer 855387. Dieses hochwertige Abgaskr\u00fcmmer ist aus langlebigem HGE-Gusseisen gefertigt.<\/p>\n<p style=\"color: rgb(34, 34, 34); font-family: Arial, Helvetica, sans-serif; font-size: small;\">Zus\u00e4tzlich ist es geeignet f\u00fcr Volvo Penta 2.3L und 2.5L 4-Zylinder-Motoren, einschlie\u00dflich der Modelle AQ &#038; BB 120B, 125A, 140A, 145, 151 und anderen. Das Paket enth\u00e4lt ein Montagekit f\u00fcr eine einfache Installation.<\/p>\n","protected":false},"excerpt":{"rendered":"<p>Abgaskr\u00fcmmer Volvo 855387 &#8211; Dieses Abgaskr\u00fcmmer ist f\u00fcr Volvo Penta 4-Zylinder-Motoren konzipiert und wird komplett mit einer Dichtung und Schrauben<\/p>\n","protected":false},"featured_media":5945725,"comment_status":"open","ping_status":"closed","template":"","meta":[],"product_brand":[3390],"product_cat":[1542],"product_tag":[],"class_list":{"0":"post-737160","1":"product","2":"type-product","3":"status-publish","4":"has-post-thumbnail","6":"product_brand-sierra-marine-de","7":"product_cat-marine-ersatzteile-fuer-volvo-penta","9":"first","10":"instock","11":"shipping-taxable","12":"purchasable","13":"product-type-simple"},"_links":{"self":[{"href":"https:\/\/stoic-curie.212-227-153-4.plesk.page\/de\/wp-json\/wp\/v2\/product\/737160","targetHints":{"allow":["GET"]}}],"collection":[{"href":"https:\/\/stoic-curie.212-227-153-4.plesk.page\/de\/wp-json\/wp\/v2\/product"}],"about":[{"href":"https:\/\/stoic-curie.212-227-153-4.plesk.page\/de\/wp-json\/wp\/v2\/types\/product"}],"replies":[{"embeddable":true,"href":"https:\/\/stoic-curie.212-227-153-4.plesk.page\/de\/wp-json\/wp\/v2\/comments?post=737160"}],"version-history":[{"count":0,"href":"https:\/\/stoic-curie.212-227-153-4.plesk.page\/de\/wp-json\/wp\/v2\/product\/737160\/revisions"}],"wp:featuredmedia":[{"embeddable":true,"href":"https:\/\/stoic-curie.212-227-153-4.plesk.page\/de\/wp-json\/wp\/v2\/media\/5945725"}],"wp:attachment":[{"href":"https:\/\/stoic-curie.212-227-153-4.plesk.page\/de\/wp-json\/wp\/v2\/media?parent=737160"}],"wp:term":[{"taxonomy":"product_brand","embeddable":true,"href":"https:\/\/stoic-curie.212-227-153-4.plesk.page\/de\/wp-json\/wp\/v2\/product_brand?post=737160"},{"taxonomy":"product_cat","embeddable":true,"href":"https:\/\/stoic-curie.212-227-153-4.plesk.page\/de\/wp-json\/wp\/v2\/product_cat?post=737160"},{"taxonomy":"product_tag","embeddable":true,"href":"https:\/\/stoic-curie.212-227-153-4.plesk.page\/de\/wp-json\/wp\/v2\/product_tag?post=737160"}],"curies":[{"name":"wp","href":"https:\/\/api.w.org\/{rel}","templated":true}]}}