{"id":737162,"date":"2025-03-03T16:35:26","date_gmt":"2025-03-03T15:35:26","guid":{"rendered":"https:\/\/stoic-curie.212-227-153-4.plesk.page\/producto\/auspuffkruemmer-mercruiser-mattes-schwarz-807988q03\/"},"modified":"2026-02-24T23:35:11","modified_gmt":"2026-02-24T23:35:11","slug":"auspuffkruemmer-mercruiser-mattes-schwarz-807988q03","status":"publish","type":"product","link":"https:\/\/stoic-curie.212-227-153-4.plesk.page\/de\/product\/auspuffkruemmer-mercruiser-mattes-schwarz-807988q03\/","title":{"rendered":"Auspuffkr\u00fcmmer Mercruiser (mattes Schwarz) 807988Q03"},"content":{"rendered":"<p>Auspuffkr\u00fcmmer Mercruiser (mattes Schwarz) 807988Q03 &#8211; <\/p>\n<p>Echter Mercruiser 807988A03 Abgaskr\u00fcmmer. Passt zu 4.3L\/LX &#8211; 5.0L\/LX &#8211; 5.7L\/LX &#8211; 7.4L\/LX Motoren. Muss mit Dichtung und 4 Schrauben 5040412 erg\u00e4nzt werden. 7.4L\/LX Modelle haben 3 Schrauben 5040412 und 1 Schraube 5040413. Verf\u00fcgbar sind 3 und 6 Zoll Riser Abstandshalter-Sets, die ben\u00f6tigt werden, um die H\u00f6he der Abgasleitung anzupassen.<\/p>\n","protected":false},"excerpt":{"rendered":"<p>Auspuffkr\u00fcmmer Mercruiser (mattes Schwarz) 807988Q03 &#8211; Echter Mercruiser 807988A03 Abgaskr\u00fcmmer. Passt zu 4.3L\/LX &#8211; 5.0L\/LX &#8211; 5.7L\/LX &#8211; 7.4L\/LX Motoren.<\/p>\n","protected":false},"featured_media":5945727,"comment_status":"open","ping_status":"closed","template":"","meta":[],"product_brand":[3285],"product_cat":[1543],"product_tag":[],"class_list":{"0":"post-737162","1":"product","2":"type-product","3":"status-publish","4":"has-post-thumbnail","6":"product_brand-quicksilver-de","7":"product_cat-marine-ersatzteile-fuer-mercruiser","9":"first","10":"instock","11":"shipping-taxable","12":"purchasable","13":"product-type-simple"},"_links":{"self":[{"href":"https:\/\/stoic-curie.212-227-153-4.plesk.page\/de\/wp-json\/wp\/v2\/product\/737162","targetHints":{"allow":["GET"]}}],"collection":[{"href":"https:\/\/stoic-curie.212-227-153-4.plesk.page\/de\/wp-json\/wp\/v2\/product"}],"about":[{"href":"https:\/\/stoic-curie.212-227-153-4.plesk.page\/de\/wp-json\/wp\/v2\/types\/product"}],"replies":[{"embeddable":true,"href":"https:\/\/stoic-curie.212-227-153-4.plesk.page\/de\/wp-json\/wp\/v2\/comments?post=737162"}],"version-history":[{"count":0,"href":"https:\/\/stoic-curie.212-227-153-4.plesk.page\/de\/wp-json\/wp\/v2\/product\/737162\/revisions"}],"wp:featuredmedia":[{"embeddable":true,"href":"https:\/\/stoic-curie.212-227-153-4.plesk.page\/de\/wp-json\/wp\/v2\/media\/5945727"}],"wp:attachment":[{"href":"https:\/\/stoic-curie.212-227-153-4.plesk.page\/de\/wp-json\/wp\/v2\/media?parent=737162"}],"wp:term":[{"taxonomy":"product_brand","embeddable":true,"href":"https:\/\/stoic-curie.212-227-153-4.plesk.page\/de\/wp-json\/wp\/v2\/product_brand?post=737162"},{"taxonomy":"product_cat","embeddable":true,"href":"https:\/\/stoic-curie.212-227-153-4.plesk.page\/de\/wp-json\/wp\/v2\/product_cat?post=737162"},{"taxonomy":"product_tag","embeddable":true,"href":"https:\/\/stoic-curie.212-227-153-4.plesk.page\/de\/wp-json\/wp\/v2\/product_tag?post=737162"}],"curies":[{"name":"wp","href":"https:\/\/api.w.org\/{rel}","templated":true}]}}