{"id":737164,"date":"2025-03-03T16:35:26","date_gmt":"2025-03-03T15:35:26","guid":{"rendered":"https:\/\/stoic-curie.212-227-153-4.plesk.page\/producto\/spacer-kit-6w-mit-verlaengerungsschrauben-dichtungen-93322a12\/"},"modified":"2026-02-24T23:35:11","modified_gmt":"2026-02-24T23:35:11","slug":"spacer-kit-6w-mit-verlaengerungsschrauben-dichtungen-93322a12","status":"publish","type":"product","link":"https:\/\/stoic-curie.212-227-153-4.plesk.page\/de\/product\/spacer-kit-6w-mit-verlaengerungsschrauben-dichtungen-93322a12\/","title":{"rendered":"Kit Mercruiser 93322A12"},"content":{"rendered":"<p>Kit Mercruiser 93322A12 &#8211; <\/p>\n<p><strong>93322A12 Abgasdurchf\u00fchrung Kit &#8211; 6 Zoll<\/strong><\/p>\n<p>Dies ist ein originales Mercruiser OEM-Teil, kein Nachr\u00fcstprodukt.<\/p>\n<p><strong>Produktdetails:<\/strong><\/p>\n<ul>\n<li><strong>Teilenummer:<\/strong>&nbsp;93322A12<\/li>\n<li><strong>Gr\u00f6\u00dfe:<\/strong>&nbsp;6 Zoll (152 mm)<\/li>\n<\/ul>\n<p><strong>Kompatibilit\u00e4t:<\/strong><\/p>\n<ul>\n<li>Passt f\u00fcr MCM (Sternantrieb) V\u20116 Vergaser- und TBI-Motoren mit 2-teiligen Abgaskr\u00fcmmern, Seriennummer 0M614999 und darunter.<\/li>\n<li>Kompatibel mit MCM\/MIE\/Tow Sports V\u20118-Motoren (305, 350, 377, 454 und 502 cid) mit Gusseisenb\u00f6gen, Seriennummer 0M299999 und darunter.<\/li>\n<li>Funktioniert mit MCM (Sternantrieb) V\u20118 Vergaser-Motoren (305 und 350 cid), Seriennummern 0M300000 bis 0M599999, sowie MIE (Innenbord) und Tow Sports Vergaser-Motoren, Seriennummern 0M300000 bis 0M316999.<\/li>\n<\/ul>\n<p><strong>Eigenschaften:<\/strong><\/p>\n<ul>\n<li>Neues OEM MerCruiser V6 und V8 Abgasdurchf\u00fchrungs-Spacer-Kit, 6 Zoll (Teilenummer 93322A12).<\/li>\n<li>Entwickelt f\u00fcr alle MerCruiser Mittelpufferkr\u00fcmmer.<\/li>\n<li>Eignet sich f\u00fcr alle V6- und V8-Motoren ab den fr\u00fchen 1980er Jahren.<\/li>\n<li>Enth\u00e4lt neue Schrauben, Dichtungen, 6 Zoll hohe Spacer, Unterlegscheiben und Muttern.<\/li>\n<\/ul>\n<p><strong>Zus\u00e4tzliche Informationen:<\/strong>&nbsp;Das MerCruiser 93322A12 Verl\u00e4ngerungsblock-Kit umfasst:<\/p>\n<ul>\n<li>Vier Dichtungen f\u00fcr die Vollstr\u00f6mung.<\/li>\n<li>Befestigungsschrauben zur Anbringung an den Kr\u00fcmmer.<\/li>\n<li>Befestigungswinkel f\u00fcr Zubeh\u00f6r, das an den Verl\u00e4ngerungsbl\u00f6cken angeschlossen ist.<\/li>\n<\/ul>\n<p><br style=\"color: rgb(34, 34, 34); font-family: Arial, Helvetica, sans-serif; font-size: small;\"><\/p>\n","protected":false},"excerpt":{"rendered":"<p>Kit Mercruiser 93322A12 &#8211; 93322A12 Abgasdurchf\u00fchrung Kit &#8211; 6 Zoll Dies ist ein originales Mercruiser OEM-Teil, kein Nachr\u00fcstprodukt. Produktdetails: Teilenummer:&nbsp;93322A12<\/p>\n","protected":false},"featured_media":5945729,"comment_status":"open","ping_status":"closed","template":"","meta":[],"product_brand":[3285],"product_cat":[1543],"product_tag":[],"class_list":{"0":"post-737164","1":"product","2":"type-product","3":"status-publish","4":"has-post-thumbnail","6":"product_brand-quicksilver-de","7":"product_cat-marine-ersatzteile-fuer-mercruiser","9":"first","10":"instock","11":"shipping-taxable","12":"purchasable","13":"product-type-simple"},"_links":{"self":[{"href":"https:\/\/stoic-curie.212-227-153-4.plesk.page\/de\/wp-json\/wp\/v2\/product\/737164","targetHints":{"allow":["GET"]}}],"collection":[{"href":"https:\/\/stoic-curie.212-227-153-4.plesk.page\/de\/wp-json\/wp\/v2\/product"}],"about":[{"href":"https:\/\/stoic-curie.212-227-153-4.plesk.page\/de\/wp-json\/wp\/v2\/types\/product"}],"replies":[{"embeddable":true,"href":"https:\/\/stoic-curie.212-227-153-4.plesk.page\/de\/wp-json\/wp\/v2\/comments?post=737164"}],"version-history":[{"count":0,"href":"https:\/\/stoic-curie.212-227-153-4.plesk.page\/de\/wp-json\/wp\/v2\/product\/737164\/revisions"}],"wp:featuredmedia":[{"embeddable":true,"href":"https:\/\/stoic-curie.212-227-153-4.plesk.page\/de\/wp-json\/wp\/v2\/media\/5945729"}],"wp:attachment":[{"href":"https:\/\/stoic-curie.212-227-153-4.plesk.page\/de\/wp-json\/wp\/v2\/media?parent=737164"}],"wp:term":[{"taxonomy":"product_brand","embeddable":true,"href":"https:\/\/stoic-curie.212-227-153-4.plesk.page\/de\/wp-json\/wp\/v2\/product_brand?post=737164"},{"taxonomy":"product_cat","embeddable":true,"href":"https:\/\/stoic-curie.212-227-153-4.plesk.page\/de\/wp-json\/wp\/v2\/product_cat?post=737164"},{"taxonomy":"product_tag","embeddable":true,"href":"https:\/\/stoic-curie.212-227-153-4.plesk.page\/de\/wp-json\/wp\/v2\/product_tag?post=737164"}],"curies":[{"name":"wp","href":"https:\/\/api.w.org\/{rel}","templated":true}]}}