{"id":737170,"date":"2025-03-03T16:35:28","date_gmt":"2025-03-03T15:35:28","guid":{"rendered":"https:\/\/stoic-curie.212-227-153-4.plesk.page\/producto\/xd-motorlager-120-x-70mm-60kg\/"},"modified":"2026-02-24T23:35:11","modified_gmt":"2026-02-24T23:35:11","slug":"xd-motorlager-120-x-70mm-60kg","status":"publish","type":"product","link":"https:\/\/stoic-curie.212-227-153-4.plesk.page\/de\/product\/xd-motorlager-120-x-70mm-60kg\/","title":{"rendered":"XD Motorlager 120 x 70mm 60kg"},"content":{"rendered":"<p>XD Motorlager 120 x 70mm 60kg &#8211; <\/p>\n<p>Antivibrationslager f\u00fcr Niedrigleistungs-Dieselmotoren und f\u00fcr mobile Anwendungen, die eine hohe D\u00e4mmung erfordern. Spezifisches Design mit geringer vertikaler und radialer Steifigkeit, ideal f\u00fcr Motoren mit starken Vibrationen bei niedrigen Leerlaufdrehzahlen. 80 mm lange M16-Gewindestange. (SH = Shore)<\/p>\n","protected":false},"excerpt":{"rendered":"<p>XD Motorlager 120 x 70mm 60kg &#8211; Antivibrationslager f\u00fcr Niedrigleistungs-Dieselmotoren und f\u00fcr mobile Anwendungen, die eine hohe D\u00e4mmung erfordern. Spezifisches<\/p>\n","protected":false},"featured_media":5945734,"comment_status":"open","ping_status":"closed","template":"","meta":[],"product_brand":[2780],"product_cat":[1537],"product_tag":[],"class_list":{"0":"post-737170","1":"product","2":"type-product","3":"status-publish","4":"has-post-thumbnail","6":"product_brand-ancor-marine-de","7":"product_cat-motorhalterungen","9":"first","10":"instock","11":"shipping-taxable","12":"purchasable","13":"product-type-simple"},"_links":{"self":[{"href":"https:\/\/stoic-curie.212-227-153-4.plesk.page\/de\/wp-json\/wp\/v2\/product\/737170","targetHints":{"allow":["GET"]}}],"collection":[{"href":"https:\/\/stoic-curie.212-227-153-4.plesk.page\/de\/wp-json\/wp\/v2\/product"}],"about":[{"href":"https:\/\/stoic-curie.212-227-153-4.plesk.page\/de\/wp-json\/wp\/v2\/types\/product"}],"replies":[{"embeddable":true,"href":"https:\/\/stoic-curie.212-227-153-4.plesk.page\/de\/wp-json\/wp\/v2\/comments?post=737170"}],"version-history":[{"count":0,"href":"https:\/\/stoic-curie.212-227-153-4.plesk.page\/de\/wp-json\/wp\/v2\/product\/737170\/revisions"}],"wp:featuredmedia":[{"embeddable":true,"href":"https:\/\/stoic-curie.212-227-153-4.plesk.page\/de\/wp-json\/wp\/v2\/media\/5945734"}],"wp:attachment":[{"href":"https:\/\/stoic-curie.212-227-153-4.plesk.page\/de\/wp-json\/wp\/v2\/media?parent=737170"}],"wp:term":[{"taxonomy":"product_brand","embeddable":true,"href":"https:\/\/stoic-curie.212-227-153-4.plesk.page\/de\/wp-json\/wp\/v2\/product_brand?post=737170"},{"taxonomy":"product_cat","embeddable":true,"href":"https:\/\/stoic-curie.212-227-153-4.plesk.page\/de\/wp-json\/wp\/v2\/product_cat?post=737170"},{"taxonomy":"product_tag","embeddable":true,"href":"https:\/\/stoic-curie.212-227-153-4.plesk.page\/de\/wp-json\/wp\/v2\/product_tag?post=737170"}],"curies":[{"name":"wp","href":"https:\/\/api.w.org\/{rel}","templated":true}]}}