{"id":737174,"date":"2025-03-03T16:35:28","date_gmt":"2025-03-03T15:35:28","guid":{"rendered":"https:\/\/stoic-curie.212-227-153-4.plesk.page\/producto\/technodrive-tmc40p-2-60\/"},"modified":"2026-02-24T23:35:11","modified_gmt":"2026-02-24T23:35:11","slug":"technodrive-tmc40p-2-60","status":"publish","type":"product","link":"https:\/\/stoic-curie.212-227-153-4.plesk.page\/de\/product\/technodrive-tmc40p-2-60\/","title":{"rendered":"Technodrive TMC40P 2.60"},"content":{"rendered":"<p>Technodrive TMC40P 2.60 &#8211; <\/p>\n<p><strong>Technodrive TMC40P 2.60 \u00dcbersicht<\/strong><\/p>\n<p>Das Technodrive TMC40P ist ein mechanisches Getriebe, das speziell f\u00fcr Marine Motoren entwickelt wurde. Es verf\u00fcgt \u00fcber konische Kupplungen und ger\u00e4uscharme Zahnr\u00e4der, die einen reibungslosen Betrieb garantieren. Hergestellt von Twin Disc, hat Technodrive sich einen soliden Ruf im Bereich der Marine-\u00dcbertragungen erarbeitet, mit einer Tradition, die 1918 begann. Das Unternehmen lieferte in den 1930er Jahren erstmals Marine-\u00dcbertragungen f\u00fcr Fischerboote in den Gro\u00dfen Seen. Ihre Produkte erlangten sp\u00e4ter Anerkennung in LCVPs, den Landungsbooten, die von den USA w\u00e4hrend des Zweiten Weltkriegs eingesetzt wurden.<\/p>\n<p>Die beeindruckende Leistung in verschiedenen Anwendungen hat Technodrive als f\u00fchrenden Hersteller von Marine-\u00dcbertragungen positioniert. Sie bedienen einen weltweiten Markt und bieten L\u00f6sungen f\u00fcr alle Arten von Wasserfahrzeugen, einschlie\u00dflich kommerzieller, freizeitorientierter und milit\u00e4rischer Boote.<\/p>\n<p><strong>Technische Daten:<\/strong><\/p>\n<ul>\n<li><strong>\u00d6ltyp:<\/strong> ATF<\/li>\n<li><strong>\u00d6lkapazit\u00e4t:<\/strong> 0,2 L<\/li>\n<li><strong>Maximale Betriebstemperatur:<\/strong> 15 \u00baC<\/li>\n<li><strong>Gewicht:<\/strong> 9 kg<\/li>\n<li><strong>Kupplungsbet\u00e4tigung:<\/strong> Mechanisch<\/li>\n<li><strong>Maximale Temperatur:<\/strong> 95 \u00baC<\/li>\n<li><strong>\u00dcbersetzungsverh\u00e4ltnisse:<\/strong>\n<ul>\n<li><strong>Vorw\u00e4rts:<\/strong> 1,45:1, 2,00:1, 2,60:1<\/li>\n<li><strong>R\u00fcckw\u00e4rts:<\/strong> 2,13:1<\/li>\n<\/ul>\n<\/li>\n<\/ul>\n<p>Alle \u00dcbersetzungsverh\u00e4ltnisse sind sowohl f\u00fcr 45 mm als auch f\u00fcr 75 mm Wellen (L) verf\u00fcgbar. Dieses Getriebe ist eine hervorragende Wahl f\u00fcr alle, die zuverl\u00e4ssige Leistung und Langlebigkeit in maritimen Anwendungen suchen.<\/p>\n","protected":false},"excerpt":{"rendered":"<p>Technodrive TMC40P 2.60 &#8211; Technodrive TMC40P 2.60 \u00dcbersicht Das Technodrive TMC40P ist ein mechanisches Getriebe, das speziell f\u00fcr Marine Motoren<\/p>\n","protected":false},"featured_media":5945736,"comment_status":"open","ping_status":"closed","template":"","meta":[],"product_brand":[3465],"product_cat":[1518],"product_tag":[],"class_list":{"0":"post-737174","1":"product","2":"type-product","3":"status-publish","4":"has-post-thumbnail","6":"product_brand-technodrive-de","7":"product_cat-getriebe-von-technodrive","9":"first","10":"instock","11":"shipping-taxable","12":"purchasable","13":"product-type-simple"},"_links":{"self":[{"href":"https:\/\/stoic-curie.212-227-153-4.plesk.page\/de\/wp-json\/wp\/v2\/product\/737174","targetHints":{"allow":["GET"]}}],"collection":[{"href":"https:\/\/stoic-curie.212-227-153-4.plesk.page\/de\/wp-json\/wp\/v2\/product"}],"about":[{"href":"https:\/\/stoic-curie.212-227-153-4.plesk.page\/de\/wp-json\/wp\/v2\/types\/product"}],"replies":[{"embeddable":true,"href":"https:\/\/stoic-curie.212-227-153-4.plesk.page\/de\/wp-json\/wp\/v2\/comments?post=737174"}],"version-history":[{"count":0,"href":"https:\/\/stoic-curie.212-227-153-4.plesk.page\/de\/wp-json\/wp\/v2\/product\/737174\/revisions"}],"wp:featuredmedia":[{"embeddable":true,"href":"https:\/\/stoic-curie.212-227-153-4.plesk.page\/de\/wp-json\/wp\/v2\/media\/5945736"}],"wp:attachment":[{"href":"https:\/\/stoic-curie.212-227-153-4.plesk.page\/de\/wp-json\/wp\/v2\/media?parent=737174"}],"wp:term":[{"taxonomy":"product_brand","embeddable":true,"href":"https:\/\/stoic-curie.212-227-153-4.plesk.page\/de\/wp-json\/wp\/v2\/product_brand?post=737174"},{"taxonomy":"product_cat","embeddable":true,"href":"https:\/\/stoic-curie.212-227-153-4.plesk.page\/de\/wp-json\/wp\/v2\/product_cat?post=737174"},{"taxonomy":"product_tag","embeddable":true,"href":"https:\/\/stoic-curie.212-227-153-4.plesk.page\/de\/wp-json\/wp\/v2\/product_tag?post=737174"}],"curies":[{"name":"wp","href":"https:\/\/api.w.org\/{rel}","templated":true}]}}