{"id":737178,"date":"2025-03-03T16:35:29","date_gmt":"2025-03-03T15:35:29","guid":{"rendered":"https:\/\/stoic-curie.212-227-153-4.plesk.page\/producto\/technodrive-tmc260-2-00\/"},"modified":"2026-02-24T23:35:11","modified_gmt":"2026-02-24T23:35:11","slug":"technodrive-tmc260-2-00","status":"publish","type":"product","link":"https:\/\/stoic-curie.212-227-153-4.plesk.page\/de\/product\/technodrive-tmc260-2-00\/","title":{"rendered":"Technodrive TMC260 2.00"},"content":{"rendered":"<p>Technodrive TMC260 2.00 &#8211; <\/p>\n<p style=\"color: rgb(34, 34, 34); font-family: Arial, Helvetica, sans-serif; font-size: small;\">Die Technodrive TMC260 2.00 Marinegetriebeeinheit verf\u00fcgt \u00fcber mechanisch bet\u00e4tigte konische Kupplungen, die von einem Servosystem aktiviert werden. Die Zahnr\u00e4der sind speziell f\u00fcr einen ger\u00e4uscharmen Betrieb ausgelegt, und die Lager sind gro\u00dfz\u00fcgig dimensioniert, um Langlebigkeit zu gew\u00e4hrleisten.<\/p>\n<p style=\"color: rgb(34, 34, 34); font-family: Arial, Helvetica, sans-serif; font-size: small;\">Dieses Getriebe ist mit verschiedenen Vorw\u00e4rts\u00fcbersetzungen erh\u00e4ltlich, die im Dropdown-Men\u00fc ausgew\u00e4hlt werden k\u00f6nnen. Die Leistung im Freizeitbereich betr\u00e4gt 84 kW (112,65 PS), w\u00e4hrend die Leistung f\u00fcr den gewerblichen Einsatz bei 61 kW (81,8 PS) liegt. Es kann eine maximale Eingabedrehzahl von 5000 U\/min erreichen und hat ein Trockengewicht von 18 kg. Das ben\u00f6tigte \u00d6lvolumen betr\u00e4gt 1,20 Liter, und der empfohlene \u00d6ltyp ist ATF.<\/p>\n<p style=\"color: rgb(34, 34, 34); font-family: Arial, Helvetica, sans-serif; font-size: small;\">Diese mechanischen Getriebe sind mit rechtsdrehenden Propellern kompatibel. F\u00fcr linksdrehende Propeller muss der R\u00fcckw\u00e4rtsgang als Vorw\u00e4rtsgang verwendet werden. Die \u00dcbersetzungsverh\u00e4ltnisse von 2,00 und 2,47 sind besonders geeignet f\u00fcr sowohl links- als auch rechtsdrehende Propeller im \u201eVorw\u00e4rts\u201c-Vollhub, was das TMC 260 zu einer ausgezeichneten Wahl f\u00fcr Zwillingsmotoranwendungen macht.<\/p>\n<p style=\"color: rgb(34, 34, 34); font-family: Arial, Helvetica, sans-serif; font-size: small;\">Hergestellt in Italien, ist das hochwertige Marinegetriebe Twin Disc Technodrive TMC260 darauf ausgelegt, eine breite Palette von Marine-Dieselmaschinen unterzubringen.<\/p>\n<p style=\"color: rgb(34, 34, 34); font-family: Arial, Helvetica, sans-serif; font-size: small;\">Spezifikationen:<\/p>\n<ul style=\"color: rgb(34, 34, 34); font-family: Arial, Helvetica, sans-serif; font-size: small;\">\n<li>Gewicht: 18 kg<\/li>\n<li>Maximale Drehzahl: 5000 U\/min<\/li>\n<li>Maximale Motorleistung: 84 kW<\/li>\n<li>Vorw\u00e4rts\u00fcbersetzungsverh\u00e4ltnisse: 1,54, 2,00, 2,47, 2,88<\/li>\n<li>R\u00fcckw\u00e4rts\u00fcbersetzungsverh\u00e4ltnisse: 2,00, 2,47<\/li>\n<\/ul>\n<p style=\"color: rgb(34, 34, 34); font-family: Arial, Helvetica, sans-serif; font-size: small;\">Dieses Getriebe vereint Zuverl\u00e4ssigkeit und Leistung und ist eine wertvolle Erg\u00e4nzung Ihrer maritimen Ausr\u00fcstung.<\/p>\n","protected":false},"excerpt":{"rendered":"<p>Technodrive TMC260 2.00 &#8211; Die Technodrive TMC260 2.00 Marinegetriebeeinheit verf\u00fcgt \u00fcber mechanisch bet\u00e4tigte konische Kupplungen, die von einem Servosystem aktiviert<\/p>\n","protected":false},"featured_media":5945742,"comment_status":"open","ping_status":"closed","template":"","meta":[],"product_brand":[3465],"product_cat":[1518],"product_tag":[],"class_list":{"0":"post-737178","1":"product","2":"type-product","3":"status-publish","4":"has-post-thumbnail","6":"product_brand-technodrive-de","7":"product_cat-getriebe-von-technodrive","9":"first","10":"outofstock","11":"shipping-taxable","12":"purchasable","13":"product-type-simple"},"_links":{"self":[{"href":"https:\/\/stoic-curie.212-227-153-4.plesk.page\/de\/wp-json\/wp\/v2\/product\/737178","targetHints":{"allow":["GET"]}}],"collection":[{"href":"https:\/\/stoic-curie.212-227-153-4.plesk.page\/de\/wp-json\/wp\/v2\/product"}],"about":[{"href":"https:\/\/stoic-curie.212-227-153-4.plesk.page\/de\/wp-json\/wp\/v2\/types\/product"}],"replies":[{"embeddable":true,"href":"https:\/\/stoic-curie.212-227-153-4.plesk.page\/de\/wp-json\/wp\/v2\/comments?post=737178"}],"version-history":[{"count":0,"href":"https:\/\/stoic-curie.212-227-153-4.plesk.page\/de\/wp-json\/wp\/v2\/product\/737178\/revisions"}],"wp:featuredmedia":[{"embeddable":true,"href":"https:\/\/stoic-curie.212-227-153-4.plesk.page\/de\/wp-json\/wp\/v2\/media\/5945742"}],"wp:attachment":[{"href":"https:\/\/stoic-curie.212-227-153-4.plesk.page\/de\/wp-json\/wp\/v2\/media?parent=737178"}],"wp:term":[{"taxonomy":"product_brand","embeddable":true,"href":"https:\/\/stoic-curie.212-227-153-4.plesk.page\/de\/wp-json\/wp\/v2\/product_brand?post=737178"},{"taxonomy":"product_cat","embeddable":true,"href":"https:\/\/stoic-curie.212-227-153-4.plesk.page\/de\/wp-json\/wp\/v2\/product_cat?post=737178"},{"taxonomy":"product_tag","embeddable":true,"href":"https:\/\/stoic-curie.212-227-153-4.plesk.page\/de\/wp-json\/wp\/v2\/product_tag?post=737178"}],"curies":[{"name":"wp","href":"https:\/\/api.w.org\/{rel}","templated":true}]}}