{"id":737179,"date":"2025-03-03T16:35:29","date_gmt":"2025-03-03T15:35:29","guid":{"rendered":"https:\/\/stoic-curie.212-227-153-4.plesk.page\/producto\/technodrive-tmc260-2-47\/"},"modified":"2026-02-24T23:35:11","modified_gmt":"2026-02-24T23:35:11","slug":"technodrive-tmc260-2-47","status":"publish","type":"product","link":"https:\/\/stoic-curie.212-227-153-4.plesk.page\/de\/product\/technodrive-tmc260-2-47\/","title":{"rendered":"Technodrive TMC260 2.47"},"content":{"rendered":"<p>Technodrive TMC260 2.47 &#8211; <\/p>\n<p>Das Technodrive TMC260 2.47 Marinegetriebe ist mit mechanisch betriebenen konischen Kupplungen ausgestattet, die durch einen Servomechanismus bet\u00e4tigt werden. Das Design der Zahnr\u00e4der priorisiert einen leisen Betrieb, w\u00e4hrend die Lager gro\u00dfz\u00fcgig dimensioniert sind, um Langlebigkeit zu gew\u00e4hrleisten.<\/p>\n<p>Dieses Getriebe wird mit einer Auswahl an Vorw\u00e4rts\u00fcbersetzungen angeboten, die im Dropdown-Men\u00fc ausgew\u00e4hlt werden k\u00f6nnen. Es verf\u00fcgt \u00fcber eine Leistungsbewertung von 84 kW (112,65 PS) und eine kommerzielle Bewertung von 61 kW (81,8 PS). Es kann eine maximale Eingabedrehzahl von 5000 U\/min aufnehmen und hat ein Trockengewicht von 18 kg. Das erforderliche \u00d6lvolumen betr\u00e4gt 1,20 Liter, wobei ATF als empfohlene \u00d6lart dient.<\/p>\n<p>Diese mechanischen Getriebe sind f\u00fcr den Betrieb mit rechtsdrehenden Propellern ausgelegt. Bei linksdrehenden Propellern muss der R\u00fcckw\u00e4rtsgang als Vorw\u00e4rtsstellung genutzt werden. Die Reduktionsverh\u00e4ltnisse von 2,00 und 2,47 sind besonders gut geeignet f\u00fcr die Rotation von links- und rechtsdrehenden Propellern bei \u201eVorw\u00e4rts\u201c Vollgas, was das TMC 260 zu einer hervorragenden Wahl f\u00fcr Zwillingsmotoren macht.<\/p>\n<p>Produziert in Italien, ist das hochwertige Marinegetriebe Twin Disc Technodrive TMC260 so konstruiert, dass es eine Vielzahl von maritimen Dieselmotoren unterst\u00fctzt.<\/p>\n<p>Die Spezifikationen beinhalten:<\/p>\n<ul>\n<li>Gewicht: 18 kg<\/li>\n<li>Maximale Drehzahl: 5000 U\/min<\/li>\n<li>Maximale Motorleistung: 84 kW<\/li>\n<li>Vorw\u00e4rts\u00fcbersetzungsverh\u00e4ltnisse: 1,54, 2,00, 2,47, 2,88<\/li>\n<li>R\u00fcckw\u00e4rts\u00fcbersetzungsverh\u00e4ltnisse: 2,00, 2,47<\/li>\n<\/ul>\n<p>Dieses Getriebe vereint Zuverl\u00e4ssigkeit mit Leistung und stellt somit eine bedeutende Verbesserung Ihrer maritimen Ausr\u00fcstung dar.<\/p>\n","protected":false},"excerpt":{"rendered":"<p>Technodrive TMC260 2.47 &#8211; Das Technodrive TMC260 2.47 Marinegetriebe ist mit mechanisch betriebenen konischen Kupplungen ausgestattet, die durch einen Servomechanismus<\/p>\n","protected":false},"featured_media":5945742,"comment_status":"open","ping_status":"closed","template":"","meta":[],"product_brand":[3465],"product_cat":[1518],"product_tag":[],"class_list":{"0":"post-737179","1":"product","2":"type-product","3":"status-publish","4":"has-post-thumbnail","6":"product_brand-technodrive-de","7":"product_cat-getriebe-von-technodrive","9":"first","10":"outofstock","11":"shipping-taxable","12":"purchasable","13":"product-type-simple"},"_links":{"self":[{"href":"https:\/\/stoic-curie.212-227-153-4.plesk.page\/de\/wp-json\/wp\/v2\/product\/737179","targetHints":{"allow":["GET"]}}],"collection":[{"href":"https:\/\/stoic-curie.212-227-153-4.plesk.page\/de\/wp-json\/wp\/v2\/product"}],"about":[{"href":"https:\/\/stoic-curie.212-227-153-4.plesk.page\/de\/wp-json\/wp\/v2\/types\/product"}],"replies":[{"embeddable":true,"href":"https:\/\/stoic-curie.212-227-153-4.plesk.page\/de\/wp-json\/wp\/v2\/comments?post=737179"}],"version-history":[{"count":0,"href":"https:\/\/stoic-curie.212-227-153-4.plesk.page\/de\/wp-json\/wp\/v2\/product\/737179\/revisions"}],"wp:featuredmedia":[{"embeddable":true,"href":"https:\/\/stoic-curie.212-227-153-4.plesk.page\/de\/wp-json\/wp\/v2\/media\/5945742"}],"wp:attachment":[{"href":"https:\/\/stoic-curie.212-227-153-4.plesk.page\/de\/wp-json\/wp\/v2\/media?parent=737179"}],"wp:term":[{"taxonomy":"product_brand","embeddable":true,"href":"https:\/\/stoic-curie.212-227-153-4.plesk.page\/de\/wp-json\/wp\/v2\/product_brand?post=737179"},{"taxonomy":"product_cat","embeddable":true,"href":"https:\/\/stoic-curie.212-227-153-4.plesk.page\/de\/wp-json\/wp\/v2\/product_cat?post=737179"},{"taxonomy":"product_tag","embeddable":true,"href":"https:\/\/stoic-curie.212-227-153-4.plesk.page\/de\/wp-json\/wp\/v2\/product_tag?post=737179"}],"curies":[{"name":"wp","href":"https:\/\/api.w.org\/{rel}","templated":true}]}}