{"id":737181,"date":"2025-03-03T16:35:30","date_gmt":"2025-03-03T15:35:30","guid":{"rendered":"https:\/\/stoic-curie.212-227-153-4.plesk.page\/producto\/technodrive-tmc345-2-00\/"},"modified":"2026-02-24T23:35:11","modified_gmt":"2026-02-24T23:35:11","slug":"technodrive-tmc345-2-00","status":"publish","type":"product","link":"https:\/\/stoic-curie.212-227-153-4.plesk.page\/de\/product\/technodrive-tmc345-2-00\/","title":{"rendered":"Technodrive TMC345 2.00"},"content":{"rendered":"<p>Technodrive TMC345 2.00 &#8211; <\/p>\n<p><strong>Hydraulisches Getriebe Technodrive TM345 f\u00fcr Marine-Motoren<\/strong><\/p>\n<p>Das TM345-Getriebe verf\u00fcgt \u00fcber ein robustes Geh\u00e4use aus Aluminiumlegierung und hydraulisch bet\u00e4tigte Mehrscheibenkupplungen, die die Effizienz in Marine-Motoren erh\u00f6hen. Entwickelt, um den h\u00e4rtesten maritimen Bedingungen standzuhalten, garantiert dieses Getriebe eine optimale Kraft\u00fcbertragung mit konstanten \u00dcbersetzungsverh\u00e4ltnissen sowohl vorw\u00e4rts als auch r\u00fcckw\u00e4rts. Die speziell entwickelten Kupplungen und Zahnr\u00e4der sorgen f\u00fcr Langlebigkeit und zuverl\u00e4ssige Leistung, wodurch es sowohl f\u00fcr professionelle als auch f\u00fcr freizeitorientierte marine Anwendungen geeignet ist.<\/p>\n<p><strong>Technische Daten:<\/strong><\/p>\n<table>\n<thead>\n<tr>\n<th>Motor Modell<\/th>\n<th>Hersteller<\/th>\n<th>Kupplungsbet\u00e4tigung<\/th>\n<th>Austrittsreduktionsverh\u00e4ltnis<\/th>\n<\/tr>\n<\/thead>\n<tbody>\n<tr>\n<td>MINI-29<\/td>\n<td>Technodrive<\/td>\n<td>Hydraulisch<\/td>\n<td>2.00:1<\/td>\n<\/tr>\n<tr>\n<td>MINI-33<\/td>\n<td>Technodrive<\/td>\n<td>Hydraulisch<\/td>\n<td>2.00:1<\/td>\n<\/tr>\n<tr>\n<td>MINI-44<\/td>\n<td>Technodrive<\/td>\n<td>Hydraulisch<\/td>\n<td>2.00:1<\/td>\n<\/tr>\n<tr>\n<td>MINI-55<\/td>\n<td>Technodrive<\/td>\n<td>Hydraulisch<\/td>\n<td>1.54:1<\/td>\n<\/tr>\n<tr>\n<td>MINI-62<\/td>\n<td>Technodrive<\/td>\n<td>Hydraulisch<\/td>\n<td>2.00:1<\/td>\n<\/tr>\n<tr>\n<td>MINI-74<\/td>\n<td>Technodrive<\/td>\n<td>Hydraulisch<\/td>\n<td>2.00:1 &#8211; 2.00:1<\/td>\n<\/tr>\n<tr>\n<td>SK-60<\/td>\n<td>Technodrive<\/td>\n<td>Hydraulisch<\/td>\n<td>1.54:1<\/td>\n<\/tr>\n<tr>\n<td>SM-82<\/td>\n<td>Technodrive<\/td>\n<td>Hydraulisch<\/td>\n<td>1.54:1<\/td>\n<\/tr>\n<tr>\n<td>SM-94<\/td>\n<td>Technodrive<\/td>\n<td>Hydraulisch<\/td>\n<td>1.54:1<\/td>\n<\/tr>\n<\/tbody>\n<\/table>\n<p><strong>Zus\u00e4tzliche technische Daten:<\/strong><\/p>\n<ul>\n<li><strong>\u00d6ltyp:<\/strong> SAE 15W40<\/li>\n<li><strong>\u00d6lkapazit\u00e4t:<\/strong> 1.6 L<\/li>\n<li><strong>Maximale Betriebstemperatur:<\/strong> 95 \u00baC<\/li>\n<li><strong>Gewicht:<\/strong> 25 Kg<\/li>\n<li><strong>Getriebeart:<\/strong> RECTO<\/li>\n<\/ul>\n<p><strong>Reduktionsverh\u00e4ltnisse:<\/strong><\/p>\n<table>\n<thead>\n<tr>\n<th>Richtung<\/th>\n<th>Verh\u00e4ltnis<\/th>\n<\/tr>\n<\/thead>\n<tbody>\n<tr>\n<td>Vorw\u00e4rts<\/td>\n<td>1.54:1<\/td>\n<\/tr>\n<tr>\n<td>R\u00fcckw\u00e4rts<\/td>\n<td>1.54:1<\/td>\n<\/tr>\n<tr>\n<td>Vorw\u00e4rts<\/td>\n<td>2.00:1<\/td>\n<\/tr>\n<tr>\n<td>R\u00fcckw\u00e4rts<\/td>\n<td>2.00:1<\/td>\n<\/tr>\n<tr>\n<td>Vorw\u00e4rts<\/td>\n<td>2.47:1<\/td>\n<\/tr>\n<tr>\n<td>R\u00fcckw\u00e4rts<\/td>\n<td>2.47:1<\/td>\n<\/tr>\n<\/tbody>\n<\/table>\n<p>Das TM345-Getriebe ist ohne Motoranschlussglocke erh\u00e4ltlich und bietet ein \u00dcbersetzungsverh\u00e4ltnis von 2.00:1 f\u00fcr Vorw\u00e4rts- und R\u00fcckw\u00e4rtsbetrieb.<\/p>\n<p><strong>Maximale Motorantriebsleistung (Kw):<\/strong><\/p>\n<ul>\n<li><strong>Freizeitkraft:<\/strong>\n<ul>\n<li>2600 U\/min \u2192 76 Kw<\/li>\n<li>3200 U\/min \u2192 94 Kw<\/li>\n<\/ul>\n<\/li>\n<li><strong>Zwischenanwendungen:<\/strong>\n<ul>\n<li>2100 U\/min \u2192 47 Kw<\/li>\n<li>2500 U\/min \u2192 56 Kw<\/li>\n<\/ul>\n<\/li>\n<li><strong>Kontinuierlicher Gebrauch:<\/strong>\n<ul>\n<li>1800 U\/min \u2192 35 Kw<\/li>\n<li>2400 U\/min \u2192 47 Kw<\/li>\n<\/ul>\n<\/li>\n<\/ul>\n<p><strong>Maximale Motordrehzahl:<\/strong> 4500 U\/min<br \/><strong>Maximale Motorleistung:<\/strong> 110 Kw<br \/><strong>Trockengewicht:<\/strong> 25 Kg<br \/><strong>\u00d6lmenge:<\/strong> 1.6 L<\/p>\n<p><strong>Optionale Zubeh\u00f6rteile (auf Anfrage bei Auftragsbest\u00e4tigung):<\/strong><\/p>\n<ul>\n<li>Glocke SAE 3, SAE 4<\/li>\n<li>Joints 6.5&#8243; &#8211; 7.5&#8243;<\/li>\n<li>Haltewinkel f\u00fcr Steuerkabel<\/li>\n<li>W\u00e4rmetauscher<\/li>\n<li>Schubventil<\/li>\n<li>Gegenschale<\/li>\n<li>Elektrischer Selektor<\/li>\n<\/ul>\n<p><strong>Installationshinweise:<\/strong><\/p>\n<p>Es ist wichtig, die torsionale Kompatibilit\u00e4t sicherzustellen, um Sch\u00e4den an den Getriebekomponenten zu vermeiden. Inkompatibilit\u00e4t kann w\u00e4hrend des Leerlaufs des Motors zu Ger\u00e4uschen f\u00fchren und potenziell Sch\u00e4den am Getriebe verursachen. Technodrive lehnt jede Verantwortung f\u00fcr Ger\u00e4usche oder Sch\u00e4den am Inverter, den Verbindungen oder anderen Getriebekomponenten ab, die durch Vibrationen aufgrund torsionaler Inkompatibilit\u00e4t verursacht werden. Die Verantwortung f\u00fcr die Durchf\u00fchrung einer Analyse der torsionalen Kompatibilit\u00e4t liegt beim Antriebssystem-Assembler.<\/p>\n","protected":false},"excerpt":{"rendered":"<p>Technodrive TMC345 2.00 &#8211; Hydraulisches Getriebe Technodrive TM345 f\u00fcr Marine-Motoren Das TM345-Getriebe verf\u00fcgt \u00fcber ein robustes Geh\u00e4use aus Aluminiumlegierung und<\/p>\n","protected":false},"featured_media":5945744,"comment_status":"open","ping_status":"closed","template":"","meta":[],"product_brand":[3465],"product_cat":[1518],"product_tag":[],"class_list":{"0":"post-737181","1":"product","2":"type-product","3":"status-publish","4":"has-post-thumbnail","6":"product_brand-technodrive-de","7":"product_cat-getriebe-von-technodrive","9":"first","10":"outofstock","11":"shipping-taxable","12":"purchasable","13":"product-type-simple"},"_links":{"self":[{"href":"https:\/\/stoic-curie.212-227-153-4.plesk.page\/de\/wp-json\/wp\/v2\/product\/737181","targetHints":{"allow":["GET"]}}],"collection":[{"href":"https:\/\/stoic-curie.212-227-153-4.plesk.page\/de\/wp-json\/wp\/v2\/product"}],"about":[{"href":"https:\/\/stoic-curie.212-227-153-4.plesk.page\/de\/wp-json\/wp\/v2\/types\/product"}],"replies":[{"embeddable":true,"href":"https:\/\/stoic-curie.212-227-153-4.plesk.page\/de\/wp-json\/wp\/v2\/comments?post=737181"}],"version-history":[{"count":0,"href":"https:\/\/stoic-curie.212-227-153-4.plesk.page\/de\/wp-json\/wp\/v2\/product\/737181\/revisions"}],"wp:featuredmedia":[{"embeddable":true,"href":"https:\/\/stoic-curie.212-227-153-4.plesk.page\/de\/wp-json\/wp\/v2\/media\/5945744"}],"wp:attachment":[{"href":"https:\/\/stoic-curie.212-227-153-4.plesk.page\/de\/wp-json\/wp\/v2\/media?parent=737181"}],"wp:term":[{"taxonomy":"product_brand","embeddable":true,"href":"https:\/\/stoic-curie.212-227-153-4.plesk.page\/de\/wp-json\/wp\/v2\/product_brand?post=737181"},{"taxonomy":"product_cat","embeddable":true,"href":"https:\/\/stoic-curie.212-227-153-4.plesk.page\/de\/wp-json\/wp\/v2\/product_cat?post=737181"},{"taxonomy":"product_tag","embeddable":true,"href":"https:\/\/stoic-curie.212-227-153-4.plesk.page\/de\/wp-json\/wp\/v2\/product_tag?post=737181"}],"curies":[{"name":"wp","href":"https:\/\/api.w.org\/{rel}","templated":true}]}}