{"id":737182,"date":"2025-03-03T16:35:30","date_gmt":"2025-03-03T15:35:30","guid":{"rendered":"https:\/\/stoic-curie.212-227-153-4.plesk.page\/producto\/technodrive-tmc345-2-47\/"},"modified":"2026-02-24T23:35:11","modified_gmt":"2026-02-24T23:35:11","slug":"technodrive-tmc345-2-47","status":"publish","type":"product","link":"https:\/\/stoic-curie.212-227-153-4.plesk.page\/de\/product\/technodrive-tmc345-2-47\/","title":{"rendered":"Technodrive TMC345 2.47"},"content":{"rendered":"<p>Technodrive TMC345 2.47 &#8211; Der TM345A-Marinetransmission verf\u00fcgt \u00fcber ein robustes Geh\u00e4use aus Aluminiumlegierung und ist mit hydraulisch bet\u00e4tigten Multi-Disk-Kupplungen ausgestattet. Diese Kupplungen und Zahnr\u00e4der sind darauf ausgelegt, eine maximale Drehmoment\u00fcbertragung zu gew\u00e4hrleisten und bieten im Vorw\u00e4rts- und R\u00fcckw\u00e4rtsbetrieb das gleiche \u00dcbersetzungsverh\u00e4ltnis. Die Ausgangswelle ist mit einem Abwinkelungswinkel von 8\u00ba gestaltet, um die korrekte Installation der Marinetransmission auf Plan- oder Halbdurchsatzschiffen zu erm\u00f6glichen. Diese umfassende \u00dcbersicht \u00fcber das Technodrive TM345A-Hydraulikgetriebe liefert wichtige Informationen f\u00fcr Bootsbesitzer, die zuverl\u00e4ssige und hochwertige Marineger\u00e4te suchen. Bei weiteren Fragen oder Anliegen stehen wir Ihnen gerne zur Verf\u00fcgung.<\/p>\n","protected":false},"excerpt":{"rendered":"<p>Technodrive TMC345 2.47 &#8211; Der TM345A-Marinetransmission verf\u00fcgt \u00fcber ein robustes Geh\u00e4use aus Aluminiumlegierung und ist mit hydraulisch bet\u00e4tigten Multi-Disk-Kupplungen ausgestattet.<\/p>\n","protected":false},"featured_media":5945744,"comment_status":"open","ping_status":"closed","template":"","meta":[],"product_brand":[3465],"product_cat":[1518],"product_tag":[],"class_list":{"0":"post-737182","1":"product","2":"type-product","3":"status-publish","4":"has-post-thumbnail","6":"product_brand-technodrive-de","7":"product_cat-getriebe-von-technodrive","9":"first","10":"outofstock","11":"shipping-taxable","12":"purchasable","13":"product-type-simple"},"_links":{"self":[{"href":"https:\/\/stoic-curie.212-227-153-4.plesk.page\/de\/wp-json\/wp\/v2\/product\/737182","targetHints":{"allow":["GET"]}}],"collection":[{"href":"https:\/\/stoic-curie.212-227-153-4.plesk.page\/de\/wp-json\/wp\/v2\/product"}],"about":[{"href":"https:\/\/stoic-curie.212-227-153-4.plesk.page\/de\/wp-json\/wp\/v2\/types\/product"}],"replies":[{"embeddable":true,"href":"https:\/\/stoic-curie.212-227-153-4.plesk.page\/de\/wp-json\/wp\/v2\/comments?post=737182"}],"version-history":[{"count":0,"href":"https:\/\/stoic-curie.212-227-153-4.plesk.page\/de\/wp-json\/wp\/v2\/product\/737182\/revisions"}],"wp:featuredmedia":[{"embeddable":true,"href":"https:\/\/stoic-curie.212-227-153-4.plesk.page\/de\/wp-json\/wp\/v2\/media\/5945744"}],"wp:attachment":[{"href":"https:\/\/stoic-curie.212-227-153-4.plesk.page\/de\/wp-json\/wp\/v2\/media?parent=737182"}],"wp:term":[{"taxonomy":"product_brand","embeddable":true,"href":"https:\/\/stoic-curie.212-227-153-4.plesk.page\/de\/wp-json\/wp\/v2\/product_brand?post=737182"},{"taxonomy":"product_cat","embeddable":true,"href":"https:\/\/stoic-curie.212-227-153-4.plesk.page\/de\/wp-json\/wp\/v2\/product_cat?post=737182"},{"taxonomy":"product_tag","embeddable":true,"href":"https:\/\/stoic-curie.212-227-153-4.plesk.page\/de\/wp-json\/wp\/v2\/product_tag?post=737182"}],"curies":[{"name":"wp","href":"https:\/\/api.w.org\/{rel}","templated":true}]}}