{"id":737184,"date":"2025-03-03T16:35:30","date_gmt":"2025-03-03T15:35:30","guid":{"rendered":"https:\/\/stoic-curie.212-227-153-4.plesk.page\/producto\/daempferplatte-rd-18-336mm\/"},"modified":"2026-02-24T23:35:11","modified_gmt":"2026-02-24T23:35:11","slug":"daempferplatte-rd-18-336mm","status":"publish","type":"product","link":"https:\/\/stoic-curie.212-227-153-4.plesk.page\/de\/product\/daempferplatte-rd-18-336mm\/","title":{"rendered":"D\u00e4mpferplatte R&#038;D 18 336mm"},"content":{"rendered":"<p>D\u00e4mpferplatte R&#038;D 18 336mm &#8211; <\/p>\n<p>D\u00e4mpferplatten f\u00fcr Mittel- und Gro\u00dfmotorgetriebe Twin Disc \/ Technodrive \u2013 Warner &#8211; Hurth usw.<\/p>\n","protected":false},"excerpt":{"rendered":"<p>D\u00e4mpferplatte R&#038;D 18 336mm &#8211; D\u00e4mpferplatten f\u00fcr Mittel- und Gro\u00dfmotorgetriebe Twin Disc \/ Technodrive \u2013 Warner &#8211; Hurth usw.<\/p>\n","protected":false},"featured_media":5945746,"comment_status":"open","ping_status":"closed","template":"","meta":[],"product_brand":[3295],"product_cat":[1502],"product_tag":[],"class_list":{"0":"post-737184","1":"product","2":"type-product","3":"status-publish","4":"has-post-thumbnail","6":"product_brand-rd-marine-de","7":"product_cat-daempfer-und-kupplungen","9":"first","10":"outofstock","11":"shipping-taxable","12":"purchasable","13":"product-type-simple"},"_links":{"self":[{"href":"https:\/\/stoic-curie.212-227-153-4.plesk.page\/de\/wp-json\/wp\/v2\/product\/737184","targetHints":{"allow":["GET"]}}],"collection":[{"href":"https:\/\/stoic-curie.212-227-153-4.plesk.page\/de\/wp-json\/wp\/v2\/product"}],"about":[{"href":"https:\/\/stoic-curie.212-227-153-4.plesk.page\/de\/wp-json\/wp\/v2\/types\/product"}],"replies":[{"embeddable":true,"href":"https:\/\/stoic-curie.212-227-153-4.plesk.page\/de\/wp-json\/wp\/v2\/comments?post=737184"}],"version-history":[{"count":0,"href":"https:\/\/stoic-curie.212-227-153-4.plesk.page\/de\/wp-json\/wp\/v2\/product\/737184\/revisions"}],"wp:featuredmedia":[{"embeddable":true,"href":"https:\/\/stoic-curie.212-227-153-4.plesk.page\/de\/wp-json\/wp\/v2\/media\/5945746"}],"wp:attachment":[{"href":"https:\/\/stoic-curie.212-227-153-4.plesk.page\/de\/wp-json\/wp\/v2\/media?parent=737184"}],"wp:term":[{"taxonomy":"product_brand","embeddable":true,"href":"https:\/\/stoic-curie.212-227-153-4.plesk.page\/de\/wp-json\/wp\/v2\/product_brand?post=737184"},{"taxonomy":"product_cat","embeddable":true,"href":"https:\/\/stoic-curie.212-227-153-4.plesk.page\/de\/wp-json\/wp\/v2\/product_cat?post=737184"},{"taxonomy":"product_tag","embeddable":true,"href":"https:\/\/stoic-curie.212-227-153-4.plesk.page\/de\/wp-json\/wp\/v2\/product_tag?post=737184"}],"curies":[{"name":"wp","href":"https:\/\/api.w.org\/{rel}","templated":true}]}}