{"id":737187,"date":"2025-03-03T16:35:31","date_gmt":"2025-03-03T15:35:31","guid":{"rendered":"https:\/\/stoic-curie.212-227-153-4.plesk.page\/producto\/messinglager-fuer-105-mm-welle-aussendurchmesser-5-zoll-1-4-zoll\/"},"modified":"2026-02-24T23:35:11","modified_gmt":"2026-02-24T23:35:11","slug":"messinglager-fuer-105-mm-welle-aussendurchmesser-5-zoll-1-4-zoll","status":"publish","type":"product","link":"https:\/\/stoic-curie.212-227-153-4.plesk.page\/de\/product\/messinglager-fuer-105-mm-welle-aussendurchmesser-5-zoll-1-4-zoll\/","title":{"rendered":"Messinglager 105 x 133.35 x 406.4mm"},"content":{"rendered":"<p>Messinglager 105 x 133.35 x 406.4mm &#8211; <\/p>\n<p>Wassergeschmierte Wellenlager zeichnen sich durch einen inneren Durchmesser in Zoll und einen \u00e4u\u00dferen Durchmesser aus, der ebenfalls in Zoll gemessen wird. Diese Lager verf\u00fcgen \u00fcber ein \u00e4u\u00dferes Geh\u00e4use aus Messing und ein inneres Element aus Gummi, das axiale Kan\u00e4le enth\u00e4lt. Sie sind auf Langlebigkeit ausgelegt und bestehen aus marinem Messing sowie einer robusten Innenbeschichtung aus synthetischem Nitrilkautschuk.<\/p>\n<p>F\u00fcr eine optimale Leistung sollte ein neues cutless Lager mit einer Messingh\u00fclle einen Abstand von 0,006 Zoll f\u00fcr jeden Zoll Durchmesser der Welle einhalten.<\/p>\n<p>Spezifikationen:<\/p>\n<p>Wellendurchmesser: 105 mm<br \/>Au\u00dfendurchmesser: 133,35 mm<br \/>L\u00e4nge: 406,4 mm<\/p>\n","protected":false},"excerpt":{"rendered":"<p>Messinglager 105 x 133.35 x 406.4mm &#8211; Wassergeschmierte Wellenlager zeichnen sich durch einen inneren Durchmesser in Zoll und einen \u00e4u\u00dferen<\/p>\n","protected":false},"featured_media":5945749,"comment_status":"open","ping_status":"closed","template":"","meta":[],"product_brand":[2915],"product_cat":[1525],"product_tag":[],"class_list":{"0":"post-737187","1":"product","2":"type-product","3":"status-publish","4":"has-post-thumbnail","6":"product_brand-eliche-radice-de","7":"product_cat-propellerwellenlager","9":"first","10":"instock","11":"shipping-taxable","12":"purchasable","13":"product-type-simple"},"_links":{"self":[{"href":"https:\/\/stoic-curie.212-227-153-4.plesk.page\/de\/wp-json\/wp\/v2\/product\/737187","targetHints":{"allow":["GET"]}}],"collection":[{"href":"https:\/\/stoic-curie.212-227-153-4.plesk.page\/de\/wp-json\/wp\/v2\/product"}],"about":[{"href":"https:\/\/stoic-curie.212-227-153-4.plesk.page\/de\/wp-json\/wp\/v2\/types\/product"}],"replies":[{"embeddable":true,"href":"https:\/\/stoic-curie.212-227-153-4.plesk.page\/de\/wp-json\/wp\/v2\/comments?post=737187"}],"version-history":[{"count":0,"href":"https:\/\/stoic-curie.212-227-153-4.plesk.page\/de\/wp-json\/wp\/v2\/product\/737187\/revisions"}],"wp:featuredmedia":[{"embeddable":true,"href":"https:\/\/stoic-curie.212-227-153-4.plesk.page\/de\/wp-json\/wp\/v2\/media\/5945749"}],"wp:attachment":[{"href":"https:\/\/stoic-curie.212-227-153-4.plesk.page\/de\/wp-json\/wp\/v2\/media?parent=737187"}],"wp:term":[{"taxonomy":"product_brand","embeddable":true,"href":"https:\/\/stoic-curie.212-227-153-4.plesk.page\/de\/wp-json\/wp\/v2\/product_brand?post=737187"},{"taxonomy":"product_cat","embeddable":true,"href":"https:\/\/stoic-curie.212-227-153-4.plesk.page\/de\/wp-json\/wp\/v2\/product_cat?post=737187"},{"taxonomy":"product_tag","embeddable":true,"href":"https:\/\/stoic-curie.212-227-153-4.plesk.page\/de\/wp-json\/wp\/v2\/product_tag?post=737187"}],"curies":[{"name":"wp","href":"https:\/\/api.w.org\/{rel}","templated":true}]}}