{"id":737188,"date":"2025-03-03T16:35:31","date_gmt":"2025-03-03T15:35:31","guid":{"rendered":"https:\/\/stoic-curie.212-227-153-4.plesk.page\/producto\/messinglager-fuer-115-mm-welle-aussendurchmesser-5-zoll-1-2-zoll\/"},"modified":"2026-02-24T23:35:11","modified_gmt":"2026-02-24T23:35:11","slug":"messinglager-fuer-115-mm-welle-aussendurchmesser-5-zoll-1-2-zoll","status":"publish","type":"product","link":"https:\/\/stoic-curie.212-227-153-4.plesk.page\/de\/product\/messinglager-fuer-115-mm-welle-aussendurchmesser-5-zoll-1-2-zoll\/","title":{"rendered":"Messinglager f\u00fcr 115 mm Welle (Au\u00dfendurchmesser 5 Zoll 1\/2 Zoll)"},"content":{"rendered":"<p>Messinglager f\u00fcr 115 mm Welle (Au\u00dfendurchmesser 5 Zoll 1\/2 Zoll) &#8211; <\/p>\n<p style=\"color: rgb(34, 34, 34); font-family: Arial, Helvetica, sans-serif; font-size: small;\">Messinglager f\u00fcr 115 mm Welle (\u00e4u\u00dfere 5&#8243; 1\/2 Zoll)<\/p>\n<p style=\"color: rgb(34, 34, 34); font-family: Arial, Helvetica, sans-serif; font-size: small;\">Unsere wasserge\u00f6lten Wellenlager sind sorgf\u00e4ltig mit einem metrischen Innendurchmesser und einem imperialen Au\u00dfendurchmesser gefertigt. Diese Lager verf\u00fcgen \u00fcber ein stabiles Messing\u00e4u\u00dferes, das durch ein inneres Gummi-Element erg\u00e4nzt wird, das axiale Kan\u00e4le enth\u00e4lt. Diese einzigartige Kombination aus Gummi und Wasser dient als ideales Lagermaterial und Schmiermittel. Die nat\u00fcrliche Elastizit\u00e4t des Gummis sorgt f\u00fcr au\u00dfergew\u00f6hnliche Sto\u00dfd\u00e4mpfung und d\u00e4mpft effektiv Vibrationen.<\/p>\n<p style=\"color: rgb(34, 34, 34); font-family: Arial, Helvetica, sans-serif; font-size: small;\">Das fortschrittliche Design des Aqualube-Lagers verbessert seine Funktionalit\u00e4t erheblich. Im Gegensatz zu vielen anderen verf\u00fcgbaren Lagern sind Aqualube-Lager speziell daf\u00fcr ausgelegt, einen hydrodynamischen Wasserkeil zwischen der Welle und dem Lager zu erzeugen, selbst bei niedrigeren Wellen gedrehen. Wasser ist ein hervorragendes Schmiermittel f\u00fcr maritime Umgebungen aufgrund seiner reichlichen Verf\u00fcgbarkeit, Inkompressibilit\u00e4t, K\u00fchlf\u00e4higkeit und der geringen Reibungszahl, wenn es mit der Lagerstrecke und der Welle in Kontakt kommt. Wasser tritt durch l\u00e4ngs verlaufende Rillen in das Lager ein und erzeugt einen d\u00fcnnen Film, der radial zwischen der Propellerwelle und der Lagerfront bewegt. Sobald dieser Film oder Keil etabliert ist, bleibt die Welle von direktem Kontakt mit dem Lager isoliert.<\/p>\n<p style=\"color: rgb(34, 34, 34); font-family: Arial, Helvetica, sans-serif; font-size: small;\">Das Marine-Messing- oder Metalllager hat eine \u00e4u\u00dfere Messingh\u00fclle, die pr\u00e4zise bearbeitet und poliert ist, was eine einfache Installation erleichtert. Ein speziell formuliertes Nitril-Gummi, das \u00f6l- und chemikalienbest\u00e4ndig ist, ist sicher an der H\u00fclle befestigt. F\u00fcr kleinere Fahrzeuge bieten wir Einheiten mit d\u00fcnneren H\u00fcllen an, die f\u00fcr St\u00fctzen geeignet sind. Buchsenlager werden in der Regel mit einer leichten Presspassung installiert und mit kegelf\u00f6rmigen Schrauben gesichert.<\/p>\n<p style=\"color: rgb(34, 34, 34); font-family: Arial, Helvetica, sans-serif; font-size: small;\">Wellen Durchmesser: 115 mm<\/p>\n","protected":false},"excerpt":{"rendered":"<p>Messinglager f\u00fcr 115 mm Welle (Au\u00dfendurchmesser 5 Zoll 1\/2 Zoll) &#8211; Messinglager f\u00fcr 115 mm Welle (\u00e4u\u00dfere 5&#8243; 1\/2 Zoll)<\/p>\n","protected":false},"featured_media":5940503,"comment_status":"open","ping_status":"closed","template":"","meta":[],"product_brand":[2915],"product_cat":[1525],"product_tag":[],"class_list":{"0":"post-737188","1":"product","2":"type-product","3":"status-publish","4":"has-post-thumbnail","6":"product_brand-eliche-radice-de","7":"product_cat-propellerwellenlager","9":"first","10":"instock","11":"shipping-taxable","12":"purchasable","13":"product-type-simple"},"_links":{"self":[{"href":"https:\/\/stoic-curie.212-227-153-4.plesk.page\/de\/wp-json\/wp\/v2\/product\/737188","targetHints":{"allow":["GET"]}}],"collection":[{"href":"https:\/\/stoic-curie.212-227-153-4.plesk.page\/de\/wp-json\/wp\/v2\/product"}],"about":[{"href":"https:\/\/stoic-curie.212-227-153-4.plesk.page\/de\/wp-json\/wp\/v2\/types\/product"}],"replies":[{"embeddable":true,"href":"https:\/\/stoic-curie.212-227-153-4.plesk.page\/de\/wp-json\/wp\/v2\/comments?post=737188"}],"version-history":[{"count":0,"href":"https:\/\/stoic-curie.212-227-153-4.plesk.page\/de\/wp-json\/wp\/v2\/product\/737188\/revisions"}],"wp:featuredmedia":[{"embeddable":true,"href":"https:\/\/stoic-curie.212-227-153-4.plesk.page\/de\/wp-json\/wp\/v2\/media\/5940503"}],"wp:attachment":[{"href":"https:\/\/stoic-curie.212-227-153-4.plesk.page\/de\/wp-json\/wp\/v2\/media?parent=737188"}],"wp:term":[{"taxonomy":"product_brand","embeddable":true,"href":"https:\/\/stoic-curie.212-227-153-4.plesk.page\/de\/wp-json\/wp\/v2\/product_brand?post=737188"},{"taxonomy":"product_cat","embeddable":true,"href":"https:\/\/stoic-curie.212-227-153-4.plesk.page\/de\/wp-json\/wp\/v2\/product_cat?post=737188"},{"taxonomy":"product_tag","embeddable":true,"href":"https:\/\/stoic-curie.212-227-153-4.plesk.page\/de\/wp-json\/wp\/v2\/product_tag?post=737188"}],"curies":[{"name":"wp","href":"https:\/\/api.w.org\/{rel}","templated":true}]}}