{"id":737192,"date":"2025-03-03T16:35:32","date_gmt":"2025-03-03T15:35:32","guid":{"rendered":"https:\/\/stoic-curie.212-227-153-4.plesk.page\/producto\/messing-wellenlager-110-x-135-x-140mm\/"},"modified":"2026-02-24T23:35:11","modified_gmt":"2026-02-24T23:35:11","slug":"messing-wellenlager-110-x-135-x-140mm","status":"publish","type":"product","link":"https:\/\/stoic-curie.212-227-153-4.plesk.page\/de\/product\/messing-wellenlager-110-x-135-x-140mm\/","title":{"rendered":"Messing-Wellenlager 110 x 135 x 140mm"},"content":{"rendered":"<p>Messing-Wellenlager 110 x 135 x 140mm &#8211; <\/p>\n<p style=\"color: rgb(34, 34, 34); font-family: Arial, Helvetica, sans-serif; font-size: small;\">Wassergeschmierte Wellenlager sind mit metrischen Abmessungen f\u00fcr innere und \u00e4u\u00dfere Durchmesser konzipiert. Sie bestehen aus einem Messing-Au\u00dfengeh\u00e4use und einem inneren Gummiabschnitt, der axiale Kan\u00e4le enth\u00e4lt und speziell f\u00fcr Anwendungen an Sternr\u00f6hren entwickelt wurde. Das Wasser bildet eine sch\u00fctzende Barriere, die die direkte Reibung zwischen Welle und Lager minimiert. Die Nitril-Innenbeschichtung verbessert die Widerstandsf\u00e4higkeit gegen Abrieb und Abnutzung und isoliert gleichzeitig effektiv gegen Ger\u00e4usche und Vibrationen. Diese Lager sind in hochwertigen, marinen Cutlass-Designs erh\u00e4ltlich, die sorgf\u00e4ltig f\u00fcr Sternr\u00f6hren, Motorwellen und verschiedene andere wasser geschmierte Lageranwendungen konzipiert wurden.<\/p>\n<p style=\"color: rgb(34, 34, 34); font-family: Arial, Helvetica, sans-serif; font-size: small;\">Die Eliche Radice-Serie umfasst Lager, die aus robustem Gummi in marine Bronze-Geh\u00e4usen geformt sind, was au\u00dfergew\u00f6hnliche Haltbarkeit gegen\u00fcber Abnutzung gew\u00e4hrleistet.<\/p>\n<p style=\"color: rgb(34, 34, 34); font-family: Arial, Helvetica, sans-serif; font-size: small;\"><strong>Hauptmerkmale:<\/strong><\/p>\n<ul style=\"color: rgb(34, 34, 34); font-family: Arial, Helvetica, sans-serif; font-size: small;\">\n<li>Sicherung von Spitzenqualit\u00e4t<\/li>\n<li>Produkte von Eliche Radice bestehen aus hochwertigen Materialien und werden nach der Herstellung gr\u00fcndlichen Kontrollen unterzogen<\/li>\n<\/ul>\n","protected":false},"excerpt":{"rendered":"<p>Messing-Wellenlager 110 x 135 x 140mm &#8211; Wassergeschmierte Wellenlager sind mit metrischen Abmessungen f\u00fcr innere und \u00e4u\u00dfere Durchmesser konzipiert. Sie<\/p>\n","protected":false},"featured_media":5940503,"comment_status":"open","ping_status":"closed","template":"","meta":[],"product_brand":[2915],"product_cat":[1525],"product_tag":[],"class_list":{"0":"post-737192","1":"product","2":"type-product","3":"status-publish","4":"has-post-thumbnail","6":"product_brand-eliche-radice-de","7":"product_cat-propellerwellenlager","9":"first","10":"instock","11":"shipping-taxable","12":"purchasable","13":"product-type-simple"},"_links":{"self":[{"href":"https:\/\/stoic-curie.212-227-153-4.plesk.page\/de\/wp-json\/wp\/v2\/product\/737192","targetHints":{"allow":["GET"]}}],"collection":[{"href":"https:\/\/stoic-curie.212-227-153-4.plesk.page\/de\/wp-json\/wp\/v2\/product"}],"about":[{"href":"https:\/\/stoic-curie.212-227-153-4.plesk.page\/de\/wp-json\/wp\/v2\/types\/product"}],"replies":[{"embeddable":true,"href":"https:\/\/stoic-curie.212-227-153-4.plesk.page\/de\/wp-json\/wp\/v2\/comments?post=737192"}],"version-history":[{"count":0,"href":"https:\/\/stoic-curie.212-227-153-4.plesk.page\/de\/wp-json\/wp\/v2\/product\/737192\/revisions"}],"wp:featuredmedia":[{"embeddable":true,"href":"https:\/\/stoic-curie.212-227-153-4.plesk.page\/de\/wp-json\/wp\/v2\/media\/5940503"}],"wp:attachment":[{"href":"https:\/\/stoic-curie.212-227-153-4.plesk.page\/de\/wp-json\/wp\/v2\/media?parent=737192"}],"wp:term":[{"taxonomy":"product_brand","embeddable":true,"href":"https:\/\/stoic-curie.212-227-153-4.plesk.page\/de\/wp-json\/wp\/v2\/product_brand?post=737192"},{"taxonomy":"product_cat","embeddable":true,"href":"https:\/\/stoic-curie.212-227-153-4.plesk.page\/de\/wp-json\/wp\/v2\/product_cat?post=737192"},{"taxonomy":"product_tag","embeddable":true,"href":"https:\/\/stoic-curie.212-227-153-4.plesk.page\/de\/wp-json\/wp\/v2\/product_tag?post=737192"}],"curies":[{"name":"wp","href":"https:\/\/api.w.org\/{rel}","templated":true}]}}