{"id":737208,"date":"2025-03-03T16:35:35","date_gmt":"2025-03-03T15:35:35","guid":{"rendered":"https:\/\/stoic-curie.212-227-153-4.plesk.page\/producto\/aluminium-propeller-solas-11-60-x-13-plus\/"},"modified":"2026-02-24T23:35:11","modified_gmt":"2026-02-24T23:35:11","slug":"aluminium-propeller-solas-11-60-x-13-plus","status":"publish","type":"product","link":"https:\/\/stoic-curie.212-227-153-4.plesk.page\/de\/product\/aluminium-propeller-solas-11-60-x-13-plus\/","title":{"rendered":"Aluminium-Propeller Solas 11.60 x 13 (plus)"},"content":{"rendered":"<p>Aluminium-Propeller Solas 11.60 x 13 (plus) &#8211; <\/p>\n<p>Aluminium Solas-Propeller f\u00fcr Au\u00dfenbordmotoren. Die \u00fcberlegene Bauqualit\u00e4t erm\u00f6glicht es Solas-Propellern, jede Art von Originalpropeller problemlos zu ersetzen. Plus = Erh\u00f6hte Blattoberfl\u00e4che Propeller L = Linkslaufender Propeller (gegen den Uhrzeigersinn) = Ab dem angegebenen Jahr (inklusive)<\/p>\n","protected":false},"excerpt":{"rendered":"<p>Aluminium-Propeller Solas 11.60 x 13 (plus) &#8211; Aluminium Solas-Propeller f\u00fcr Au\u00dfenbordmotoren. Die \u00fcberlegene Bauqualit\u00e4t erm\u00f6glicht es Solas-Propellern, jede Art von<\/p>\n","protected":false},"featured_media":5936916,"comment_status":"open","ping_status":"closed","template":"","meta":[],"product_brand":[3410],"product_cat":[1544,1516],"product_tag":[],"class_list":{"0":"post-737208","1":"product","2":"type-product","3":"status-publish","4":"has-post-thumbnail","6":"product_brand-solas-de","7":"product_cat-marine-ersatzteile-fuer-yamaha","8":"product_cat-propeller-fuer-aussenbordmotoren","10":"first","11":"instock","12":"shipping-taxable","13":"purchasable","14":"product-type-simple"},"_links":{"self":[{"href":"https:\/\/stoic-curie.212-227-153-4.plesk.page\/de\/wp-json\/wp\/v2\/product\/737208","targetHints":{"allow":["GET"]}}],"collection":[{"href":"https:\/\/stoic-curie.212-227-153-4.plesk.page\/de\/wp-json\/wp\/v2\/product"}],"about":[{"href":"https:\/\/stoic-curie.212-227-153-4.plesk.page\/de\/wp-json\/wp\/v2\/types\/product"}],"replies":[{"embeddable":true,"href":"https:\/\/stoic-curie.212-227-153-4.plesk.page\/de\/wp-json\/wp\/v2\/comments?post=737208"}],"version-history":[{"count":0,"href":"https:\/\/stoic-curie.212-227-153-4.plesk.page\/de\/wp-json\/wp\/v2\/product\/737208\/revisions"}],"wp:featuredmedia":[{"embeddable":true,"href":"https:\/\/stoic-curie.212-227-153-4.plesk.page\/de\/wp-json\/wp\/v2\/media\/5936916"}],"wp:attachment":[{"href":"https:\/\/stoic-curie.212-227-153-4.plesk.page\/de\/wp-json\/wp\/v2\/media?parent=737208"}],"wp:term":[{"taxonomy":"product_brand","embeddable":true,"href":"https:\/\/stoic-curie.212-227-153-4.plesk.page\/de\/wp-json\/wp\/v2\/product_brand?post=737208"},{"taxonomy":"product_cat","embeddable":true,"href":"https:\/\/stoic-curie.212-227-153-4.plesk.page\/de\/wp-json\/wp\/v2\/product_cat?post=737208"},{"taxonomy":"product_tag","embeddable":true,"href":"https:\/\/stoic-curie.212-227-153-4.plesk.page\/de\/wp-json\/wp\/v2\/product_tag?post=737208"}],"curies":[{"name":"wp","href":"https:\/\/api.w.org\/{rel}","templated":true}]}}