{"id":737241,"date":"2025-03-03T16:35:42","date_gmt":"2025-03-03T15:35:42","guid":{"rendered":"https:\/\/stoic-curie.212-227-153-4.plesk.page\/producto\/aluminium-propeller-solas-fuer-volvo-penta-270-280-290single-15-80x15-plus\/"},"modified":"2026-02-24T23:35:11","modified_gmt":"2026-02-24T23:35:11","slug":"aluminium-propeller-solas-fuer-volvo-penta-270-280-290single-15-80x15-plus","status":"publish","type":"product","link":"https:\/\/stoic-curie.212-227-153-4.plesk.page\/de\/product\/aluminium-propeller-solas-fuer-volvo-penta-270-280-290single-15-80x15-plus\/","title":{"rendered":"Aluminium Propeller Solas f\u00fcr Volvo Penta 270-280-290(Single) 15, 80&#215;15 (Plus)"},"content":{"rendered":"<p>Aluminium Propeller Solas f\u00fcr Volvo Penta 270-280-290(Single) 15, 80&#215;15 (Plus) &#8211; <\/p>\n<p>Aluminium Solas-Propeller f\u00fcr Volvo Penta Innen- und Au\u00dfenbordmotoren. Die \u00fcberlegene Bauqualit\u00e4t erlaubt es Solas-Propellern, jede Art von Originalpropeller m\u00fchelos zu ersetzen. Plus = Erh\u00f6hte Blattoberfl\u00e4che Propeller L = Linksdrehender Propeller (gegen den Uhrzeigersinn)<\/p>\n","protected":false},"excerpt":{"rendered":"<p>Aluminium Propeller Solas f\u00fcr Volvo Penta 270-280-290(Single) 15, 80&#215;15 (Plus) &#8211; Aluminium Solas-Propeller f\u00fcr Volvo Penta Innen- und Au\u00dfenbordmotoren. Die<\/p>\n","protected":false},"featured_media":5936916,"comment_status":"open","ping_status":"closed","template":"","meta":[],"product_brand":[3410],"product_cat":[1542],"product_tag":[],"class_list":{"0":"post-737241","1":"product","2":"type-product","3":"status-publish","4":"has-post-thumbnail","6":"product_brand-solas-de","7":"product_cat-marine-ersatzteile-fuer-volvo-penta","9":"first","10":"outofstock","11":"shipping-taxable","12":"purchasable","13":"product-type-simple"},"_links":{"self":[{"href":"https:\/\/stoic-curie.212-227-153-4.plesk.page\/de\/wp-json\/wp\/v2\/product\/737241","targetHints":{"allow":["GET"]}}],"collection":[{"href":"https:\/\/stoic-curie.212-227-153-4.plesk.page\/de\/wp-json\/wp\/v2\/product"}],"about":[{"href":"https:\/\/stoic-curie.212-227-153-4.plesk.page\/de\/wp-json\/wp\/v2\/types\/product"}],"replies":[{"embeddable":true,"href":"https:\/\/stoic-curie.212-227-153-4.plesk.page\/de\/wp-json\/wp\/v2\/comments?post=737241"}],"version-history":[{"count":0,"href":"https:\/\/stoic-curie.212-227-153-4.plesk.page\/de\/wp-json\/wp\/v2\/product\/737241\/revisions"}],"wp:featuredmedia":[{"embeddable":true,"href":"https:\/\/stoic-curie.212-227-153-4.plesk.page\/de\/wp-json\/wp\/v2\/media\/5936916"}],"wp:attachment":[{"href":"https:\/\/stoic-curie.212-227-153-4.plesk.page\/de\/wp-json\/wp\/v2\/media?parent=737241"}],"wp:term":[{"taxonomy":"product_brand","embeddable":true,"href":"https:\/\/stoic-curie.212-227-153-4.plesk.page\/de\/wp-json\/wp\/v2\/product_brand?post=737241"},{"taxonomy":"product_cat","embeddable":true,"href":"https:\/\/stoic-curie.212-227-153-4.plesk.page\/de\/wp-json\/wp\/v2\/product_cat?post=737241"},{"taxonomy":"product_tag","embeddable":true,"href":"https:\/\/stoic-curie.212-227-153-4.plesk.page\/de\/wp-json\/wp\/v2\/product_tag?post=737241"}],"curies":[{"name":"wp","href":"https:\/\/api.w.org\/{rel}","templated":true}]}}