{"id":737254,"date":"2025-03-03T16:35:45","date_gmt":"2025-03-03T15:35:45","guid":{"rendered":"https:\/\/stoic-curie.212-227-153-4.plesk.page\/producto\/kit-aluminium-anoden-fuer-mercury-verado-6\/"},"modified":"2026-02-24T23:35:12","modified_gmt":"2026-02-24T23:35:12","slug":"kit-aluminium-anoden-fuer-mercury-verado-6","status":"publish","type":"product","link":"https:\/\/stoic-curie.212-227-153-4.plesk.page\/de\/product\/kit-aluminium-anoden-fuer-mercury-verado-6\/","title":{"rendered":"Kit Aluminium-Anoden f\u00fcr Mercury Verado 6"},"content":{"rendered":"<p>Kit Aluminium-Anoden f\u00fcr Mercury Verado 6 &#8211; <\/p>\n<p>Tecnoseal Aluminium-Anoden-Kit f\u00fcr Verado 6<br \/>\u00e2\u0080\u00a2 Sch\u00fctzt 50% l\u00e4nger als herk\u00f6mmliche Zinkanoden<br \/>\u00e2\u0080\u00a2 Wiegt 50% weniger als herk\u00f6mmliche Zinkanoden<\/p>\n","protected":false},"excerpt":{"rendered":"<p>Kit Aluminium-Anoden f\u00fcr Mercury Verado 6 &#8211; Tecnoseal Aluminium-Anoden-Kit f\u00fcr Verado 6\u00e2\u0080\u00a2 Sch\u00fctzt 50% l\u00e4nger als herk\u00f6mmliche Zinkanoden\u00e2\u0080\u00a2 Wiegt 50%<\/p>\n","protected":false},"featured_media":5945766,"comment_status":"open","ping_status":"closed","template":"","meta":[],"product_brand":[3475],"product_cat":[1528],"product_tag":[],"class_list":{"0":"post-737254","1":"product","2":"type-product","3":"status-publish","4":"has-post-thumbnail","6":"product_brand-tecnoseal-de","7":"product_cat-marine-ersatzteile-fuer-mercury-und-mariner","9":"first","10":"instock","11":"shipping-taxable","12":"purchasable","13":"product-type-simple"},"_links":{"self":[{"href":"https:\/\/stoic-curie.212-227-153-4.plesk.page\/de\/wp-json\/wp\/v2\/product\/737254","targetHints":{"allow":["GET"]}}],"collection":[{"href":"https:\/\/stoic-curie.212-227-153-4.plesk.page\/de\/wp-json\/wp\/v2\/product"}],"about":[{"href":"https:\/\/stoic-curie.212-227-153-4.plesk.page\/de\/wp-json\/wp\/v2\/types\/product"}],"replies":[{"embeddable":true,"href":"https:\/\/stoic-curie.212-227-153-4.plesk.page\/de\/wp-json\/wp\/v2\/comments?post=737254"}],"version-history":[{"count":0,"href":"https:\/\/stoic-curie.212-227-153-4.plesk.page\/de\/wp-json\/wp\/v2\/product\/737254\/revisions"}],"wp:featuredmedia":[{"embeddable":true,"href":"https:\/\/stoic-curie.212-227-153-4.plesk.page\/de\/wp-json\/wp\/v2\/media\/5945766"}],"wp:attachment":[{"href":"https:\/\/stoic-curie.212-227-153-4.plesk.page\/de\/wp-json\/wp\/v2\/media?parent=737254"}],"wp:term":[{"taxonomy":"product_brand","embeddable":true,"href":"https:\/\/stoic-curie.212-227-153-4.plesk.page\/de\/wp-json\/wp\/v2\/product_brand?post=737254"},{"taxonomy":"product_cat","embeddable":true,"href":"https:\/\/stoic-curie.212-227-153-4.plesk.page\/de\/wp-json\/wp\/v2\/product_cat?post=737254"},{"taxonomy":"product_tag","embeddable":true,"href":"https:\/\/stoic-curie.212-227-153-4.plesk.page\/de\/wp-json\/wp\/v2\/product_tag?post=737254"}],"curies":[{"name":"wp","href":"https:\/\/api.w.org\/{rel}","templated":true}]}}