{"id":737255,"date":"2025-03-03T16:35:45","date_gmt":"2025-03-03T15:35:45","guid":{"rendered":"https:\/\/stoic-curie.212-227-153-4.plesk.page\/producto\/kraftstofftank-zur-versorgung-mit-raedern-59-liter\/"},"modified":"2026-02-24T23:35:12","modified_gmt":"2026-02-24T23:35:12","slug":"kraftstofftank-zur-versorgung-mit-raedern-59-liter","status":"publish","type":"product","link":"https:\/\/stoic-curie.212-227-153-4.plesk.page\/de\/product\/kraftstofftank-zur-versorgung-mit-raedern-59-liter\/","title":{"rendered":"Kraftstofftank zur Versorgung mit R\u00e4dern 59 Liter"},"content":{"rendered":"<p>Kraftstofftank zur Versorgung mit R\u00e4dern 59 Liter &#8211; <\/p>\n<p>Der Service-Kraftstofftank auf R\u00e4dern. Ausgestattet mit Bel\u00fcftung, Absperrventil und einem flexiblen Schlauch von 3 Metern. Die Spritzpistole mit einem Durchfluss von 8 Lt\/min erm\u00f6glicht dank der integrierten Pumpe die Bef\u00fcllung sowohl durch Schwerkraft als auch durch vertikales Heben. UN-zugelassen f\u00fcr den Stra\u00dfenverkehr.<\/p>\n","protected":false},"excerpt":{"rendered":"<p>Kraftstofftank zur Versorgung mit R\u00e4dern 59 Liter &#8211; Der Service-Kraftstofftank auf R\u00e4dern. Ausgestattet mit Bel\u00fcftung, Absperrventil und einem flexiblen Schlauch<\/p>\n","protected":false},"featured_media":5945771,"comment_status":"open","ping_status":"closed","template":"","meta":[],"product_brand":[2855],"product_cat":[1513,1540],"product_tag":[],"class_list":{"0":"post-737255","1":"product","2":"type-product","3":"status-publish","4":"has-post-thumbnail","6":"product_brand-can-marine-de","7":"product_cat-kraftstofftanks","8":"product_cat-zubehoer-fuer-aussenborder","10":"first","11":"instock","12":"shipping-taxable","13":"purchasable","14":"product-type-simple"},"_links":{"self":[{"href":"https:\/\/stoic-curie.212-227-153-4.plesk.page\/de\/wp-json\/wp\/v2\/product\/737255","targetHints":{"allow":["GET"]}}],"collection":[{"href":"https:\/\/stoic-curie.212-227-153-4.plesk.page\/de\/wp-json\/wp\/v2\/product"}],"about":[{"href":"https:\/\/stoic-curie.212-227-153-4.plesk.page\/de\/wp-json\/wp\/v2\/types\/product"}],"replies":[{"embeddable":true,"href":"https:\/\/stoic-curie.212-227-153-4.plesk.page\/de\/wp-json\/wp\/v2\/comments?post=737255"}],"version-history":[{"count":0,"href":"https:\/\/stoic-curie.212-227-153-4.plesk.page\/de\/wp-json\/wp\/v2\/product\/737255\/revisions"}],"wp:featuredmedia":[{"embeddable":true,"href":"https:\/\/stoic-curie.212-227-153-4.plesk.page\/de\/wp-json\/wp\/v2\/media\/5945771"}],"wp:attachment":[{"href":"https:\/\/stoic-curie.212-227-153-4.plesk.page\/de\/wp-json\/wp\/v2\/media?parent=737255"}],"wp:term":[{"taxonomy":"product_brand","embeddable":true,"href":"https:\/\/stoic-curie.212-227-153-4.plesk.page\/de\/wp-json\/wp\/v2\/product_brand?post=737255"},{"taxonomy":"product_cat","embeddable":true,"href":"https:\/\/stoic-curie.212-227-153-4.plesk.page\/de\/wp-json\/wp\/v2\/product_cat?post=737255"},{"taxonomy":"product_tag","embeddable":true,"href":"https:\/\/stoic-curie.212-227-153-4.plesk.page\/de\/wp-json\/wp\/v2\/product_tag?post=737255"}],"curies":[{"name":"wp","href":"https:\/\/api.w.org\/{rel}","templated":true}]}}