{"id":737260,"date":"2025-03-03T16:35:46","date_gmt":"2025-03-03T15:35:46","guid":{"rendered":"https:\/\/stoic-curie.212-227-153-4.plesk.page\/producto\/griffin-gtb681ds4ma-doppelter-dieselfilter-75-1000-ma\/"},"modified":"2026-02-24T23:35:12","modified_gmt":"2026-02-24T23:35:12","slug":"griffin-gtb681ds4ma-doppelter-dieselfilter-75-1000-ma","status":"publish","type":"product","link":"https:\/\/stoic-curie.212-227-153-4.plesk.page\/de\/product\/griffin-gtb681ds4ma-doppelter-dieselfilter-75-1000-ma\/","title":{"rendered":"Griffin GTB681DS4MA Doppelter Dieselfilter 75\/1000 MA"},"content":{"rendered":"<p>Griffin GTB681DS4MA Doppelter Dieselfilter 75\/1000 MA &#8211; <\/p>\n<p>Wir stellen den Griffin GTB681DM-S4MA Doppel-Dieselfilter vor, der mit MICROBLOC-Multilevel-Filterelementen ausgestattet ist, die eine beeindruckende Effizienz von 99,8 % bei der Trennung von Wasser und Diesel erzielen. Dieses Modell bietet eine vergleichbare Leistung wie der Racor 75\/1000 MA, jedoch zu einem erheblich reduzierten Preis \u2013 50 % weniger.<\/p>\n<p><strong>Technische Daten:<\/strong><\/p>\n<ul>\n<li><strong>Modell:<\/strong> GTB681DM-S4MA<\/li>\n<li><strong>Kraftstoffanschluss:<\/strong> 7\/8 \u2013 14\u201d UNF<\/li>\n<li><strong>Durchflussrate:<\/strong> 1363 LPH \/ 360 GPH<\/li>\n<li><strong>Servicefreiraum:<\/strong> 254 mm<\/li>\n<li><strong>H\u00f6he:<\/strong> 542 mm<\/li>\n<li><strong>Breite:<\/strong> 476 mm<\/li>\n<li><strong>Tiefe:<\/strong> 253 mm<\/li>\n<li><strong>Netto Gewicht:<\/strong> 12,8 kg<\/li>\n<li><strong>Betriebstemperatur:<\/strong> -20 \u02daC bis +121 \u02daC<\/li>\n<li><strong>Reindruckabfall:<\/strong> 25,5 kPa<\/li>\n<li><strong>Maximaler Betriebsdruck:<\/strong> 103 kPa<\/li>\n<li><strong>Heizger\u00e4t:<\/strong> Optional<\/li>\n<li><strong>Wasserprobe:<\/strong> Optional<\/li>\n<\/ul>\n<p><strong>Kreuzreferenz:<\/strong><\/p>\n<ul>\n<li>75\/1000 MA<\/li>\n<li>G1000 DMS4-MA<\/li>\n<\/ul>\n<p><strong>Ersetzbarkeit:<\/strong><\/p>\n<ul>\n<li>GTB68-2<\/li>\n<li>GTB68-10<\/li>\n<li>GTB68-30<\/li>\n<\/ul>\n<p><strong>Klarsichtbeh\u00e4lter f\u00fcr Benzineinsatz:<\/strong><\/p>\n<ul>\n<li>PCB36MG<\/li>\n<\/ul>\n<p><strong>W\u00e4rmeschutzschild:<\/strong><\/p>\n<ul>\n<li>PHDS36MA<\/li>\n<\/ul>\n<p>Dieser Filter ist so konzipiert, dass er zuverl\u00e4ssige Leistung und Langlebigkeit bietet, was ihn zu einer ausgezeichneten Wahl f\u00fcr Bootseigent\u00fcmer macht, die nach hochwertigen Kraftstofffilterl\u00f6sungen suchen.<\/p>\n","protected":false},"excerpt":{"rendered":"<p>Griffin GTB681DS4MA Doppelter Dieselfilter 75\/1000 MA &#8211; Wir stellen den Griffin GTB681DM-S4MA Doppel-Dieselfilter vor, der mit MICROBLOC-Multilevel-Filterelementen ausgestattet ist, die<\/p>\n","protected":false},"featured_media":5941367,"comment_status":"open","ping_status":"closed","template":"","meta":[],"product_brand":[2985],"product_cat":[1510,1542],"product_tag":[],"class_list":{"0":"post-737260","1":"product","2":"type-product","3":"status-publish","4":"has-post-thumbnail","6":"product_brand-griffin-de","7":"product_cat-kraftstoff-wasser-trennfilter","8":"product_cat-marine-ersatzteile-fuer-volvo-penta","10":"first","11":"instock","12":"shipping-taxable","13":"purchasable","14":"product-type-simple"},"_links":{"self":[{"href":"https:\/\/stoic-curie.212-227-153-4.plesk.page\/de\/wp-json\/wp\/v2\/product\/737260","targetHints":{"allow":["GET"]}}],"collection":[{"href":"https:\/\/stoic-curie.212-227-153-4.plesk.page\/de\/wp-json\/wp\/v2\/product"}],"about":[{"href":"https:\/\/stoic-curie.212-227-153-4.plesk.page\/de\/wp-json\/wp\/v2\/types\/product"}],"replies":[{"embeddable":true,"href":"https:\/\/stoic-curie.212-227-153-4.plesk.page\/de\/wp-json\/wp\/v2\/comments?post=737260"}],"version-history":[{"count":0,"href":"https:\/\/stoic-curie.212-227-153-4.plesk.page\/de\/wp-json\/wp\/v2\/product\/737260\/revisions"}],"wp:featuredmedia":[{"embeddable":true,"href":"https:\/\/stoic-curie.212-227-153-4.plesk.page\/de\/wp-json\/wp\/v2\/media\/5941367"}],"wp:attachment":[{"href":"https:\/\/stoic-curie.212-227-153-4.plesk.page\/de\/wp-json\/wp\/v2\/media?parent=737260"}],"wp:term":[{"taxonomy":"product_brand","embeddable":true,"href":"https:\/\/stoic-curie.212-227-153-4.plesk.page\/de\/wp-json\/wp\/v2\/product_brand?post=737260"},{"taxonomy":"product_cat","embeddable":true,"href":"https:\/\/stoic-curie.212-227-153-4.plesk.page\/de\/wp-json\/wp\/v2\/product_cat?post=737260"},{"taxonomy":"product_tag","embeddable":true,"href":"https:\/\/stoic-curie.212-227-153-4.plesk.page\/de\/wp-json\/wp\/v2\/product_tag?post=737260"}],"curies":[{"name":"wp","href":"https:\/\/api.w.org\/{rel}","templated":true}]}}