{"id":737266,"date":"2025-03-03T16:35:48","date_gmt":"2025-03-03T15:35:48","guid":{"rendered":"https:\/\/stoic-curie.212-227-153-4.plesk.page\/producto\/kit-eic5000-bennett-12v-fuer-2-aktuatoren\/"},"modified":"2026-02-24T23:35:12","modified_gmt":"2026-02-24T23:35:12","slug":"kit-eic5000-bennett-12v-fuer-2-aktuatoren","status":"publish","type":"product","link":"https:\/\/stoic-curie.212-227-153-4.plesk.page\/de\/product\/kit-eic5000-bennett-12v-fuer-2-aktuatoren\/","title":{"rendered":"Kit EIC5000 Bennett f\u00fcr hydraulische Systeme"},"content":{"rendered":"<p>Kit EIC5000 Bennett f\u00fcr hydraulische Systeme &#8211; <\/p>\n<p style=\"color: rgb(34, 34, 34); font-family: Arial, Helvetica, sans-serif; font-size: small;\">Wir pr\u00e4sentieren das Bennett EIC5000 Electronic Indicator Control Kit, das speziell f\u00fcr Boote mit Bennett-Trimmklappen entwickelt wurde. Dieses Kit arbeitet mit 12\/24V und verf\u00fcgt \u00fcber Kipptasten, LED-Anzeigen, einen Helligkeitsregler und einen integrierten Auto Tab Retractor (ATR) im Panel.<\/p>\n<p style=\"color: rgb(34, 34, 34); font-family: Arial, Helvetica, sans-serif; font-size: small;\">Das Paket umfasst zwei Aktuator-Scharnier mit Sensoren und Anschlusskabel, was die Installation f\u00fcr jedes Boot mit Bennett-Flaps unkompliziert macht. Der ATR zieht die Flaps automatisch ein, wenn der Z\u00fcndschl\u00fcssel entfernt wird, um Sicherheit und Komfort zu gew\u00e4hrleisten.<\/p>\n<p style=\"color: rgb(34, 34, 34); font-family: Arial, Helvetica, sans-serif; font-size: small;\">Dieses vielseitige Kit kombiniert drei wesentliche Funktionen: einen Soft-Touch-Trimmklappendrehschalter, einen Trimmklappenpositionsanzeiger und die automatische Steuerung des Trimmklappenretraktors.<\/p>\n<p style=\"color: rgb(34, 34, 34); font-family: Arial, Helvetica, sans-serif; font-size: small;\">Im Kit sind folgende Komponenten enthalten:<\/p>\n<ul style=\"color: rgb(34, 34, 34); font-family: Arial, Helvetica, sans-serif; font-size: small;\">\n<li>EIC-Schalter\/Anzeige<\/li>\n<li>EIC-Relaismodul<\/li>\n<li>Zwei obere Scharnier-Sensoren (Backbord und Steuerbord) mit 10-Fu\u00df-Kabeln<\/li>\n<li>Ein EIC-Kabel zur Verbindung des Moduls mit der Anzeige<\/li>\n<li>EIC-Montagematerial<\/li>\n<\/ul>\n<p style=\"color: rgb(34, 34, 34); font-family: Arial, Helvetica, sans-serif; font-size: small;\">Hauptmerkmale:<\/p>\n<ul style=\"color: rgb(34, 34, 34); font-family: Arial, Helvetica, sans-serif; font-size: small;\">\n<li>Arbeitet mit 12 Volt<\/li>\n<li>Wasserfestes Schalter- und Steckersystem, das gegen Korrosion gesch\u00fctzt ist<\/li>\n<li>Dimmbares LED-Licht f\u00fcr optimale Sichtbarkeit bei Tag und Nacht<\/li>\n<li>Relaismodul, das in der N\u00e4he des Spiegel montiert ist, um die Verkabelung zum Steuermann zu minimieren<\/li>\n<li>Auto-Retract-Funktion, die die Klappen beim Abschalten der Stromversorgung, insbesondere beim Transport, vor Sch\u00e4den sch\u00fctzt<\/li>\n<\/ul>\n<p style=\"color: rgb(34, 34, 34); font-family: Arial, Helvetica, sans-serif; font-size: small;\">Genie\u00dfen Sie sorgenfreies Fahren mit einer dreij\u00e4hrigen Garantie.<\/p>\n","protected":false},"excerpt":{"rendered":"<p>Kit EIC5000 Bennett f\u00fcr hydraulische Systeme &#8211; Wir pr\u00e4sentieren das Bennett EIC5000 Electronic Indicator Control Kit, das speziell f\u00fcr Boote<\/p>\n","protected":false},"featured_media":5945789,"comment_status":"open","ping_status":"closed","template":"","meta":[],"product_brand":[2820],"product_cat":[1519],"product_tag":[],"class_list":{"0":"post-737266","1":"product","2":"type-product","3":"status-publish","4":"has-post-thumbnail","6":"product_brand-bennett-marine-de","7":"product_cat-trimklappen","9":"first","10":"instock","11":"shipping-taxable","12":"purchasable","13":"product-type-simple"},"_links":{"self":[{"href":"https:\/\/stoic-curie.212-227-153-4.plesk.page\/de\/wp-json\/wp\/v2\/product\/737266","targetHints":{"allow":["GET"]}}],"collection":[{"href":"https:\/\/stoic-curie.212-227-153-4.plesk.page\/de\/wp-json\/wp\/v2\/product"}],"about":[{"href":"https:\/\/stoic-curie.212-227-153-4.plesk.page\/de\/wp-json\/wp\/v2\/types\/product"}],"replies":[{"embeddable":true,"href":"https:\/\/stoic-curie.212-227-153-4.plesk.page\/de\/wp-json\/wp\/v2\/comments?post=737266"}],"version-history":[{"count":0,"href":"https:\/\/stoic-curie.212-227-153-4.plesk.page\/de\/wp-json\/wp\/v2\/product\/737266\/revisions"}],"wp:featuredmedia":[{"embeddable":true,"href":"https:\/\/stoic-curie.212-227-153-4.plesk.page\/de\/wp-json\/wp\/v2\/media\/5945789"}],"wp:attachment":[{"href":"https:\/\/stoic-curie.212-227-153-4.plesk.page\/de\/wp-json\/wp\/v2\/media?parent=737266"}],"wp:term":[{"taxonomy":"product_brand","embeddable":true,"href":"https:\/\/stoic-curie.212-227-153-4.plesk.page\/de\/wp-json\/wp\/v2\/product_brand?post=737266"},{"taxonomy":"product_cat","embeddable":true,"href":"https:\/\/stoic-curie.212-227-153-4.plesk.page\/de\/wp-json\/wp\/v2\/product_cat?post=737266"},{"taxonomy":"product_tag","embeddable":true,"href":"https:\/\/stoic-curie.212-227-153-4.plesk.page\/de\/wp-json\/wp\/v2\/product_tag?post=737266"}],"curies":[{"name":"wp","href":"https:\/\/api.w.org\/{rel}","templated":true}]}}