{"id":737267,"date":"2025-03-03T16:35:48","date_gmt":"2025-03-03T15:35:48","guid":{"rendered":"https:\/\/stoic-curie.212-227-153-4.plesk.page\/producto\/kit-eic5000-bennett-12v-fuer-4-aktuatoren\/"},"modified":"2026-02-24T23:35:12","modified_gmt":"2026-02-24T23:35:12","slug":"kit-eic5000-bennett-12v-fuer-4-aktuatoren","status":"publish","type":"product","link":"https:\/\/stoic-curie.212-227-153-4.plesk.page\/de\/product\/kit-eic5000-bennett-12v-fuer-4-aktuatoren\/","title":{"rendered":"Kit EIC5000 Bennett f\u00fcr elektrische Systeme"},"content":{"rendered":"<p>Kit EIC5000 Bennett f\u00fcr elektrische Systeme &#8211; <\/p>\n<p style=\"color: rgb(34, 34, 34); font-family: Arial, Helvetica, sans-serif; font-size: small;\">Wir pr\u00e4sentieren den OBI Bennett Trim Indicator, der f\u00fcr 12\/24V-Systeme konzipiert ist. Dieses Ger\u00e4t verf\u00fcgt \u00fcber Kipptasten, LED-Anzeigen, einen Helligkeitsdimmer und einen integrierten Auto Tab Retractor (ATR) im Panel. Es wird mit zwei Aktuator-Scharnieren geliefert, die mit Sensoren und Verbindungskabeln ausgestattet sind. Dieses System kann einfach auf jedem Boot mit Bennett-Flaps installiert werden, und der ATR zieht die Flaps automatisch zur\u00fcck, wenn der Z\u00fcndschl\u00fcssel entfernt wird.<\/p>\n<p style=\"color: rgb(34, 34, 34); font-family: Arial, Helvetica, sans-serif; font-size: small;\">Das Bennett EIC5000 Electronic Indicator Control Kit kombiniert drei wesentliche Funktionen in einem Ger\u00e4t: einen Soft-Touch Trim Tab Schalter, einen Trim Tab Positionsanzeiger und die Steuerung des automatischen Trim Tab Retractors. Das Kit umfasst einen EIC-Schalter\/Display, ein EIC-Relaismodul, zwei obere Sensorscharniere (f\u00fcr Steuerbord und Backbord) mit zehn Fu\u00df langen Kabeln, ein EIC-Kabel, das das Modul mit dem Display verbindet, und s\u00e4mtliches erforderliches Montagematerial.<\/p>\n<p style=\"color: rgb(34, 34, 34); font-family: Arial, Helvetica, sans-serif; font-size: small;\">Dieses System arbeitet mit 12 Volt und verf\u00fcgt \u00fcber wasserdichte Schalter und Steckverbinder, die f\u00fcr Korrosionsbest\u00e4ndigkeit ausgelegt sind. Die dimmbaren LEDs in der Anzeige sorgen f\u00fcr Sichtbarkeit sowohl tags\u00fcber als auch nachts. Das Relaismodul, das in der N\u00e4he des Hecks montiert ist, minimiert die Anzahl der Kabel, die zum Steuerstand f\u00fchren. Dar\u00fcber hinaus zieht die automatisierte R\u00fcckzugsfunktion die Flaps automatisch zur\u00fcck, wenn die Stromversorgung abgeschaltet wird, um Sch\u00e4den beim Trailern zu vermeiden. Genie\u00dfen Sie die Gewissheit mit einer dreij\u00e4hrigen Garantie.<\/p>\n","protected":false},"excerpt":{"rendered":"<p>Kit EIC5000 Bennett f\u00fcr elektrische Systeme &#8211; Wir pr\u00e4sentieren den OBI Bennett Trim Indicator, der f\u00fcr 12\/24V-Systeme konzipiert ist. Dieses<\/p>\n","protected":false},"featured_media":5945789,"comment_status":"open","ping_status":"closed","template":"","meta":[],"product_brand":[2820],"product_cat":[1519],"product_tag":[],"class_list":{"0":"post-737267","1":"product","2":"type-product","3":"status-publish","4":"has-post-thumbnail","6":"product_brand-bennett-marine-de","7":"product_cat-trimklappen","9":"first","10":"instock","11":"shipping-taxable","12":"purchasable","13":"product-type-simple"},"_links":{"self":[{"href":"https:\/\/stoic-curie.212-227-153-4.plesk.page\/de\/wp-json\/wp\/v2\/product\/737267","targetHints":{"allow":["GET"]}}],"collection":[{"href":"https:\/\/stoic-curie.212-227-153-4.plesk.page\/de\/wp-json\/wp\/v2\/product"}],"about":[{"href":"https:\/\/stoic-curie.212-227-153-4.plesk.page\/de\/wp-json\/wp\/v2\/types\/product"}],"replies":[{"embeddable":true,"href":"https:\/\/stoic-curie.212-227-153-4.plesk.page\/de\/wp-json\/wp\/v2\/comments?post=737267"}],"version-history":[{"count":0,"href":"https:\/\/stoic-curie.212-227-153-4.plesk.page\/de\/wp-json\/wp\/v2\/product\/737267\/revisions"}],"wp:featuredmedia":[{"embeddable":true,"href":"https:\/\/stoic-curie.212-227-153-4.plesk.page\/de\/wp-json\/wp\/v2\/media\/5945789"}],"wp:attachment":[{"href":"https:\/\/stoic-curie.212-227-153-4.plesk.page\/de\/wp-json\/wp\/v2\/media?parent=737267"}],"wp:term":[{"taxonomy":"product_brand","embeddable":true,"href":"https:\/\/stoic-curie.212-227-153-4.plesk.page\/de\/wp-json\/wp\/v2\/product_brand?post=737267"},{"taxonomy":"product_cat","embeddable":true,"href":"https:\/\/stoic-curie.212-227-153-4.plesk.page\/de\/wp-json\/wp\/v2\/product_cat?post=737267"},{"taxonomy":"product_tag","embeddable":true,"href":"https:\/\/stoic-curie.212-227-153-4.plesk.page\/de\/wp-json\/wp\/v2\/product_tag?post=737267"}],"curies":[{"name":"wp","href":"https:\/\/api.w.org\/{rel}","templated":true}]}}