{"id":737268,"date":"2025-03-03T16:35:48","date_gmt":"2025-03-03T15:35:48","guid":{"rendered":"https:\/\/stoic-curie.212-227-153-4.plesk.page\/producto\/bennett-autotrim-pro-hydraulisch\/"},"modified":"2026-02-24T23:35:12","modified_gmt":"2026-02-24T23:35:12","slug":"bennett-autotrim-pro-hydraulisch","status":"publish","type":"product","link":"https:\/\/stoic-curie.212-227-153-4.plesk.page\/de\/product\/bennett-autotrim-pro-hydraulisch\/","title":{"rendered":"Bennett Autotrim Pro &#8211; Hydraulisch"},"content":{"rendered":"<p>Bennett Autotrim Pro &#8211; Hydraulisch &#8211; <\/p>\n<p>Bennett AutoTrim Pro f\u00fcr hydraulische Trim Tab Systeme<\/p>\n<p>Der AutoTrim Pro nivelliert automatisch die Pitch- und Rollbewegungen Ihres Bootes, indem er die Trim Tabs basierend auf Geschwindigkeits\u00e4nderungen, Seebedingungen und Gewichtverschiebungen anpasst. Genie\u00dfen Sie die Leichtigkeit des Fahrens im Automatikmodus oder wechseln Sie jederzeit in den vollst\u00e4ndigen manuellen Modus.<\/p>\n<p>Intelligente Funktionen f\u00fcr eine komfortablere Fahrt:<\/p>\n<ul>\n<li><strong>Automatische Trim Tab Steuerung:<\/strong> Reduziert automatisch den Bugauftrieb und korrigiert eventuelles Schiefliegen.<\/li>\n<li><strong>Manuelle Tab Steuerung:<\/strong> Erm\u00f6glicht die R\u00fcckkehr zur manuellen Kontrolle mit nur einem Knopfdruck.<\/li>\n<li><strong>Trim Tab Positionsanzeige:<\/strong> Informiert Sie \u00fcber die Position und Aktivit\u00e4t der Trim Tabs.<\/li>\n<li><strong>\u201eAlles hoch\u201c &amp; \u201eAlles runter\u201c Tasten:<\/strong> Erm\u00f6glichen eine manuelle Anpassung mit nur einem Tastendruck.<\/li>\n<li><strong>Automatische Tab Einziehung:<\/strong> Sch\u00fctzt die Tabs w\u00e4hrend der Lagerung und beim Trailerfahren.<\/li>\n<\/ul>\n<p><strong>Im Kit enthalten: AP000A1HA<\/strong><\/p>\n<ul>\n<li>ATP Helm-Display<\/li>\n<li>ATP Steuereinheit f\u00fcr hydraulische Systeme<\/li>\n<li>25 Fu\u00df Verl\u00e4ngerungskabel<\/li>\n<li>All notwendiges Zubeh\u00f6r<\/li>\n<\/ul>\n","protected":false},"excerpt":{"rendered":"<p>Bennett Autotrim Pro &#8211; Hydraulisch &#8211; Bennett AutoTrim Pro f\u00fcr hydraulische Trim Tab Systeme Der AutoTrim Pro nivelliert automatisch die<\/p>\n","protected":false},"featured_media":5945792,"comment_status":"open","ping_status":"closed","template":"","meta":[],"product_brand":[2820],"product_cat":[1519],"product_tag":[],"class_list":{"0":"post-737268","1":"product","2":"type-product","3":"status-publish","4":"has-post-thumbnail","6":"product_brand-bennett-marine-de","7":"product_cat-trimklappen","9":"first","10":"instock","11":"shipping-taxable","12":"purchasable","13":"product-type-simple"},"_links":{"self":[{"href":"https:\/\/stoic-curie.212-227-153-4.plesk.page\/de\/wp-json\/wp\/v2\/product\/737268","targetHints":{"allow":["GET"]}}],"collection":[{"href":"https:\/\/stoic-curie.212-227-153-4.plesk.page\/de\/wp-json\/wp\/v2\/product"}],"about":[{"href":"https:\/\/stoic-curie.212-227-153-4.plesk.page\/de\/wp-json\/wp\/v2\/types\/product"}],"replies":[{"embeddable":true,"href":"https:\/\/stoic-curie.212-227-153-4.plesk.page\/de\/wp-json\/wp\/v2\/comments?post=737268"}],"version-history":[{"count":0,"href":"https:\/\/stoic-curie.212-227-153-4.plesk.page\/de\/wp-json\/wp\/v2\/product\/737268\/revisions"}],"wp:featuredmedia":[{"embeddable":true,"href":"https:\/\/stoic-curie.212-227-153-4.plesk.page\/de\/wp-json\/wp\/v2\/media\/5945792"}],"wp:attachment":[{"href":"https:\/\/stoic-curie.212-227-153-4.plesk.page\/de\/wp-json\/wp\/v2\/media?parent=737268"}],"wp:term":[{"taxonomy":"product_brand","embeddable":true,"href":"https:\/\/stoic-curie.212-227-153-4.plesk.page\/de\/wp-json\/wp\/v2\/product_brand?post=737268"},{"taxonomy":"product_cat","embeddable":true,"href":"https:\/\/stoic-curie.212-227-153-4.plesk.page\/de\/wp-json\/wp\/v2\/product_cat?post=737268"},{"taxonomy":"product_tag","embeddable":true,"href":"https:\/\/stoic-curie.212-227-153-4.plesk.page\/de\/wp-json\/wp\/v2\/product_tag?post=737268"}],"curies":[{"name":"wp","href":"https:\/\/api.w.org\/{rel}","templated":true}]}}