{"id":737269,"date":"2025-03-03T16:35:49","date_gmt":"2025-03-03T15:35:49","guid":{"rendered":"https:\/\/stoic-curie.212-227-153-4.plesk.page\/producto\/bennett-autotrim-pro-elektrisch\/"},"modified":"2026-02-24T23:35:12","modified_gmt":"2026-02-24T23:35:12","slug":"bennett-autotrim-pro-elektrisch","status":"publish","type":"product","link":"https:\/\/stoic-curie.212-227-153-4.plesk.page\/de\/product\/bennett-autotrim-pro-elektrisch\/","title":{"rendered":"Bennett Autotrim Pro &#8211; Elektrisch"},"content":{"rendered":"<p>Bennett Autotrim Pro &#8211; Elektrisch &#8211; <\/p>\n<p>Bennett AutoTrim Pro f\u00fcr elektrische Trimmsysteme<\/p>\n<p>Das AutoTrim Pro nivelliert automatisch die Neigung und das Rollen Ihres Bootes, indem es die Trimmklappen basierend auf \u00c4nderungen der Geschwindigkeit, der Seebedingungen und des sich verlagern Gewichts anpasst. Sie k\u00f6nnen die Bequemlichkeit des Fahrens im Automatikmodus genie\u00dfen oder jederzeit in den voll manuellen Modus wechseln.<\/p>\n<p>Intelligente Funktionen f\u00fcr eine sanftere Fahrt:<\/p>\n<ul>\n<li><strong>Automatische Trimmklappensteuerung:<\/strong> Reduziert automatisch das Anheben des Bugs und korrigiert etwaige Neigungen.<\/li>\n<li><strong>Manuelle Klappensteuerung:<\/strong> Erm\u00f6glicht die R\u00fcckkehr zur manuellen Steuerung mit nur einem Knopfdruck.<\/li>\n<li><strong>Indikation der Klappenposition:<\/strong> Informiert Sie \u00fcber die Position und Aktivit\u00e4t der Trimmklappen.<\/li>\n<li><strong>\u201eAlles Hoch\u201c &amp; \u201eAlles Niedrig\u201c Tasten:<\/strong> Erm\u00f6glichen manuelle Anpassungen auf Knopfdruck.<\/li>\n<li><strong>Automatische Klappenr\u00fcckziehung:<\/strong> Sch\u00fctzt die Klappen w\u00e4hrend der Lagerung und beim Transport.<\/li>\n<\/ul>\n<p>Kit: AP000A1BC<\/p>\n<p>Im Kit enthalten:<\/p>\n<ul>\n<li>ATP Helm-Display<\/li>\n<li>ATP Steuerger\u00e4t f\u00fcr elektrische Systeme<\/li>\n<li>25-Fu\u00df Verl\u00e4ngerungskabel<\/li>\n<li>Alle notwendigen Hardwarekomponenten<\/li>\n<\/ul>\n","protected":false},"excerpt":{"rendered":"<p>Bennett Autotrim Pro &#8211; Elektrisch &#8211; Bennett AutoTrim Pro f\u00fcr elektrische Trimmsysteme Das AutoTrim Pro nivelliert automatisch die Neigung und<\/p>\n","protected":false},"featured_media":5945798,"comment_status":"open","ping_status":"closed","template":"","meta":[],"product_brand":[2820],"product_cat":[1519],"product_tag":[],"class_list":{"0":"post-737269","1":"product","2":"type-product","3":"status-publish","4":"has-post-thumbnail","6":"product_brand-bennett-marine-de","7":"product_cat-trimklappen","9":"first","10":"instock","11":"shipping-taxable","12":"purchasable","13":"product-type-simple"},"_links":{"self":[{"href":"https:\/\/stoic-curie.212-227-153-4.plesk.page\/de\/wp-json\/wp\/v2\/product\/737269","targetHints":{"allow":["GET"]}}],"collection":[{"href":"https:\/\/stoic-curie.212-227-153-4.plesk.page\/de\/wp-json\/wp\/v2\/product"}],"about":[{"href":"https:\/\/stoic-curie.212-227-153-4.plesk.page\/de\/wp-json\/wp\/v2\/types\/product"}],"replies":[{"embeddable":true,"href":"https:\/\/stoic-curie.212-227-153-4.plesk.page\/de\/wp-json\/wp\/v2\/comments?post=737269"}],"version-history":[{"count":0,"href":"https:\/\/stoic-curie.212-227-153-4.plesk.page\/de\/wp-json\/wp\/v2\/product\/737269\/revisions"}],"wp:featuredmedia":[{"embeddable":true,"href":"https:\/\/stoic-curie.212-227-153-4.plesk.page\/de\/wp-json\/wp\/v2\/media\/5945798"}],"wp:attachment":[{"href":"https:\/\/stoic-curie.212-227-153-4.plesk.page\/de\/wp-json\/wp\/v2\/media?parent=737269"}],"wp:term":[{"taxonomy":"product_brand","embeddable":true,"href":"https:\/\/stoic-curie.212-227-153-4.plesk.page\/de\/wp-json\/wp\/v2\/product_brand?post=737269"},{"taxonomy":"product_cat","embeddable":true,"href":"https:\/\/stoic-curie.212-227-153-4.plesk.page\/de\/wp-json\/wp\/v2\/product_cat?post=737269"},{"taxonomy":"product_tag","embeddable":true,"href":"https:\/\/stoic-curie.212-227-153-4.plesk.page\/de\/wp-json\/wp\/v2\/product_tag?post=737269"}],"curies":[{"name":"wp","href":"https:\/\/api.w.org\/{rel}","templated":true}]}}