{"id":737273,"date":"2025-03-03T16:35:50","date_gmt":"2025-03-03T15:35:50","guid":{"rendered":"https:\/\/stoic-curie.212-227-153-4.plesk.page\/producto\/hydraulisches-lenksystem-ultraflex-hytech-1-bis-175-ps\/"},"modified":"2026-02-24T23:35:12","modified_gmt":"2026-02-24T23:35:12","slug":"hydraulisches-lenksystem-ultraflex-hytech-1-bis-175-ps","status":"publish","type":"product","link":"https:\/\/stoic-curie.212-227-153-4.plesk.page\/de\/product\/hydraulisches-lenksystem-ultraflex-hytech-1-bis-175-ps\/","title":{"rendered":"Hydraulische Lenkung Ultraflex Hytech 1"},"content":{"rendered":"<p>Hydraulische Lenkung Ultraflex Hytech 1 &#8211; <\/p>\n<p>Wir freuen uns, das Ultraflex Hytech1 Steuerungssystem-Kit vorzustellen, das sorgf\u00e4ltig f\u00fcr eine einfache Installation und optimale Leistung mit allen Au\u00dfenbordmotoren bis zu einer Leistung von 175 PS entwickelt wurde. Dieses umfassende Kit enth\u00e4lt alles, was Sie f\u00fcr den Start ben\u00f6tigen, einschlie\u00dflich der folgenden wesentlichen Komponenten:<\/p>\n<ul>\n<li>1 UP20F Helm-Pumpe (Modellnummer 4655002), die f\u00fcr eine reibungslose Steuerung sorgt.<\/li>\n<li>2 Liter hochwertiges Ultraflex Hydraulik\u00f6l, das f\u00fcr die ordnungsgem\u00e4\u00dfe Funktion des Systems notwendig ist.<\/li>\n<li>1 UC95-OBF\/1 Zylinder (Modellnummer 4655010), der eine entscheidende Rolle im hydraulischen Lenksystem spielt.<\/li>\n<\/ul>\n<p>Es ist wichtig zu beachten, dass Sie zus\u00e4tzlich ein Set von 2 Hydraulikschl\u00e4uchen und Anschl\u00fcssen erwerben m\u00fcssen, damit dieses Kit effektiv arbeiten kann. Diese zus\u00e4tzlichen Komponenten sind f\u00fcr die vollst\u00e4ndige Funktionalit\u00e4t des Lenkungssystems unerl\u00e4sslich.<\/p>\n","protected":false},"excerpt":{"rendered":"<p>Hydraulische Lenkung Ultraflex Hytech 1 &#8211; Wir freuen uns, das Ultraflex Hytech1 Steuerungssystem-Kit vorzustellen, das sorgf\u00e4ltig f\u00fcr eine einfache Installation<\/p>\n","protected":false},"featured_media":5945803,"comment_status":"open","ping_status":"closed","template":"","meta":[],"product_brand":[3500],"product_cat":[1536],"product_tag":[],"class_list":{"0":"post-737273","1":"product","2":"type-product","3":"status-publish","4":"has-post-thumbnail","6":"product_brand-ultraflex-uflex-de","7":"product_cat-hydraulische-lenkung","9":"first","10":"instock","11":"shipping-taxable","12":"purchasable","13":"product-type-simple"},"_links":{"self":[{"href":"https:\/\/stoic-curie.212-227-153-4.plesk.page\/de\/wp-json\/wp\/v2\/product\/737273","targetHints":{"allow":["GET"]}}],"collection":[{"href":"https:\/\/stoic-curie.212-227-153-4.plesk.page\/de\/wp-json\/wp\/v2\/product"}],"about":[{"href":"https:\/\/stoic-curie.212-227-153-4.plesk.page\/de\/wp-json\/wp\/v2\/types\/product"}],"replies":[{"embeddable":true,"href":"https:\/\/stoic-curie.212-227-153-4.plesk.page\/de\/wp-json\/wp\/v2\/comments?post=737273"}],"version-history":[{"count":0,"href":"https:\/\/stoic-curie.212-227-153-4.plesk.page\/de\/wp-json\/wp\/v2\/product\/737273\/revisions"}],"wp:featuredmedia":[{"embeddable":true,"href":"https:\/\/stoic-curie.212-227-153-4.plesk.page\/de\/wp-json\/wp\/v2\/media\/5945803"}],"wp:attachment":[{"href":"https:\/\/stoic-curie.212-227-153-4.plesk.page\/de\/wp-json\/wp\/v2\/media?parent=737273"}],"wp:term":[{"taxonomy":"product_brand","embeddable":true,"href":"https:\/\/stoic-curie.212-227-153-4.plesk.page\/de\/wp-json\/wp\/v2\/product_brand?post=737273"},{"taxonomy":"product_cat","embeddable":true,"href":"https:\/\/stoic-curie.212-227-153-4.plesk.page\/de\/wp-json\/wp\/v2\/product_cat?post=737273"},{"taxonomy":"product_tag","embeddable":true,"href":"https:\/\/stoic-curie.212-227-153-4.plesk.page\/de\/wp-json\/wp\/v2\/product_tag?post=737273"}],"curies":[{"name":"wp","href":"https:\/\/api.w.org\/{rel}","templated":true}]}}