{"id":737274,"date":"2025-03-03T16:35:50","date_gmt":"2025-03-03T15:35:50","guid":{"rendered":"https:\/\/stoic-curie.212-227-153-4.plesk.page\/producto\/hydraulisches-lenksystem-ultraflex-hytech-2-bis-175-ps\/"},"modified":"2026-02-24T23:35:12","modified_gmt":"2026-02-24T23:35:12","slug":"hydraulisches-lenksystem-ultraflex-hytech-2-bis-175-ps","status":"publish","type":"product","link":"https:\/\/stoic-curie.212-227-153-4.plesk.page\/de\/product\/hydraulisches-lenksystem-ultraflex-hytech-2-bis-175-ps\/","title":{"rendered":"Hydraulische Lenkung Ultraflex Hytech 2"},"content":{"rendered":"<p>Hydraulische Lenkung Ultraflex Hytech 2 &#8211; <\/p>\n<p>Wir freuen uns, das Ultraflex Hytech2-Steuerungssystemkit pr\u00e4sentieren zu k\u00f6nnen, das sorgf\u00e4ltig f\u00fcr den Einsatz mit Mercury Optimax 75, 90 und 115 Au\u00dfenbordmotoren sowie den Honda-Modellen BF115D und BF175 entwickelt wurde. Dieses Steuerungssystemkit ist nicht nur praktisch, sondern auch einfach zu installieren, was es zu einer ausgezeichneten Wahl f\u00fcr Bootsliebhaber macht, die ihre Steuerungsf\u00e4higkeiten verbessern m\u00f6chten. Das Kit enth\u00e4lt die folgenden wichtigen Komponenten:<\/p>\n<ul>\n<li>Eine UP20F Helm-Pumpe (Teilenummer 4655002) f\u00fcr zuverl\u00e4ssige Steuerung.<\/li>\n<li>Zwei Liter hochwertiges Ultraflex-Hydraulik\u00f6l, um einen reibungslosen Betrieb zu gew\u00e4hrleisten.<\/li>\n<li>Ein UC95-OBF\/3 Zylinder (Teilenummer 4655009) f\u00fcr optimale Leistung.<\/li>\n<\/ul>\n<p>Es ist wichtig zu beachten, dass Sie zur Vervollst\u00e4ndigung der Installation dieses Kits auch ein Set mit zwei Hydraulikschl\u00e4uchen und Anschl\u00fcssen ben\u00f6tigen, die nicht im Paket enthalten sind.<\/p>\n","protected":false},"excerpt":{"rendered":"<p>Hydraulische Lenkung Ultraflex Hytech 2 &#8211; Wir freuen uns, das Ultraflex Hytech2-Steuerungssystemkit pr\u00e4sentieren zu k\u00f6nnen, das sorgf\u00e4ltig f\u00fcr den Einsatz<\/p>\n","protected":false},"featured_media":5945803,"comment_status":"open","ping_status":"closed","template":"","meta":[],"product_brand":[3500],"product_cat":[1536],"product_tag":[],"class_list":{"0":"post-737274","1":"product","2":"type-product","3":"status-publish","4":"has-post-thumbnail","6":"product_brand-ultraflex-uflex-de","7":"product_cat-hydraulische-lenkung","9":"first","10":"instock","11":"shipping-taxable","12":"purchasable","13":"product-type-simple"},"_links":{"self":[{"href":"https:\/\/stoic-curie.212-227-153-4.plesk.page\/de\/wp-json\/wp\/v2\/product\/737274","targetHints":{"allow":["GET"]}}],"collection":[{"href":"https:\/\/stoic-curie.212-227-153-4.plesk.page\/de\/wp-json\/wp\/v2\/product"}],"about":[{"href":"https:\/\/stoic-curie.212-227-153-4.plesk.page\/de\/wp-json\/wp\/v2\/types\/product"}],"replies":[{"embeddable":true,"href":"https:\/\/stoic-curie.212-227-153-4.plesk.page\/de\/wp-json\/wp\/v2\/comments?post=737274"}],"version-history":[{"count":0,"href":"https:\/\/stoic-curie.212-227-153-4.plesk.page\/de\/wp-json\/wp\/v2\/product\/737274\/revisions"}],"wp:featuredmedia":[{"embeddable":true,"href":"https:\/\/stoic-curie.212-227-153-4.plesk.page\/de\/wp-json\/wp\/v2\/media\/5945803"}],"wp:attachment":[{"href":"https:\/\/stoic-curie.212-227-153-4.plesk.page\/de\/wp-json\/wp\/v2\/media?parent=737274"}],"wp:term":[{"taxonomy":"product_brand","embeddable":true,"href":"https:\/\/stoic-curie.212-227-153-4.plesk.page\/de\/wp-json\/wp\/v2\/product_brand?post=737274"},{"taxonomy":"product_cat","embeddable":true,"href":"https:\/\/stoic-curie.212-227-153-4.plesk.page\/de\/wp-json\/wp\/v2\/product_cat?post=737274"},{"taxonomy":"product_tag","embeddable":true,"href":"https:\/\/stoic-curie.212-227-153-4.plesk.page\/de\/wp-json\/wp\/v2\/product_tag?post=737274"}],"curies":[{"name":"wp","href":"https:\/\/api.w.org\/{rel}","templated":true}]}}