{"id":737275,"date":"2025-03-03T16:35:50","date_gmt":"2025-03-03T15:35:50","guid":{"rendered":"https:\/\/stoic-curie.212-227-153-4.plesk.page\/producto\/hydrauliklenkung-ultraflex-nautech-1-obf1\/"},"modified":"2026-02-24T23:35:12","modified_gmt":"2026-02-24T23:35:12","slug":"hydrauliklenkung-ultraflex-nautech-1-obf1","status":"publish","type":"product","link":"https:\/\/stoic-curie.212-227-153-4.plesk.page\/de\/product\/hydrauliklenkung-ultraflex-nautech-1-obf1\/","title":{"rendered":"Hydrauliklenkung Ultraflex Nautech 1"},"content":{"rendered":"<p>Hydrauliklenkung Ultraflex Nautech 1 &#8211; <\/p>\n<p style=\"color: rgb(34, 34, 34); font-family: Arial, Helvetica, sans-serif; font-size: small;\">Nautech1 Steuersystem-Kit f\u00fcr Au\u00dfenbordmotoren:<\/p>\n<p style=\"color: rgb(34, 34, 34); font-family: Arial, Helvetica, sans-serif; font-size: small;\">Dieses Kit ist mit verschiedenen Au\u00dfenbordmotoren kompatibel, einschlie\u00dflich:<\/p>\n<ul style=\"color: rgb(34, 34, 34); font-family: Arial, Helvetica, sans-serif; font-size: small;\">\n<li>Mercury 2- und 4-Takt-Motoren von 100 bis 300 PS<\/li>\n<li>Yamaha 4-Takt-Motoren von F70 bis F150 und F200 bis F300<\/li>\n<li>Honda 4-Takt-Motoren von 75 bis 90\/115A und 135 bis 250 PS<\/li>\n<li>Suzuki 4-Takt-Motoren von 100 bis 175 PS<\/li>\n<li>Tohatsu 4-Takt-Motoren von 70 bis 115 PS<\/li>\n<li>Selva 2-Takt-Motoren von 80 bis 150 PS und 4-Takt-Motoren bis 150 PS<\/li>\n<li>Johnson 4-Takt-Motoren von 90 bis 140 PS<\/li>\n<\/ul>\n<p style=\"color: rgb(34, 34, 34); font-family: Arial, Helvetica, sans-serif; font-size: small;\">Dieses Steuersystem ist praktisch und einfach zu installieren. Das Kit enth\u00e4lt:<\/p>\n<ul style=\"color: rgb(34, 34, 34); font-family: Arial, Helvetica, sans-serif; font-size: small;\">\n<li>UP28F<\/li>\n<li>UC128-OBF\/1<\/li>\n<li>2 Liter Ultraflex Hydraulik\u00f6l<\/li>\n<\/ul>\n<p style=\"color: rgb(34, 34, 34); font-family: Arial, Helvetica, sans-serif; font-size: small;\">Durchf\u00fchrungen sind zur Verf\u00fcgung gestellt, um die beiden Hydraulikschl\u00e4uche durch das Spiegel zu f\u00fchren. Bitte beachten Sie, dass dieses Kit mit einem Satz von zwei Hydraulikschl\u00e4uchen und -anschl\u00fcssen vervollst\u00e4ndigt werden muss.<\/p>\n","protected":false},"excerpt":{"rendered":"<p>Hydrauliklenkung Ultraflex Nautech 1 &#8211; Nautech1 Steuersystem-Kit f\u00fcr Au\u00dfenbordmotoren: Dieses Kit ist mit verschiedenen Au\u00dfenbordmotoren kompatibel, einschlie\u00dflich: Mercury 2- und<\/p>\n","protected":false},"featured_media":5945808,"comment_status":"open","ping_status":"closed","template":"","meta":[],"product_brand":[3500],"product_cat":[1536],"product_tag":[],"class_list":{"0":"post-737275","1":"product","2":"type-product","3":"status-publish","4":"has-post-thumbnail","6":"product_brand-ultraflex-uflex-de","7":"product_cat-hydraulische-lenkung","9":"first","10":"instock","11":"shipping-taxable","12":"purchasable","13":"product-type-simple"},"_links":{"self":[{"href":"https:\/\/stoic-curie.212-227-153-4.plesk.page\/de\/wp-json\/wp\/v2\/product\/737275","targetHints":{"allow":["GET"]}}],"collection":[{"href":"https:\/\/stoic-curie.212-227-153-4.plesk.page\/de\/wp-json\/wp\/v2\/product"}],"about":[{"href":"https:\/\/stoic-curie.212-227-153-4.plesk.page\/de\/wp-json\/wp\/v2\/types\/product"}],"replies":[{"embeddable":true,"href":"https:\/\/stoic-curie.212-227-153-4.plesk.page\/de\/wp-json\/wp\/v2\/comments?post=737275"}],"version-history":[{"count":0,"href":"https:\/\/stoic-curie.212-227-153-4.plesk.page\/de\/wp-json\/wp\/v2\/product\/737275\/revisions"}],"wp:featuredmedia":[{"embeddable":true,"href":"https:\/\/stoic-curie.212-227-153-4.plesk.page\/de\/wp-json\/wp\/v2\/media\/5945808"}],"wp:attachment":[{"href":"https:\/\/stoic-curie.212-227-153-4.plesk.page\/de\/wp-json\/wp\/v2\/media?parent=737275"}],"wp:term":[{"taxonomy":"product_brand","embeddable":true,"href":"https:\/\/stoic-curie.212-227-153-4.plesk.page\/de\/wp-json\/wp\/v2\/product_brand?post=737275"},{"taxonomy":"product_cat","embeddable":true,"href":"https:\/\/stoic-curie.212-227-153-4.plesk.page\/de\/wp-json\/wp\/v2\/product_cat?post=737275"},{"taxonomy":"product_tag","embeddable":true,"href":"https:\/\/stoic-curie.212-227-153-4.plesk.page\/de\/wp-json\/wp\/v2\/product_tag?post=737275"}],"curies":[{"name":"wp","href":"https:\/\/api.w.org\/{rel}","templated":true}]}}