{"id":737276,"date":"2025-03-03T16:35:51","date_gmt":"2025-03-03T15:35:51","guid":{"rendered":"https:\/\/stoic-curie.212-227-153-4.plesk.page\/producto\/hydrauliklenkung-ultraflex-nautech-1-obf2\/"},"modified":"2026-02-24T23:35:12","modified_gmt":"2026-02-24T23:35:12","slug":"hydrauliklenkung-ultraflex-nautech-1-obf2","status":"publish","type":"product","link":"https:\/\/stoic-curie.212-227-153-4.plesk.page\/de\/product\/hydrauliklenkung-ultraflex-nautech-1-obf2\/","title":{"rendered":"Hydrauliklenkung Ultraflex Nautech 2"},"content":{"rendered":"<p>Hydrauliklenkung Ultraflex Nautech 2 &#8211; <\/p>\n<p>Nautech2 Steuerkit f\u00fcr Au\u00dfenbordmotoren:<\/p>\n<p>Kompatibel mit:<\/p>\n<ul>\n<li>Evinrude 2-Takt-Motoren von 75 bis 300 PS<\/li>\n<li>Yamaha 2-Takt-Motoren von 75 bis 300 PS und 4-Takt-Motoren von F200 bis F250 (vor 2007)<\/li>\n<li>Suzuki 4-Takt-Motoren von 70 bis 90 PS und von 200 bis 300 PS<\/li>\n<li>Tohatsu 2-Takt-Motoren von 115 bis 140 PS<\/li>\n<li>Selva-Motoren von 100 bis 115 PS (vor 2007)<\/li>\n<li>Johnson 2-Takt-Motoren von 90 bis 175 PS und 4-Takt-Motoren von 200 bis 225 PS<\/li>\n<\/ul>\n<p>Dieses Kit ist praktisch und einfach zu installieren. Es beinhaltet:<\/p>\n<ul>\n<li>UP28F<\/li>\n<li>UC128-OBF\/2<\/li>\n<li>2 Liter Ultraflex Hydraulik\u00f6l<\/li>\n<\/ul>\n<p>Durchf\u00fchrungen sind vorhanden, um die beiden Hydraulikschl\u00e4uche durch das Heck zu f\u00fchren. Bitte beachten Sie, dass Sie ein separates Hydraulikschlauchkit mit Anschl\u00fcssen erwerben m\u00fcssen, um die Installation abzuschlie\u00dfen.<\/p>\n","protected":false},"excerpt":{"rendered":"<p>Hydrauliklenkung Ultraflex Nautech 2 &#8211; Nautech2 Steuerkit f\u00fcr Au\u00dfenbordmotoren: Kompatibel mit: Evinrude 2-Takt-Motoren von 75 bis 300 PS Yamaha 2-Takt-Motoren<\/p>\n","protected":false},"featured_media":5945808,"comment_status":"open","ping_status":"closed","template":"","meta":[],"product_brand":[3500],"product_cat":[1536],"product_tag":[],"class_list":{"0":"post-737276","1":"product","2":"type-product","3":"status-publish","4":"has-post-thumbnail","6":"product_brand-ultraflex-uflex-de","7":"product_cat-hydraulische-lenkung","9":"first","10":"instock","11":"shipping-taxable","12":"purchasable","13":"product-type-simple"},"_links":{"self":[{"href":"https:\/\/stoic-curie.212-227-153-4.plesk.page\/de\/wp-json\/wp\/v2\/product\/737276","targetHints":{"allow":["GET"]}}],"collection":[{"href":"https:\/\/stoic-curie.212-227-153-4.plesk.page\/de\/wp-json\/wp\/v2\/product"}],"about":[{"href":"https:\/\/stoic-curie.212-227-153-4.plesk.page\/de\/wp-json\/wp\/v2\/types\/product"}],"replies":[{"embeddable":true,"href":"https:\/\/stoic-curie.212-227-153-4.plesk.page\/de\/wp-json\/wp\/v2\/comments?post=737276"}],"version-history":[{"count":0,"href":"https:\/\/stoic-curie.212-227-153-4.plesk.page\/de\/wp-json\/wp\/v2\/product\/737276\/revisions"}],"wp:featuredmedia":[{"embeddable":true,"href":"https:\/\/stoic-curie.212-227-153-4.plesk.page\/de\/wp-json\/wp\/v2\/media\/5945808"}],"wp:attachment":[{"href":"https:\/\/stoic-curie.212-227-153-4.plesk.page\/de\/wp-json\/wp\/v2\/media?parent=737276"}],"wp:term":[{"taxonomy":"product_brand","embeddable":true,"href":"https:\/\/stoic-curie.212-227-153-4.plesk.page\/de\/wp-json\/wp\/v2\/product_brand?post=737276"},{"taxonomy":"product_cat","embeddable":true,"href":"https:\/\/stoic-curie.212-227-153-4.plesk.page\/de\/wp-json\/wp\/v2\/product_cat?post=737276"},{"taxonomy":"product_tag","embeddable":true,"href":"https:\/\/stoic-curie.212-227-153-4.plesk.page\/de\/wp-json\/wp\/v2\/product_tag?post=737276"}],"curies":[{"name":"wp","href":"https:\/\/api.w.org\/{rel}","templated":true}]}}