{"id":737281,"date":"2025-03-03T16:35:52","date_gmt":"2025-03-03T15:35:52","guid":{"rendered":"https:\/\/stoic-curie.212-227-153-4.plesk.page\/producto\/kit-zwei-hydraulikschlaeuche-ultraflex-silversteer-7-m\/"},"modified":"2026-02-24T23:35:12","modified_gmt":"2026-02-24T23:35:12","slug":"kit-zwei-hydraulikschlaeuche-ultraflex-silversteer-7-m","status":"publish","type":"product","link":"https:\/\/stoic-curie.212-227-153-4.plesk.page\/de\/product\/kit-zwei-hydraulikschlaeuche-ultraflex-silversteer-7-m\/","title":{"rendered":"Kit Zwei Hydraulikschl\u00e4uche Ultraflex SilverSteer 7 m"},"content":{"rendered":"<p>Kit Zwei Hydraulikschl\u00e4uche Ultraflex SilverSteer 7 m &#8211; <\/p>\n<p>Das KIT OB-SVS von Ultraflex besteht aus zwei flexiblen Hochdruckschl\u00e4uchen, die aus Kevlar gefertigt sind und \u00fcber vorgecrimpte Anschl\u00fcsse sowie Biegerestriktoren verf\u00fcgen. Diese Schl\u00e4uche sind mit allen Ultraflex SilverSteer\u2122 und MasterDrive\u2122 Steuerr\u00e4dern kompatibel, die \u00fcber Druckentlastungsventile mit 1500 psi ausgestattet sind.<\/p>\n<p>Die verf\u00fcgbaren L\u00e4ngen sind wie folgt:<\/p>\n<ul>\n<li>1 m (3,3 ft)<\/li>\n<li>1,5 m (4,9 ft)<\/li>\n<li>2 m (6,6 ft)<\/li>\n<li>2,5 m (8,2 ft)<\/li>\n<li>3 m (9,8 ft)<\/li>\n<li>3,5 m (11,5 ft)<\/li>\n<li>4 m (13,1 ft)<\/li>\n<li>4,5 m (14,8 ft)<\/li>\n<li>5 m (16,4 ft)<\/li>\n<li>5,5 m (18 ft)<\/li>\n<li>6 m (19,7 ft)<\/li>\n<li>6,5 m (21,3 ft)<\/li>\n<li>7 m (22,9 ft)<\/li>\n<li>7,5 m (24,6 ft)<\/li>\n<li>8 m (26,3 ft)<\/li>\n<\/ul>\n<p>Diese Ultraflex Silversteer Hydraulik-Kevlar-Lenkungsschlauchbaugruppe wurde sorgf\u00e4ltig f\u00fcr Hochleistungs-Marine-Steuerungssysteme entwickelt. Ihre Kevlar-Konstruktion gew\u00e4hrleistet au\u00dfergew\u00f6hnliche Festigkeit und Langlebigkeit, sodass sie hohen Dr\u00fccken standh\u00e4lt und verschlei\u00dffest ist. Der Schlauch ist vormontiert, um die Installation zu erleichtern, und wurde entwickelt, um in anspruchsvollen marinen Umgebungen \u00fcber viele Jahre hinweg zuverl\u00e4ssige Leistungen zu erbringen.<\/p>\n","protected":false},"excerpt":{"rendered":"<p>Kit Zwei Hydraulikschl\u00e4uche Ultraflex SilverSteer 7 m &#8211; Das KIT OB-SVS von Ultraflex besteht aus zwei flexiblen Hochdruckschl\u00e4uchen, die aus<\/p>\n","protected":false},"featured_media":5944076,"comment_status":"open","ping_status":"closed","template":"","meta":[],"product_brand":[3500],"product_cat":[1536],"product_tag":[],"class_list":{"0":"post-737281","1":"product","2":"type-product","3":"status-publish","4":"has-post-thumbnail","6":"product_brand-ultraflex-uflex-de","7":"product_cat-hydraulische-lenkung","9":"first","10":"instock","11":"shipping-taxable","12":"purchasable","13":"product-type-simple"},"_links":{"self":[{"href":"https:\/\/stoic-curie.212-227-153-4.plesk.page\/de\/wp-json\/wp\/v2\/product\/737281","targetHints":{"allow":["GET"]}}],"collection":[{"href":"https:\/\/stoic-curie.212-227-153-4.plesk.page\/de\/wp-json\/wp\/v2\/product"}],"about":[{"href":"https:\/\/stoic-curie.212-227-153-4.plesk.page\/de\/wp-json\/wp\/v2\/types\/product"}],"replies":[{"embeddable":true,"href":"https:\/\/stoic-curie.212-227-153-4.plesk.page\/de\/wp-json\/wp\/v2\/comments?post=737281"}],"version-history":[{"count":0,"href":"https:\/\/stoic-curie.212-227-153-4.plesk.page\/de\/wp-json\/wp\/v2\/product\/737281\/revisions"}],"wp:featuredmedia":[{"embeddable":true,"href":"https:\/\/stoic-curie.212-227-153-4.plesk.page\/de\/wp-json\/wp\/v2\/media\/5944076"}],"wp:attachment":[{"href":"https:\/\/stoic-curie.212-227-153-4.plesk.page\/de\/wp-json\/wp\/v2\/media?parent=737281"}],"wp:term":[{"taxonomy":"product_brand","embeddable":true,"href":"https:\/\/stoic-curie.212-227-153-4.plesk.page\/de\/wp-json\/wp\/v2\/product_brand?post=737281"},{"taxonomy":"product_cat","embeddable":true,"href":"https:\/\/stoic-curie.212-227-153-4.plesk.page\/de\/wp-json\/wp\/v2\/product_cat?post=737281"},{"taxonomy":"product_tag","embeddable":true,"href":"https:\/\/stoic-curie.212-227-153-4.plesk.page\/de\/wp-json\/wp\/v2\/product_tag?post=737281"}],"curies":[{"name":"wp","href":"https:\/\/api.w.org\/{rel}","templated":true}]}}