{"id":737282,"date":"2025-03-03T16:35:52","date_gmt":"2025-03-03T15:35:52","guid":{"rendered":"https:\/\/stoic-curie.212-227-153-4.plesk.page\/producto\/kit-zwei-hydraulikschlaeuche-ultraflex-silversteer-75-m\/"},"modified":"2026-02-24T23:35:12","modified_gmt":"2026-02-24T23:35:12","slug":"kit-zwei-hydraulikschlaeuche-ultraflex-silversteer-75-m","status":"publish","type":"product","link":"https:\/\/stoic-curie.212-227-153-4.plesk.page\/de\/product\/kit-zwei-hydraulikschlaeuche-ultraflex-silversteer-75-m\/","title":{"rendered":"Kit Zwei Hydraulikschl\u00e4uche Ultraflex SilverSteer 7,5 m"},"content":{"rendered":"<p>Kit Zwei Hydraulikschl\u00e4uche Ultraflex SilverSteer 7,5 m &#8211; <\/p>\n<p style=\"color: rgb(34, 34, 34); font-family: Arial, Helvetica, sans-serif; font-size: small;\">Das KIT OB-SVS von Ultraflex verf\u00fcgt \u00fcber zwei hochdruckbest\u00e4ndige flexible Schl\u00e4uche aus Kevlar, die mit vorgeschlagenen Anschl\u00fcssen und Biegerestriktoren ausgestattet sind. Diese Schl\u00e4uche sind f\u00fcr alle Ultraflex SilverSteer\u2122 und MasterDrive\u2122 Steuerr\u00e4der mit 1500 psi Sicherheitsventilen geeignet.<\/p>\n<p style=\"color: rgb(34, 34, 34); font-family: Arial, Helvetica, sans-serif; font-size: small;\">Erh\u00e4ltliche L\u00e4ngen sind:<\/p>\n<ul style=\"color: rgb(34, 34, 34); font-family: Arial, Helvetica, sans-serif; font-size: small;\">\n<li>1 m (3,3 ft)<\/li>\n<li>1,5 m (4,9 ft)<\/li>\n<li>2 m (6,6 ft)<\/li>\n<li>2,5 m (8,2 ft)<\/li>\n<li>3 m (9,8 ft)<\/li>\n<li>3,5 m (11,5 ft)<\/li>\n<li>4 m (13,1 ft)<\/li>\n<li>4,5 m (14,8 ft)<\/li>\n<li>5 m (16,4 ft)<\/li>\n<li>5,5 m (18 ft)<\/li>\n<li>6 m (19,7 ft)<\/li>\n<li>6,5 m (21,3 ft)<\/li>\n<li>7 m (22,9 ft)<\/li>\n<li>7,5 m (24,6 ft)<\/li>\n<li>8 m (26,3 ft)<\/li>\n<\/ul>\n<p style=\"color: rgb(34, 34, 34); font-family: Arial, Helvetica, sans-serif; font-size: small;\">Diese Ultraflex Silversteer hydraulische Kevlar-Steuerschlauchbaugruppe ist f\u00fcr Hochleistungs-Marine-Steuerungssysteme konzipiert. Ihre Kevlar-Konstruktion bietet au\u00dfergew\u00f6hnliche St\u00e4rke und Haltbarkeit, sodass sie hohen Dr\u00fccken standhalten und Abnutzung widerstehen kann. Der Schlauch wird vormontiert geliefert, um die Installation zu erleichtern und ist darauf ausgelegt, \u00fcber viele Jahre hinweg zuverl\u00e4ssige Leistung in anspruchsvollen marinen Umgebungen zu gew\u00e4hrleisten.<\/p>\n","protected":false},"excerpt":{"rendered":"<p>Kit Zwei Hydraulikschl\u00e4uche Ultraflex SilverSteer 7,5 m &#8211; Das KIT OB-SVS von Ultraflex verf\u00fcgt \u00fcber zwei hochdruckbest\u00e4ndige flexible Schl\u00e4uche aus<\/p>\n","protected":false},"featured_media":5944076,"comment_status":"open","ping_status":"closed","template":"","meta":[],"product_brand":[3500],"product_cat":[1536],"product_tag":[],"class_list":{"0":"post-737282","1":"product","2":"type-product","3":"status-publish","4":"has-post-thumbnail","6":"product_brand-ultraflex-uflex-de","7":"product_cat-hydraulische-lenkung","9":"first","10":"instock","11":"shipping-taxable","12":"purchasable","13":"product-type-simple"},"_links":{"self":[{"href":"https:\/\/stoic-curie.212-227-153-4.plesk.page\/de\/wp-json\/wp\/v2\/product\/737282","targetHints":{"allow":["GET"]}}],"collection":[{"href":"https:\/\/stoic-curie.212-227-153-4.plesk.page\/de\/wp-json\/wp\/v2\/product"}],"about":[{"href":"https:\/\/stoic-curie.212-227-153-4.plesk.page\/de\/wp-json\/wp\/v2\/types\/product"}],"replies":[{"embeddable":true,"href":"https:\/\/stoic-curie.212-227-153-4.plesk.page\/de\/wp-json\/wp\/v2\/comments?post=737282"}],"version-history":[{"count":0,"href":"https:\/\/stoic-curie.212-227-153-4.plesk.page\/de\/wp-json\/wp\/v2\/product\/737282\/revisions"}],"wp:featuredmedia":[{"embeddable":true,"href":"https:\/\/stoic-curie.212-227-153-4.plesk.page\/de\/wp-json\/wp\/v2\/media\/5944076"}],"wp:attachment":[{"href":"https:\/\/stoic-curie.212-227-153-4.plesk.page\/de\/wp-json\/wp\/v2\/media?parent=737282"}],"wp:term":[{"taxonomy":"product_brand","embeddable":true,"href":"https:\/\/stoic-curie.212-227-153-4.plesk.page\/de\/wp-json\/wp\/v2\/product_brand?post=737282"},{"taxonomy":"product_cat","embeddable":true,"href":"https:\/\/stoic-curie.212-227-153-4.plesk.page\/de\/wp-json\/wp\/v2\/product_cat?post=737282"},{"taxonomy":"product_tag","embeddable":true,"href":"https:\/\/stoic-curie.212-227-153-4.plesk.page\/de\/wp-json\/wp\/v2\/product_tag?post=737282"}],"curies":[{"name":"wp","href":"https:\/\/api.w.org\/{rel}","templated":true}]}}