{"id":737285,"date":"2025-03-03T16:35:53","date_gmt":"2025-03-03T15:35:53","guid":{"rendered":"https:\/\/stoic-curie.212-227-153-4.plesk.page\/producto\/hydraulikzylinder-ultraflex-uc215-i\/"},"modified":"2026-02-24T23:35:12","modified_gmt":"2026-02-24T23:35:12","slug":"hydraulikzylinder-ultraflex-uc215-i","status":"publish","type":"product","link":"https:\/\/stoic-curie.212-227-153-4.plesk.page\/de\/product\/hydraulikzylinder-ultraflex-uc215-i\/","title":{"rendered":"Hydraulikzylinder Ultraflex UC215-I"},"content":{"rendered":"<p>Hydraulikzylinder Ultraflex UC215-I &#8211; <\/p>\n<p>Ultraflex hydraulisches Steuersystem mit Tillerarm-Kugelgelenkkopf f\u00fcr Boote bis zu 12 Metern. Bestehend aus separat erh\u00e4ltlichen Teilen: 1 St\u00fcck &#8211; UC215 Zylinder mit maximalem Drehmoment von 111 Kgm 1 St\u00fcck &#8211; UP28F Helm-Pumpe mit NR-Ventil (7,6 Lenkradumdrehungen von Anschlag zu Anschlag mit UC215 Zylinder) 1 St\u00fcck &#8211; UP33F Helm-Pumpe mit NR-Ventil (6,5 Lenkradumdrehungen von Anschlag zu Anschlag mit UC215 Zylinder) 1 St\u00fcck &#8211; UP39F Helm-Pumpe mit NR-Ventil (5,5 Lenkradumdrehungen von Anschlag zu Anschlag mit UC215 Zylinder) 2 St\u00fcck &#8211; Anschl\u00fcsse f\u00fcr 5\/16 Schlauch 2 Lt &#8211; Hydraulik\u00f6l 5\/16 Hydraulikschlauch pro Packung <\/p>\n","protected":false},"excerpt":{"rendered":"<p>Hydraulikzylinder Ultraflex UC215-I &#8211; Ultraflex hydraulisches Steuersystem mit Tillerarm-Kugelgelenkkopf f\u00fcr Boote bis zu 12 Metern. Bestehend aus separat erh\u00e4ltlichen Teilen:<\/p>\n","protected":false},"featured_media":5945819,"comment_status":"open","ping_status":"closed","template":"","meta":[],"product_brand":[3500],"product_cat":[1536],"product_tag":[],"class_list":{"0":"post-737285","1":"product","2":"type-product","3":"status-publish","4":"has-post-thumbnail","6":"product_brand-ultraflex-uflex-de","7":"product_cat-hydraulische-lenkung","9":"first","10":"instock","11":"shipping-taxable","12":"purchasable","13":"product-type-simple"},"_links":{"self":[{"href":"https:\/\/stoic-curie.212-227-153-4.plesk.page\/de\/wp-json\/wp\/v2\/product\/737285","targetHints":{"allow":["GET"]}}],"collection":[{"href":"https:\/\/stoic-curie.212-227-153-4.plesk.page\/de\/wp-json\/wp\/v2\/product"}],"about":[{"href":"https:\/\/stoic-curie.212-227-153-4.plesk.page\/de\/wp-json\/wp\/v2\/types\/product"}],"replies":[{"embeddable":true,"href":"https:\/\/stoic-curie.212-227-153-4.plesk.page\/de\/wp-json\/wp\/v2\/comments?post=737285"}],"version-history":[{"count":0,"href":"https:\/\/stoic-curie.212-227-153-4.plesk.page\/de\/wp-json\/wp\/v2\/product\/737285\/revisions"}],"wp:featuredmedia":[{"embeddable":true,"href":"https:\/\/stoic-curie.212-227-153-4.plesk.page\/de\/wp-json\/wp\/v2\/media\/5945819"}],"wp:attachment":[{"href":"https:\/\/stoic-curie.212-227-153-4.plesk.page\/de\/wp-json\/wp\/v2\/media?parent=737285"}],"wp:term":[{"taxonomy":"product_brand","embeddable":true,"href":"https:\/\/stoic-curie.212-227-153-4.plesk.page\/de\/wp-json\/wp\/v2\/product_brand?post=737285"},{"taxonomy":"product_cat","embeddable":true,"href":"https:\/\/stoic-curie.212-227-153-4.plesk.page\/de\/wp-json\/wp\/v2\/product_cat?post=737285"},{"taxonomy":"product_tag","embeddable":true,"href":"https:\/\/stoic-curie.212-227-153-4.plesk.page\/de\/wp-json\/wp\/v2\/product_tag?post=737285"}],"curies":[{"name":"wp","href":"https:\/\/api.w.org\/{rel}","templated":true}]}}