{"id":737286,"date":"2025-03-03T16:35:54","date_gmt":"2025-03-03T15:35:54","guid":{"rendered":"https:\/\/stoic-curie.212-227-153-4.plesk.page\/producto\/hydraulikpumpe-vetus-htp4210r\/"},"modified":"2026-02-24T23:35:12","modified_gmt":"2026-02-24T23:35:12","slug":"hydraulikpumpe-vetus-htp4210r","status":"publish","type":"product","link":"https:\/\/stoic-curie.212-227-153-4.plesk.page\/de\/product\/hydraulikpumpe-vetus-htp4210r\/","title":{"rendered":"Hydraulikpumpe Vetus HTP4210R"},"content":{"rendered":"<p>Hydraulikpumpe Vetus HTP4210R &#8211; <\/p>\n<p style=\"color: rgb(34, 34, 34); font-family: Arial, Helvetica, sans-serif; font-size: small;\">Wir pr\u00e4sentieren die Vetus HTP4210R, eine neu gestaltete kompakte hydraulische Steuerungspumpe, die f\u00fcr die Kompatibilit\u00e4t mit den Vetus-Zylindern MTC52 &#8211; 175 entwickelt wurde. Diese Pumpe verf\u00fcgt \u00fcber ein einfaches Montagesystem mit vier Schrauben auf der R\u00fcckseite und bietet eine industrystandardisierte 3\/4&#8243;-Kegelschaft.<\/p>\n<p style=\"color: rgb(34, 34, 34); font-family: Arial, Helvetica, sans-serif; font-size: small;\">Sie kann in jedem Winkel installiert und genutzt werden, ob horizontal oder vertikal.<\/p>\n<p style=\"color: rgb(34, 34, 34); font-family: Arial, Helvetica, sans-serif; font-size: small;\">Besondere Merkmale sind ein integriertes R\u00fcckschlagventil sowie ein Druckentlastungsventil.<\/p>\n<p style=\"color: rgb(34, 34, 34); font-family: Arial, Helvetica, sans-serif; font-size: small;\">Die Vetus HTP-Pumpen sind ausgestattet mit:<\/p>\n<ul style=\"color: rgb(34, 34, 34); font-family: Arial, Helvetica, sans-serif; font-size: small;\">\n<li>Eine wei\u00dfe Oberfl\u00e4che (RAL9002)<\/li>\n<li>10mm Druckanschl\u00fcsse f\u00fcr Druckleitungen und einen Ausgleichsleiter<\/li>\n<li>Montagestifte, Schrauben und Unterlegscheiben<\/li>\n<li>Ein bel\u00fcfteter F\u00fcllstopfen und ein nicht bel\u00fcfteter F\u00fcllstopfen<\/li>\n<\/ul>\n<p style=\"color: rgb(34, 34, 34); font-family: Arial, Helvetica, sans-serif; font-size: small;\"><strong>Technische Spezifikationen:<\/strong><\/p>\n<ul style=\"color: rgb(34, 34, 34); font-family: Arial, Helvetica, sans-serif; font-size: small;\">\n<li>Kapazit\u00e4t: 42,0 cm\u00b3\/Umdrehung<\/li>\n<li>Anzahl der Kolben: 7<\/li>\n<li>Gewicht: 4,1 kg<\/li>\n<\/ul>\n","protected":false},"excerpt":{"rendered":"<p>Hydraulikpumpe Vetus HTP4210R &#8211; Wir pr\u00e4sentieren die Vetus HTP4210R, eine neu gestaltete kompakte hydraulische Steuerungspumpe, die f\u00fcr die Kompatibilit\u00e4t mit<\/p>\n","protected":false},"featured_media":5945825,"comment_status":"open","ping_status":"closed","template":"","meta":[],"product_brand":[3520],"product_cat":[1536],"product_tag":[],"class_list":{"0":"post-737286","1":"product","2":"type-product","3":"status-publish","4":"has-post-thumbnail","6":"product_brand-vetus-de","7":"product_cat-hydraulische-lenkung","9":"first","10":"instock","11":"shipping-taxable","12":"purchasable","13":"product-type-simple"},"_links":{"self":[{"href":"https:\/\/stoic-curie.212-227-153-4.plesk.page\/de\/wp-json\/wp\/v2\/product\/737286","targetHints":{"allow":["GET"]}}],"collection":[{"href":"https:\/\/stoic-curie.212-227-153-4.plesk.page\/de\/wp-json\/wp\/v2\/product"}],"about":[{"href":"https:\/\/stoic-curie.212-227-153-4.plesk.page\/de\/wp-json\/wp\/v2\/types\/product"}],"replies":[{"embeddable":true,"href":"https:\/\/stoic-curie.212-227-153-4.plesk.page\/de\/wp-json\/wp\/v2\/comments?post=737286"}],"version-history":[{"count":0,"href":"https:\/\/stoic-curie.212-227-153-4.plesk.page\/de\/wp-json\/wp\/v2\/product\/737286\/revisions"}],"wp:featuredmedia":[{"embeddable":true,"href":"https:\/\/stoic-curie.212-227-153-4.plesk.page\/de\/wp-json\/wp\/v2\/media\/5945825"}],"wp:attachment":[{"href":"https:\/\/stoic-curie.212-227-153-4.plesk.page\/de\/wp-json\/wp\/v2\/media?parent=737286"}],"wp:term":[{"taxonomy":"product_brand","embeddable":true,"href":"https:\/\/stoic-curie.212-227-153-4.plesk.page\/de\/wp-json\/wp\/v2\/product_brand?post=737286"},{"taxonomy":"product_cat","embeddable":true,"href":"https:\/\/stoic-curie.212-227-153-4.plesk.page\/de\/wp-json\/wp\/v2\/product_cat?post=737286"},{"taxonomy":"product_tag","embeddable":true,"href":"https:\/\/stoic-curie.212-227-153-4.plesk.page\/de\/wp-json\/wp\/v2\/product_tag?post=737286"}],"curies":[{"name":"wp","href":"https:\/\/api.w.org\/{rel}","templated":true}]}}