{"id":737288,"date":"2025-03-03T16:35:54","date_gmt":"2025-03-03T15:35:54","guid":{"rendered":"https:\/\/stoic-curie.212-227-153-4.plesk.page\/producto\/rueckschlagventil-fuer-vetus-mt230-mt600\/"},"modified":"2026-02-24T23:35:12","modified_gmt":"2026-02-24T23:35:12","slug":"rueckschlagventil-fuer-vetus-mt230-mt600","status":"publish","type":"product","link":"https:\/\/stoic-curie.212-227-153-4.plesk.page\/de\/product\/rueckschlagventil-fuer-vetus-mt230-mt600\/","title":{"rendered":"R\u00fcckschlagventil Vetus HS74B"},"content":{"rendered":"<p>R\u00fcckschlagventil Vetus HS74B &#8211; <\/p>\n<p>Wir stellen das Vetus R\u00fcckschlagventil vor, das speziell f\u00fcr professionelle hydraulische Steuersysteme entwickelt wurde. Dieses doppelte R\u00fcckschlagventil ist entscheidend f\u00fcr den Wechsel von einer einzelnen Steuerposition zu einem dualen Setup oder f\u00fcr die Installation eines internen automatischen Piloten. Es beinhaltet ein einzelnes R\u00fcckschlagventil (G1\/2) mit einem Bypassventil und Rohranschl\u00fcssen mit einem Durchmesser von \u00d8 18 mm.<\/p>\n<p>Dank seiner Gewindeanschl\u00fcsse integriert sich dieses Ventil nahtlos in Ihr hydraulisches Steuersystem. Der Bypasshahn ist g\u00fcnstig platziert, um einen einfachen Zugang vom Steuerstand aus zu gew\u00e4hrleisten und sorgt so f\u00fcr ein benutzerfreundliches Erlebnis.<\/p>\n","protected":false},"excerpt":{"rendered":"<p>R\u00fcckschlagventil Vetus HS74B &#8211; Wir stellen das Vetus R\u00fcckschlagventil vor, das speziell f\u00fcr professionelle hydraulische Steuersysteme entwickelt wurde. Dieses doppelte<\/p>\n","protected":false},"featured_media":5945832,"comment_status":"open","ping_status":"closed","template":"","meta":[],"product_brand":[3520],"product_cat":[1536],"product_tag":[],"class_list":{"0":"post-737288","1":"product","2":"type-product","3":"status-publish","4":"has-post-thumbnail","6":"product_brand-vetus-de","7":"product_cat-hydraulische-lenkung","9":"first","10":"instock","11":"shipping-taxable","12":"purchasable","13":"product-type-simple"},"_links":{"self":[{"href":"https:\/\/stoic-curie.212-227-153-4.plesk.page\/de\/wp-json\/wp\/v2\/product\/737288","targetHints":{"allow":["GET"]}}],"collection":[{"href":"https:\/\/stoic-curie.212-227-153-4.plesk.page\/de\/wp-json\/wp\/v2\/product"}],"about":[{"href":"https:\/\/stoic-curie.212-227-153-4.plesk.page\/de\/wp-json\/wp\/v2\/types\/product"}],"replies":[{"embeddable":true,"href":"https:\/\/stoic-curie.212-227-153-4.plesk.page\/de\/wp-json\/wp\/v2\/comments?post=737288"}],"version-history":[{"count":0,"href":"https:\/\/stoic-curie.212-227-153-4.plesk.page\/de\/wp-json\/wp\/v2\/product\/737288\/revisions"}],"wp:featuredmedia":[{"embeddable":true,"href":"https:\/\/stoic-curie.212-227-153-4.plesk.page\/de\/wp-json\/wp\/v2\/media\/5945832"}],"wp:attachment":[{"href":"https:\/\/stoic-curie.212-227-153-4.plesk.page\/de\/wp-json\/wp\/v2\/media?parent=737288"}],"wp:term":[{"taxonomy":"product_brand","embeddable":true,"href":"https:\/\/stoic-curie.212-227-153-4.plesk.page\/de\/wp-json\/wp\/v2\/product_brand?post=737288"},{"taxonomy":"product_cat","embeddable":true,"href":"https:\/\/stoic-curie.212-227-153-4.plesk.page\/de\/wp-json\/wp\/v2\/product_cat?post=737288"},{"taxonomy":"product_tag","embeddable":true,"href":"https:\/\/stoic-curie.212-227-153-4.plesk.page\/de\/wp-json\/wp\/v2\/product_tag?post=737288"}],"curies":[{"name":"wp","href":"https:\/\/api.w.org\/{rel}","templated":true}]}}