{"id":737290,"date":"2025-03-03T16:35:55","date_gmt":"2025-03-03T15:35:55","guid":{"rendered":"https:\/\/stoic-curie.212-227-153-4.plesk.page\/producto\/weisser-morsesteuerhebel-ultraflex-b110\/"},"modified":"2026-02-24T23:35:12","modified_gmt":"2026-02-24T23:35:12","slug":"weisser-morsesteuerhebel-ultraflex-b110","status":"publish","type":"product","link":"https:\/\/stoic-curie.212-227-153-4.plesk.page\/de\/product\/weisser-morsesteuerhebel-ultraflex-b110\/","title":{"rendered":"Wei\u00dfer Morsesteuerhebel Ultraflex B110"},"content":{"rendered":"<p>Wei\u00dfer Morsesteuerhebel Ultraflex B110 &#8211; <\/p>\n<p>Doppelte Seitenmontage mit einer einzigen Steuerung f\u00fcr Drossel- und Schaltkontrolle von Innenbord-, Au\u00dfenbord- und Heckantriebsmaschinen. Verwendet C2 \/ C8 \/ MACHZero Steuerkabel. C5\/MACH5-Kabel k\u00f6nnen mit dem K74-Kit (4620040) angeschlossen werden. C36-Kabel k\u00f6nnen mit dem K75-Kit (4620041) verbunden werden. C14\/MACH14-Kabel k\u00f6nnen mit dem K76-Kit (4620042) verbunden werden. Mit dem optionalen Sicherheitsschalter X41 (4620141) kann der Motor nur bei disengagtem Getriebe gestartet werden. Ausgestattet mit einer positiven Sperre in Neutralstellung, um versehentliches Einlegen des Gangs zu verhindern.<\/p>\n","protected":false},"excerpt":{"rendered":"<p>Wei\u00dfer Morsesteuerhebel Ultraflex B110 &#8211; Doppelte Seitenmontage mit einer einzigen Steuerung f\u00fcr Drossel- und Schaltkontrolle von Innenbord-, Au\u00dfenbord- und Heckantriebsmaschinen.<\/p>\n","protected":false},"featured_media":5945833,"comment_status":"open","ping_status":"closed","template":"","meta":[],"product_brand":[3500],"product_cat":[1504],"product_tag":[],"class_list":{"0":"post-737290","1":"product","2":"type-product","3":"status-publish","4":"has-post-thumbnail","6":"product_brand-ultraflex-uflex-de","7":"product_cat-morse-hebelsteuerungen","9":"first","10":"instock","11":"shipping-taxable","12":"purchasable","13":"product-type-simple"},"_links":{"self":[{"href":"https:\/\/stoic-curie.212-227-153-4.plesk.page\/de\/wp-json\/wp\/v2\/product\/737290","targetHints":{"allow":["GET"]}}],"collection":[{"href":"https:\/\/stoic-curie.212-227-153-4.plesk.page\/de\/wp-json\/wp\/v2\/product"}],"about":[{"href":"https:\/\/stoic-curie.212-227-153-4.plesk.page\/de\/wp-json\/wp\/v2\/types\/product"}],"replies":[{"embeddable":true,"href":"https:\/\/stoic-curie.212-227-153-4.plesk.page\/de\/wp-json\/wp\/v2\/comments?post=737290"}],"version-history":[{"count":0,"href":"https:\/\/stoic-curie.212-227-153-4.plesk.page\/de\/wp-json\/wp\/v2\/product\/737290\/revisions"}],"wp:featuredmedia":[{"embeddable":true,"href":"https:\/\/stoic-curie.212-227-153-4.plesk.page\/de\/wp-json\/wp\/v2\/media\/5945833"}],"wp:attachment":[{"href":"https:\/\/stoic-curie.212-227-153-4.plesk.page\/de\/wp-json\/wp\/v2\/media?parent=737290"}],"wp:term":[{"taxonomy":"product_brand","embeddable":true,"href":"https:\/\/stoic-curie.212-227-153-4.plesk.page\/de\/wp-json\/wp\/v2\/product_brand?post=737290"},{"taxonomy":"product_cat","embeddable":true,"href":"https:\/\/stoic-curie.212-227-153-4.plesk.page\/de\/wp-json\/wp\/v2\/product_cat?post=737290"},{"taxonomy":"product_tag","embeddable":true,"href":"https:\/\/stoic-curie.212-227-153-4.plesk.page\/de\/wp-json\/wp\/v2\/product_tag?post=737290"}],"curies":[{"name":"wp","href":"https:\/\/api.w.org\/{rel}","templated":true}]}}