{"id":737294,"date":"2025-03-03T16:35:56","date_gmt":"2025-03-03T15:35:56","guid":{"rendered":"https:\/\/stoic-curie.212-227-153-4.plesk.page\/producto\/ultraflex-b501-verchromt-mit-trim\/"},"modified":"2026-02-24T23:35:12","modified_gmt":"2026-02-24T23:35:12","slug":"ultraflex-b501-verchromt-mit-trim","status":"publish","type":"product","link":"https:\/\/stoic-curie.212-227-153-4.plesk.page\/de\/product\/ultraflex-b501-verchromt-mit-trim\/","title":{"rendered":"Ultraflex B501 verchromt mit Trim"},"content":{"rendered":"<p>Ultraflex B501 verchromt mit Trim &#8211; <\/p>\n<p style=\"color: rgb(34, 34, 34); font-family: Arial, Helvetica, sans-serif; font-size: small;\">Der Ultraflex B501 Einhebel-Throttle-Control erm\u00f6glicht eine sanfte und pr\u00e4zise Steuerung von Gas- und R\u00fcckw\u00e4rtsfunktionen. Dieser oben montierte Hebel verf\u00fcgt \u00fcber einen doppelwirkenden Mechanismus, der ihn ideal f\u00fcr die Fernsteuerung in sowohl Ein- als auch Zwillingsmotor-Konfigurationen macht. Sie k\u00f6nnen zwischen schwarzen oder verchromten Oberfl\u00e4chen w\u00e4hlen und die Trim-Funktionalit\u00e4t sowie die Neutralverriegelung integrieren, um verschiedene Boots-Setups zu unterst\u00fctzen.<\/p>\n<p style=\"color: rgb(34, 34, 34); font-family: Arial, Helvetica, sans-serif; font-size: small;\">F\u00fcr Installationen mit zwei Motoren erm\u00f6glicht der B501 die Bedienung beider Hebel mit nur einem Knopf. Er ist mit allen Ultraflex-Antriebskabeln kompatibel, und wir stellen einen Satz von Adaptern f\u00fcr die meisten Kabeltypen zur Verf\u00fcgung. Ein Sicherheitsschalter gew\u00e4hrleistet, dass der Motor nur im Leerlauf gestartet werden kann, was die Sicherheit erh\u00f6ht.<\/p>\n<p style=\"color: rgb(34, 34, 34); font-family: Arial, Helvetica, sans-serif; font-size: small;\"><strong>Hauptmerkmale:<\/strong><\/p>\n<ul style=\"color: rgb(34, 34, 34); font-family: Arial, Helvetica, sans-serif; font-size: small;\">\n<li>Einarmiges, doppelwirkendes Design f\u00fcr die Steuerung von Gas und R\u00fcckw\u00e4rtsgang<\/li>\n<li>Verf\u00fcgbar mit oder ohne Trim-Funktion<\/li>\n<li>Neutralverriegelung f\u00fcr erh\u00f6hte Sicherheit<\/li>\n<li>Kompatibel mit allen Ultraflex-Antriebskabeln<\/li>\n<li>Ein Knopf steuert beide Hebel in Zwillingsmotor-Setups<\/li>\n<li>Sicherheitsschalter (45.012.00) verhindert den Motorstart, wenn er nicht im Leerlauf ist<\/li>\n<\/ul>\n<p style=\"color: rgb(34, 34, 34); font-family: Arial, Helvetica, sans-serif; font-size: small;\"><strong>Verf\u00fcgbare Modelle und Variationen:<\/strong><\/p>\n<ul style=\"color: rgb(34, 34, 34); font-family: Arial, Helvetica, sans-serif; font-size: small;\">\n<li>Schwarz &#8211; Mit Trim &#8211; Mit Neutralverriegelung: B501BT\/L<\/li>\n<li>Chrom &#8211; Mit Trim &#8211; Mit Neutralverriegelung: B501CHT\/L<\/li>\n<\/ul>\n<p style=\"color: rgb(34, 34, 34); font-family: Arial, Helvetica, sans-serif; font-size: small;\"><strong>Kabelkompatibilit\u00e4t:<\/strong><\/p>\n<ul style=\"color: rgb(34, 34, 34); font-family: Arial, Helvetica, sans-serif; font-size: small;\">\n<li>C14-Kabel: Kein Adapter erforderlich<\/li>\n<li>C2, C8, MACH0-Kabel: Adapter K59 enthalten<\/li>\n<li>C5, C16, MACH5-Kabel: Ben\u00f6tigt K60-Adapter<\/li>\n<li>C36, MACH36-Kabel: Ben\u00f6tigt K62-Adapter<\/li>\n<\/ul>\n<p style=\"color: rgb(34, 34, 34); font-family: Arial, Helvetica, sans-serif; font-size: small;\">Diese Steuerungen sind auf Effizienz ausgelegt, verbessern die Leistung von Steuersystemen und erleichtern den Betrieb des Bootes. Die Einhebel-\/Doppelfunktionssteuerung erm\u00f6glicht nahtlose Gas- und Gangwechsel, was sie f\u00fcr jedes Boot mit einem Innenbordmotor geeignet macht. Sie verhindert auch ungewolltes Einlegen, sodass ein sicheres Schalten w\u00e4hrend des Leerlaufs gew\u00e4hrleistet ist.<\/p>\n<p style=\"color: rgb(34, 34, 34); font-family: Arial, Helvetica, sans-serif; font-size: small;\"><strong>Zus\u00e4tzliche Funktionen:<\/strong><\/p>\n<ul style=\"color: rgb(34, 34, 34); font-family: Arial, Helvetica, sans-serif; font-size: small;\">\n<li>Das Geh\u00e4use besteht aus hochbelastbarem ABS, mit druckgegossenen Hebeln in zwei Stilen:\n<ul>\n<li>Verchromtes Geh\u00e4use und Hebel<\/li>\n<li>Gunmetal-Geh\u00e4use und -Hebel<\/li>\n<\/ul>\n<\/li>\n<li>Knopfdruck zur Trennung f\u00fcr das Aufw\u00e4rmen des Motors<\/li>\n<li>Optionaler X12 \u2013 34543Q Neutral-Sicherheitsschalter verhindert das Starten im Gang<\/li>\n<li>\u00dcberschreitet die EN ISO 11547 Standards, wenn der X12 Sicherheitsschalter installiert ist<\/li>\n<li>Kompatibel mit allen Ultraflex Steuerkabeln:\n<ul>\n<li>C14 und MACH14 Kabel ben\u00f6tigen kein Kit<\/li>\n<li>C2, C8, und MACHZero Kabel enthalten Verbindungskit K59 \u2013 40144C<\/li>\n<li>C5, C16, und MACH5 Kabel ben\u00f6tigen K60 Kit \u2013 40145E<\/li>\n<li>C36 und MACH36 Kabel ben\u00f6tigen K62 Kit \u2013 40157J<\/li>\n<li>C22 Kabel ben\u00f6tigt K61 Kit \u2013 40146G<\/li>\n<\/ul>\n<\/li>\n<\/ul>\n","protected":false},"excerpt":{"rendered":"<p>Ultraflex B501 verchromt mit Trim &#8211; Der Ultraflex B501 Einhebel-Throttle-Control erm\u00f6glicht eine sanfte und pr\u00e4zise Steuerung von Gas- und R\u00fcckw\u00e4rtsfunktionen.<\/p>\n","protected":false},"featured_media":5941900,"comment_status":"open","ping_status":"closed","template":"","meta":[],"product_brand":[3500],"product_cat":[1504],"product_tag":[],"class_list":{"0":"post-737294","1":"product","2":"type-product","3":"status-publish","4":"has-post-thumbnail","6":"product_brand-ultraflex-uflex-de","7":"product_cat-morse-hebelsteuerungen","9":"first","10":"instock","11":"shipping-taxable","12":"purchasable","13":"product-type-simple"},"_links":{"self":[{"href":"https:\/\/stoic-curie.212-227-153-4.plesk.page\/de\/wp-json\/wp\/v2\/product\/737294","targetHints":{"allow":["GET"]}}],"collection":[{"href":"https:\/\/stoic-curie.212-227-153-4.plesk.page\/de\/wp-json\/wp\/v2\/product"}],"about":[{"href":"https:\/\/stoic-curie.212-227-153-4.plesk.page\/de\/wp-json\/wp\/v2\/types\/product"}],"replies":[{"embeddable":true,"href":"https:\/\/stoic-curie.212-227-153-4.plesk.page\/de\/wp-json\/wp\/v2\/comments?post=737294"}],"version-history":[{"count":0,"href":"https:\/\/stoic-curie.212-227-153-4.plesk.page\/de\/wp-json\/wp\/v2\/product\/737294\/revisions"}],"wp:featuredmedia":[{"embeddable":true,"href":"https:\/\/stoic-curie.212-227-153-4.plesk.page\/de\/wp-json\/wp\/v2\/media\/5941900"}],"wp:attachment":[{"href":"https:\/\/stoic-curie.212-227-153-4.plesk.page\/de\/wp-json\/wp\/v2\/media?parent=737294"}],"wp:term":[{"taxonomy":"product_brand","embeddable":true,"href":"https:\/\/stoic-curie.212-227-153-4.plesk.page\/de\/wp-json\/wp\/v2\/product_brand?post=737294"},{"taxonomy":"product_cat","embeddable":true,"href":"https:\/\/stoic-curie.212-227-153-4.plesk.page\/de\/wp-json\/wp\/v2\/product_cat?post=737294"},{"taxonomy":"product_tag","embeddable":true,"href":"https:\/\/stoic-curie.212-227-153-4.plesk.page\/de\/wp-json\/wp\/v2\/product_tag?post=737294"}],"curies":[{"name":"wp","href":"https:\/\/api.w.org\/{rel}","templated":true}]}}